{"id":4614,"date":"2025-04-21T11:43:09","date_gmt":"2025-04-21T09:43:09","guid":{"rendered":"https:\/\/www.gnredesglp.es\/glp-inicio\/clientes\/inspeccion-periodica\/documentacion\/"},"modified":"2025-04-21T11:44:32","modified_gmt":"2025-04-21T09:44:32","slug":"documentacion","status":"publish","type":"page","link":"https:\/\/www.gnredesglp.es\/gl\/glp-inicio\/clientes\/inspeccion-periodica\/documentacion\/","title":{"rendered":"Documentaci\u00f3n"},"content":{"rendered":"<div class=\"wpb-content-wrapper\"><p>[vc_row][vc_column width=&#8221;1\/4&#8243; css=&#8221;.vc_custom_1568711670435{padding-top: 0px !important;}&#8221;][vc_single_image image=&#8221;2479&#8243; img_size=&#8221;full&#8221; onclick=&#8221;custom_link&#8221; link=&#8221;\/&#8221; el_id=&#8221;logo&#8221; css=&#8221;.vc_custom_1568711664095{padding-right: 0px !important;padding-left: 0px !important;}&#8221;][\/vc_column][vc_column width=&#8221;3\/4&#8243; css=&#8221;.vc_custom_1568711688470{padding-top: 0px !important;}&#8221;][vc_wp_custommenu nav_menu=&#8221;21&#8243; el_class=&#8221;header-menu-glp&#8221;][\/vc_column][\/vc_row][vc_row][vc_column css=&#8221;.vc_custom_1567503699271{padding-top: 20px !important;padding-left: 0px !important;}&#8221;][vc_column_text]<nav aria-label=\"breadcrumbs\">\n            <div class=\"breadcrumb-container theme1\">\n                <ol>\n                    <li><a title=\"Est\u00e1s en\" href=\"#\"><span>Est\u00e1s en<\/span><\/a><span class=\"separator\">\u00bb<\/span><\/li>\n                    <\/ol>\n            <\/div>\n        <\/nav>    <script type=\"application\/ld+json\">\n        {\n            \"@context\": \"http:\/\/schema.org\",\n            \"@type\": \"BreadcrumbList\",\n            \"itemListElement\": [\n                 {\n                            \"@type\": \"ListItem\",\n                            \"position\": 1,\n                            \"item\": {\n                                \"@id\": \"#\",\n                                \"name\": \"Est\u00e1s en\"\n                            }\n                        }\n                                                    ]\n        }\n    <\/script>\n   \n    <script>\n            <\/script>\n[\/vc_column_text][\/vc_column][\/vc_row][vc_row][vc_column][vc_column_text css=&#8221;.vc_custom_1744020757294{margin-bottom: 16.8px !important;padding-top: 10px !important;}&#8221;]<\/p><h1><span style=\"color: #004165; font-size: 24px;\"><strong>Documentaci\u00f3n relacionada coa inspecci\u00f3n peri\u00f3dica<\/strong><\/span><\/h1><p>[\/vc_column_text][\/vc_column][\/vc_row][vc_row][vc_column][vc_empty_space height=&#8221;23px&#8221;][\/vc_column][\/vc_row][vc_row css=&#8221;.vc_custom_1744026321800{margin-bottom: 95px !important;}&#8221;][vc_column css=&#8221;.vc_custom_1679582992663{padding-top: 0px !important;}&#8221;][vc_custom_heading text=&#8221;<strong>Mostr\u00e1mosche todos os tipos de avisos e carteis de Gas Natural Redes GLP que podes atopar no teu fogar:<\/strong>&#8221; font_container=&#8221;tag:h2|font_size:24px|text_align:left|color:%23004065|line_height:120%25&#8243; use_theme_fonts=&#8221;yes&#8221;][vc_row_inner css=&#8221;.vc_custom_1744025945290{margin-top: 30px !important;margin-right: 0px !important;margin-left: 0px !important;padding-top: 20px !important;background-color: #ebf0f3 !important;}&#8221;][vc_column_inner width=&#8221;1\/3&#8243; css=&#8221;.vc_custom_1679582671750{padding-top: 35px !important;padding-right: 40px !important;padding-bottom: 35px !important;padding-left: 40px !important;}&#8221;][vc_single_image image=&#8221;4500&#8243; img_size=&#8221;full&#8221;][vc_column_text css=&#8221;.vc_custom_1744042146172{margin-top: 28px !important;}&#8221; el_class=&#8221;titulo_aviso&#8221;]<strong>Primeiro aviso (3 meses antes)<\/strong>[\/vc_column_text][vc_column_text css=&#8221;.vc_custom_1744024205304{margin-top: 18px !important;}&#8221;]Notificar\u00e9mosche con antelaci\u00f3n a data aproximada da pr\u00f3xima inspecci\u00f3n da t\u00faa instalaci\u00f3n de gas, ademais, d\u00e1mosche a opci\u00f3n de realizala connosco ou cunha empresa instaladora autorizada.<\/p><p style=\"margin-top: 30px;\">Se elixes unha empresa externa, deber\u00e1 enviarnos o certificado antes da data indicada.<\/p><p>[\/vc_column_text][vc_btn title=&#8221;Ver documento&#8221; align=&#8221;left&#8221; link=&#8221;url:https%3A%2F%2Fwww.gnredesglp.es%2Fwp-content%2Fuploads%2F2025%2F04%2FPrimer-aviso-Redes-GLP.pdf|target:_blank|&#8221; el_class=&#8221;boton_descarga&#8221; css=&#8221;.vc_custom_1744025089281{margin-top: 25px !important;padding-top: 0px !important;padding-bottom: 0px !important;}&#8221;][\/vc_column_inner][vc_column_inner width=&#8221;1\/3&#8243; css=&#8221;.vc_custom_1679582702140{padding-top: 35px !important;padding-right: 40px !important;padding-bottom: 35px !important;padding-left: 40px !important;}&#8221;][vc_single_image image=&#8221;4503&#8243; img_size=&#8221;full&#8221; css=&#8221;.vc_custom_1744062344601{padding-top: 1px !important;padding-bottom: 2px !important;}&#8221;][vc_column_text css=&#8221;.vc_custom_1744042211155{margin-top: 28px !important;}&#8221; el_class=&#8221;titulo_aviso&#8221;]<strong>Segundo aviso (15 d\u00edas antes)<\/strong>[\/vc_column_text][vc_column_text css=&#8221;.vc_custom_1744022264340{margin-top: 18px !important;}&#8221;]Se non recibimos o certificado de inspecci\u00f3n da outra empresa, enviar\u00e9mosche un novo aviso coa data e franxa horaria da visita.[\/vc_column_text][vc_btn title=&#8221;Ver documento&#8221; align=&#8221;left&#8221; link=&#8221;url:https%3A%2F%2Fwww.gnredesglp.es%2Fwp-content%2Fuploads%2F2025%2F04%2FSegundo-aviso-Redes-GLP.pdf|target:_blank|&#8221; el_class=&#8221;boton_descarga&#8221; css=&#8221;.vc_custom_1744025138210{margin-top: 25px !important;padding-top: 0px !important;padding-bottom: 0px !important;}&#8221;][\/vc_column_inner][vc_column_inner width=&#8221;1\/3&#8243; css=&#8221;.vc_custom_1706734151206{padding-top: 35px !important;padding-right: 40px !important;padding-bottom: 35px !important;padding-left: 40px !important;}&#8221;][vc_single_image image=&#8221;4506&#8243; img_size=&#8221;full&#8221; css=&#8221;.vc_custom_1744062354114{padding-top: 1px !important;padding-bottom: 2px !important;}&#8221;][vc_column_text css=&#8221;.vc_custom_1744042221451{margin-top: 28px !important;}&#8221; el_class=&#8221;titulo_aviso&#8221;]<strong>Cartel informativo no predio<\/strong>[\/vc_column_text][vc_column_text css=&#8221;.vc_custom_1744022274268{margin-top: 18px !important;}&#8221;]Nos d\u00edas previos \u00e1 inspecci\u00f3n, colocaremos un cartel no predio coa data e o horario da revisi\u00f3n das vivendas nas que se realizar\u00e1 a inspecci\u00f3n, lembr\u00e1mosche, ademais, que debes permitir o acceso \u00e1 t\u00faa vivenda.[\/vc_column_text][vc_btn title=&#8221;Ver documento&#8221; align=&#8221;left&#8221; link=&#8221;url:https%3A%2F%2Fwww.gnredesglp.es%2Fwp-content%2Fuploads%2F2025%2F04%2FCartel-informativo-finca-Redes-GLP.pdf|target:_blank|&#8221; el_class=&#8221;boton_descarga&#8221; css=&#8221;.vc_custom_1744025573983{margin-top: 25px !important;padding-top: 0px !important;padding-bottom: 0px !important;}&#8221;][\/vc_column_inner][\/vc_row_inner][vc_row_inner css=&#8221;.vc_custom_1744025960309{margin-right: 0px !important;margin-left: 0px !important;padding-bottom: 20px !important;background-color: #ebf0f3 !important;}&#8221;][vc_column_inner width=&#8221;1\/3&#8243; css=&#8221;.vc_custom_1679582671750{padding-top: 35px !important;padding-right: 40px !important;padding-bottom: 35px !important;padding-left: 40px !important;}&#8221;][vc_single_image image=&#8221;4529&#8243; img_size=&#8221;full&#8221;][vc_column_text css=&#8221;.vc_custom_1744042240598{margin-top: 28px !important;}&#8221; el_class=&#8221;titulo_aviso&#8221;]<strong>Tarxeta de ausencia na inspecci\u00f3n peri\u00f3dica<\/strong>[\/vc_column_text][vc_column_text css=&#8221;.vc_custom_1744026013226{margin-top: 18px !important;}&#8221;]Folla que completa o persoal cualificado de Gas Natural Redes GLP en caso de que o consumidor non se encontre na vivenda.[\/vc_column_text][vc_btn title=&#8221;Ver documento&#8221; align=&#8221;left&#8221; link=&#8221;url:https%3A%2F%2Fwww.gnredesglp.es%2Fwp-content%2Fuploads%2F2025%2F04%2FMOD-296CAST_Cartel-aviso_IP_IRI_GNRedesGLP.pdf|target:_blank|&#8221; el_class=&#8221;boton_descarga&#8221; css=&#8221;.vc_custom_1744026144345{margin-top: 25px !important;padding-top: 0px !important;padding-bottom: 0px !important;}&#8221;][\/vc_column_inner][vc_column_inner width=&#8221;1\/3&#8243; css=&#8221;.vc_custom_1679582702140{padding-top: 35px !important;padding-right: 40px !important;padding-bottom: 35px !important;padding-left: 40px !important;}&#8221;][vc_single_image image=&#8221;4532&#8243; img_size=&#8221;full&#8221;][vc_column_text css=&#8221;.vc_custom_1744042249800{margin-top: 28px !important;}&#8221; el_class=&#8221;titulo_aviso&#8221;]<strong>Xustificante correcci\u00f3n de anomal\u00edas<\/strong>[\/vc_column_text][vc_column_text css=&#8221;.vc_custom_1744026053231{margin-top: 18px !important;}&#8221;]Documento que cubre o instalador, o t\u00e9cnico da empresa autorizada ou o t\u00e9cnico de asistencia t\u00e9cnica para informar que se corrixiron as anomal\u00edas detectadas durante a inspecci\u00f3n, e que debe enviarse a Gas Natural Redes GLP.[\/vc_column_text][vc_btn title=&#8221;Ver documento&#8221; align=&#8221;left&#8221; link=&#8221;url:https%3A%2F%2Fwww.gnredesglp.es%2Fwp-content%2Fuploads%2F2025%2F04%2FJCA-Redes-GLP.pdf|target:_blank|&#8221; el_class=&#8221;boton_descarga&#8221; css=&#8221;.vc_custom_1744026158160{margin-top: 25px !important;padding-top: 0px !important;padding-bottom: 0px !important;}&#8221;][\/vc_column_inner][vc_column_inner width=&#8221;1\/3&#8243; css=&#8221;.vc_custom_1706734151206{padding-top: 35px !important;padding-right: 40px !important;padding-bottom: 35px !important;padding-left: 40px !important;}&#8221;][vc_single_image image=&#8221;4535&#8243; img_size=&#8221;full&#8221;][vc_column_text css=&#8221;.vc_custom_1744042259441{margin-top: 28px !important;}&#8221; el_class=&#8221;titulo_aviso&#8221;]<strong>Gu\u00eda pr\u00e1ctica de inspecci\u00f3n peri\u00f3dica<\/strong>[\/vc_column_text][vc_column_text css=&#8221;.vc_custom_1744026091106{margin-top: 18px !important;}&#8221;]Res\u00famese de forma sinxela, nesta gu\u00eda pr\u00e1ctica, todas as comprobaci\u00f3ns que ser\u00e1n realizadas durante o proceso de inspecci\u00f3n peri\u00f3dica da s\u00faa instalaci\u00f3n de gas.[\/vc_column_text][vc_btn title=&#8221;Ver documento&#8221; align=&#8221;left&#8221; link=&#8221;url:https%3A%2F%2Fwww.gnredesglp.es%2Fwp-content%2Fuploads%2F2025%2F04%2FGuia-practica-IP.pdf|target:_blank|&#8221; el_class=&#8221;boton_descarga&#8221; css=&#8221;.vc_custom_1744026172926{margin-top: 25px !important;padding-top: 0px !important;padding-bottom: 0px !important;}&#8221;][\/vc_column_inner][\/vc_row_inner][\/vc_column][\/vc_row]<\/p><\/div>","protected":false},"excerpt":{"rendered":"<p>[vc_row][vc_column width=&#8221;1\/4&#8243; css=&#8221;.vc_custom_1568711670435{padding-top: 0px !important;}&#8221;][vc_single_image image=&#8221;2479&#8243; img_size=&#8221;full&#8221; onclick=&#8221;custom_link&#8221; link=&#8221;\/&#8221; el_id=&#8221;logo&#8221; css=&#8221;.vc_custom_1568711664095{padding-right: 0px !important;padding-left: 0px !important;}&#8221;][\/vc_column][vc_column width=&#8221;3\/4&#8243; css=&#8221;.vc_custom_1568711688470{padding-top: 0px !important;}&#8221;][vc_wp_custommenu nav_menu=&#8221;21&#8243; el_class=&#8221;header-menu-glp&#8221;][\/vc_column][\/vc_row][vc_row][vc_column css=&#8221;.vc_custom_1567503699271{padding-top: 20px !important;padding-left: 0px !important;}&#8221;][vc_column_text][\/vc_column_text][\/vc_column][\/vc_row][vc_row][vc_column][vc_column_text css=&#8221;.vc_custom_1744020757294{margin-bottom: 16.8px !important;padding-top: 10px !important;}&#8221;]Documentaci\u00f3n relacionada coa inspecci\u00f3n peri\u00f3dica[\/vc_column_text][\/vc_column][\/vc_row][vc_row][vc_column][vc_empty_space height=&#8221;23px&#8221;][\/vc_column][\/vc_row][vc_row css=&#8221;.vc_custom_1744026321800{margin-bottom: 95px !important;}&#8221;][vc_column css=&#8221;.vc_custom_1679582992663{padding-top: 0px !important;}&#8221;][vc_custom_heading text=&#8221;Mostr\u00e1mosche todos os tipos de avisos e carteis de Gas Natural Redes GLP [&hellip;]<\/p>\n","protected":false},"author":10,"featured_media":0,"parent":2761,"menu_order":0,"comment_status":"closed","ping_status":"closed","template":"","meta":{"footnotes":""},"class_list":["post-4614","page","type-page","status-publish","hentry"],"_links":{"self":[{"href":"https:\/\/www.gnredesglp.es\/gl\/wp-json\/wp\/v2\/pages\/4614","targetHints":{"allow":["GET"]}}],"collection":[{"href":"https:\/\/www.gnredesglp.es\/gl\/wp-json\/wp\/v2\/pages"}],"about":[{"href":"https:\/\/www.gnredesglp.es\/gl\/wp-json\/wp\/v2\/types\/page"}],"author":[{"embeddable":true,"href":"https:\/\/www.gnredesglp.es\/gl\/wp-json\/wp\/v2\/users\/10"}],"replies":[{"embeddable":true,"href":"https:\/\/www.gnredesglp.es\/gl\/wp-json\/wp\/v2\/comments?post=4614"}],"version-history":[{"count":2,"href":"https:\/\/www.gnredesglp.es\/gl\/wp-json\/wp\/v2\/pages\/4614\/revisions"}],"predecessor-version":[{"id":4616,"href":"https:\/\/www.gnredesglp.es\/gl\/wp-json\/wp\/v2\/pages\/4614\/revisions\/4616"}],"up":[{"embeddable":true,"href":"https:\/\/www.gnredesglp.es\/gl\/wp-json\/wp\/v2\/pages\/2761"}],"wp:attachment":[{"href":"https:\/\/www.gnredesglp.es\/gl\/wp-json\/wp\/v2\/media?parent=4614"}],"curies":[{"name":"wp","href":"https:\/\/api.w.org\/{rel}","templated":true}]}}