{"id":2844,"date":"2019-08-07T09:10:29","date_gmt":"2019-08-07T07:10:29","guid":{"rendered":"https:\/\/www.gnredesglp.es\/glp-inicio\/seguridad\/consejos-de-uso\/"},"modified":"2020-03-25T02:45:26","modified_gmt":"2020-03-25T00:45:26","slug":"consejos-de-uso","status":"publish","type":"page","link":"https:\/\/www.gnredesglp.es\/gl\/glp-inicio\/seguridad\/consejos-de-uso\/","title":{"rendered":"Consellos de uso"},"content":{"rendered":"<div class=\"wpb-content-wrapper\"><p>[vc_row][vc_column width=&#8221;1\/4&#8243; css=&#8221;.vc_custom_1568713284647{padding-top: 0px !important;}&#8221;][vc_single_image image=&#8221;2479&#8243; img_size=&#8221;full&#8221; onclick=&#8221;custom_link&#8221; link=&#8221;\/&#8221; el_id=&#8221;logo&#8221; css=&#8221;.vc_custom_1568713280603{padding-right: 0px !important;padding-left: 0px !important;}&#8221;][\/vc_column][vc_column width=&#8221;3\/4&#8243; css=&#8221;.vc_custom_1568713302523{padding-top: 0px !important;}&#8221;][vc_wp_custommenu nav_menu=&#8221;21&#8243; el_class=&#8221;header-menu-glp&#8221;][\/vc_column][\/vc_row][vc_row][vc_column css=&#8221;.vc_custom_1567503930209{padding-top: 20px !important;padding-left: 0px !important;}&#8221;][vc_column_text]<nav aria-label=\"breadcrumbs\">\n            <div class=\"breadcrumb-container theme1\">\n                <ol>\n                    <li><a title=\"Est\u00e1s en\" href=\"#\"><span>Est\u00e1s en<\/span><\/a><span class=\"separator\">\u00bb<\/span><\/li>\n                    <\/ol>\n            <\/div>\n        <\/nav>    <script type=\"application\/ld+json\">\n        {\n            \"@context\": \"http:\/\/schema.org\",\n            \"@type\": \"BreadcrumbList\",\n            \"itemListElement\": [\n                 {\n                            \"@type\": \"ListItem\",\n                            \"position\": 1,\n                            \"item\": {\n                                \"@id\": \"#\",\n                                \"name\": \"Est\u00e1s en\"\n                            }\n                        }\n                                                    ]\n        }\n    <\/script>\n   \n    <script>\n            <\/script>\n[\/vc_column_text][\/vc_column][\/vc_row][vc_row][vc_column css=&#8221;.vc_custom_1565790593362{margin-bottom: 20px !important;}&#8221;][vc_column_text css=&#8221;.vc_custom_1568890200499{margin-bottom: 16.8px !important;}&#8221;]<\/p><h1><strong><span style=\"color: #004165; font-size: 24px;\">Consellos de uso<\/span><\/strong><\/h1><p>[\/vc_column_text][vc_column_text el_class=&#8221;p-consejos&#8221; css=&#8221;.vc_custom_1568890222388{margin-bottom: 28px !important;}&#8221;]<span style=\"color: #333333; font-size: 16px;\">Descubre os consellos que dende Gas Natural Redes GLP che damos para facer un bo uso do gas e manter a t\u00faa instalaci\u00f3n en bo estado.<\/span>[\/vc_column_text][\/vc_column][\/vc_row][vc_row el_class=&#8221;box box-gray box-seguridad-responsive&#8221; css=&#8221;.vc_custom_1567603196029{padding-top: 11px !important;padding-right: 9px !important;padding-bottom: 11px !important;padding-left: 9px !important;}&#8221;][vc_column width=&#8221;1\/4&#8243; css=&#8221;.vc_custom_1567497276593{padding-right: 0px !important;padding-left: 0px !important;}&#8221;][vc_single_image image=&#8221;2017&#8243; img_size=&#8221;full&#8221; alignment=&#8221;center&#8221; el_class=&#8221;img-consejos-responsive&#8221;][\/vc_column][vc_column width=&#8221;3\/4&#8243; css=&#8221;.vc_custom_1567499084449{padding-right: 0px !important;padding-left: 0px !important;}&#8221;][vc_column_text el_class=&#8221;p-consejos text-consejos-responsive&#8221; css=&#8221;.vc_custom_1568890258809{padding-top: 11px !important;padding-bottom: 11px !important;}&#8221;]<span style=\"color: #333333; font-size: 14px;\"><strong>Pon a t\u00faa instalaci\u00f3n en mans de profesionais<\/strong><\/span><\/p><p><span style=\"color: #333333; font-size: 14px;\">S\u00f3 unha empresa instaladora autorizada pode facer ou modificar unha instalaci\u00f3n de gas.<\/span><\/p><p><span style=\"color: #333333; font-size: 14px;\">Se encontras algunha anomal\u00eda nos aparellos ou na instalaci\u00f3n de gas, chama o servizo t\u00e9cnico do fabricante do aparello ou unha empresa instaladora autorizada para corrixilo o antes posible.<\/span>[\/vc_column_text][\/vc_column][\/vc_row][vc_row][vc_column][vc_empty_space][\/vc_column][\/vc_row][vc_row el_class=&#8221;box box-gray box-seguridad-responsive&#8221; css=&#8221;.vc_custom_1567603205490{padding-top: 11px !important;padding-right: 9px !important;padding-bottom: 11px !important;padding-left: 9px !important;}&#8221;][vc_column][vc_column_text el_class=&#8221;box box-gray p-consejos&#8221; css=&#8221;.vc_custom_1568890364388{padding-top: 11px !important;padding-bottom: 11px !important;}&#8221;]<span style=\"color: #333333; font-size: 14px;\"><strong>Presta atenci\u00f3n \u00e1 t\u00faa instalaci\u00f3n<\/strong><\/span><\/p><p><span style=\"color: #333333; font-size: 14px;\">O bo estado da lapa (estable e azul) demostra unha boa combusti\u00f3n. Evita que se apaguen os fog\u00f3ns mentres coci\u00f1as.<\/span><\/p><p><span style=\"color: #333333; font-size: 14px;\">Se o fume da lapa mancha as cazolas, avisa o servizo t\u00e9cnico do fabricante do aparello, pois \u00e9 sinal dunha mala combusti\u00f3n.<\/span><\/p><p><span style=\"color: #333333; font-size: 14px;\">Vix\u00eda o estado dos tubos flexibles dos aparellos e pide os instaladores que che instalen tubos de alta seguridade que cumpran coa normativa vixente. <\/span>[\/vc_column_text][\/vc_column][\/vc_row][vc_row][vc_column][vc_empty_space][\/vc_column][\/vc_row][vc_row el_class=&#8221;box box-gray box-seguridad-responsive&#8221; css=&#8221;.vc_custom_1567603213186{padding-top: 11px !important;padding-right: 9px !important;padding-bottom: 11px !important;padding-left: 9px !important;}&#8221;][vc_column width=&#8221;1\/4&#8243; css=&#8221;.vc_custom_1567499051602{padding-right: 0px !important;padding-left: 0px !important;}&#8221;][vc_single_image image=&#8221;2027&#8243; img_size=&#8221;full&#8221; alignment=&#8221;center&#8221; el_class=&#8221;img-consejos-responsive&#8221;][\/vc_column][vc_column width=&#8221;3\/4&#8243; css=&#8221;.vc_custom_1567499090589{padding-right: 0px !important;padding-left: 0px !important;}&#8221;][vc_column_text el_class=&#8221;p-consejos text-consejos-responsive&#8221; css=&#8221;.vc_custom_1568890427277{padding-top: 11px !important;}&#8221;]<span style=\"color: #333333; font-size: 14px;\"><strong>Mant\u00e9n a instalaci\u00f3n ao d\u00eda<\/strong><\/span><\/p><p><span style=\"color: #333333; font-size: 14px;\">Segundo a normativa vixente, ti es o responsable do mantemento da instalaci\u00f3n e do bo uso desta e dos aparatos de gas.<\/span><\/p><p><span style=\"color: #333333; font-size: 14px;\">A compa\u00f1\u00eda distribuidora debe realizar unha inspecci\u00f3n peri\u00f3dica das instalaci\u00f3ns de gas e o usuario facilitar o acceso para poder realizala.<\/span><\/p><p><span style=\"color: #333333; font-size: 14px;\">Co\u00f1ece en profundidade<\/span>\u00a0<span style=\"color: #004065;\"><a style=\"color: #004065; font-size: 14px;\" href=\"https:\/\/www.gnredesglp.es\/es\/inicio\/clientes\/inspeccion+periodica\/1297318687599\/en+que+consiste.html\">en que consisten as inspecci\u00f3ns peri\u00f3dicas.<\/a>.<\/span>[\/vc_column_text][\/vc_column][\/vc_row][vc_row][vc_column][vc_empty_space][\/vc_column][\/vc_row][vc_row el_class=&#8221;box box-gray box-seguridad-responsive&#8221; css=&#8221;.vc_custom_1567603235735{padding-top: 11px !important;padding-right: 9px !important;padding-bottom: 11px !important;padding-left: 9px !important;}&#8221;][vc_column width=&#8221;1\/4&#8243; css=&#8221;.vc_custom_1567499056830{padding-right: 0px !important;padding-left: 0px !important;}&#8221;][vc_single_image image=&#8221;2032&#8243; img_size=&#8221;full&#8221; alignment=&#8221;center&#8221; el_class=&#8221;img-consejos-responsive&#8221;][\/vc_column][vc_column width=&#8221;3\/4&#8243; css=&#8221;.vc_custom_1567499096270{padding-right: 0px !important;padding-left: 0px !important;}&#8221;][vc_column_text el_class=&#8221;text-consejos-responsive&#8221; css=&#8221;.vc_custom_1568890471556{padding-top: 11px !important;padding-bottom: 11px !important;}&#8221;]<span style=\"color: #333333; font-size: 14px;\"><strong>Mant\u00e9n unha ventilaci\u00f3n axeitada<\/strong><\/span><\/p><p><span style=\"color: #333333; font-size: 14px;\">As reixas de ventilaci\u00f3n deben estar en perfectas condici\u00f3ns. Non as obstr\u00faas en ning\u00fan caso.<\/span><\/p><p><span style=\"color: #333333; font-size: 14px;\">Se acristalas a terraza, non esquezas dicirlles aos operarios que te\u00f1en que abrir as fendas de ventilaci\u00f3n.<\/span><\/p><p><span style=\"color: #333333; font-size: 14px;\">O tubo de sa\u00edda dos gases \u00e9 fundamental para o bo funcionamento dos aparellos. Fai que cho instale un especialista, seguindo a normativa. <\/span>[\/vc_column_text][\/vc_column][\/vc_row][vc_row][vc_column][vc_empty_space][\/vc_column][\/vc_row][vc_row el_class=&#8221;box box-gray box-seguridad-responsive&#8221; css=&#8221;.vc_custom_1567603250120{padding-top: 11px !important;padding-right: 9px !important;padding-bottom: 11px !important;padding-left: 9px !important;}&#8221;][vc_column width=&#8221;1\/4&#8243; css=&#8221;.vc_custom_1567499061996{padding-right: 0px !important;padding-left: 0px !important;}&#8221;][vc_single_image image=&#8221;2036&#8243; img_size=&#8221;full&#8221; alignment=&#8221;center&#8221; el_class=&#8221;img-consejos-responsive&#8221;][\/vc_column][vc_column width=&#8221;3\/4&#8243; css=&#8221;.vc_custom_1567499101656{padding-right: 0px !important;padding-left: 0px !important;}&#8221;][vc_column_text el_class=&#8221;text-consejos-responsive&#8221; css=&#8221;.vc_custom_1568890490907{padding-top: 11px !important;padding-bottom: 11px !important;}&#8221;]<span style=\"color: #333333; font-size: 14px;\"><strong>En ausencias prolongadas<\/strong><\/span><\/p><p><span style=\"color: #333333; font-size: 14px;\">Se tes que estar f\u00f3ra por un tempo longo (m\u00e1is de dous d\u00edas) pecha a chave de paso do gas da t\u00faa casa. <\/span>[\/vc_column_text][\/vc_column][\/vc_row][vc_row][vc_column][vc_empty_space][\/vc_column][\/vc_row][vc_row][vc_column][vc_raw_html]JTNDc3R5bGUlM0UlMEElNDBtZWRpYSUyMCUyOG1pbi13aWR0aCUzQSUyMDQ4MHB4JTI5JTIwYW5kJTIwJTI4bWF4LXdpZHRoJTNBJTIwNzY3cHglMjklN0IlMEElMjAlMjAudGV4dC1jb25zZWpvcy1yZXNwb25zaXZlJTIwJTdCJTBBJTIwJTIwJTIwJTIwbWFyZ2luLWxlZnQlM0ElMjAxNXB4JTIwJTIxaW1wb3J0YW50JTBBJTIwJTIwJTdEJTBBJTdEJTBBJTNDJTJGc3R5bGUlM0U=[\/vc_raw_html][\/vc_column][\/vc_row]<\/p><\/div>","protected":false},"excerpt":{"rendered":"<p>[vc_row][vc_column width=&#8221;1\/4&#8243; css=&#8221;.vc_custom_1568713284647{padding-top: 0px !important;}&#8221;][vc_single_image image=&#8221;2479&#8243; img_size=&#8221;full&#8221; onclick=&#8221;custom_link&#8221; link=&#8221;\/&#8221; el_id=&#8221;logo&#8221; css=&#8221;.vc_custom_1568713280603{padding-right: 0px !important;padding-left: 0px !important;}&#8221;][\/vc_column][vc_column width=&#8221;3\/4&#8243; css=&#8221;.vc_custom_1568713302523{padding-top: 0px !important;}&#8221;][vc_wp_custommenu nav_menu=&#8221;21&#8243; el_class=&#8221;header-menu-glp&#8221;][\/vc_column][\/vc_row][vc_row][vc_column css=&#8221;.vc_custom_1567503930209{padding-top: 20px !important;padding-left: 0px !important;}&#8221;][vc_column_text][\/vc_column_text][\/vc_column][\/vc_row][vc_row][vc_column css=&#8221;.vc_custom_1565790593362{margin-bottom: 20px !important;}&#8221;][vc_column_text css=&#8221;.vc_custom_1568890200499{margin-bottom: 16.8px !important;}&#8221;]Consellos de uso[\/vc_column_text][vc_column_text el_class=&#8221;p-consejos&#8221; css=&#8221;.vc_custom_1568890222388{margin-bottom: 28px !important;}&#8221;]Descubre os consellos que dende Gas Natural Redes GLP che damos para facer un bo uso do gas [&hellip;]<\/p>\n","protected":false},"author":10,"featured_media":0,"parent":2838,"menu_order":0,"comment_status":"closed","ping_status":"closed","template":"","meta":{"footnotes":""},"class_list":["post-2844","page","type-page","status-publish","hentry"],"_links":{"self":[{"href":"https:\/\/www.gnredesglp.es\/gl\/wp-json\/wp\/v2\/pages\/2844","targetHints":{"allow":["GET"]}}],"collection":[{"href":"https:\/\/www.gnredesglp.es\/gl\/wp-json\/wp\/v2\/pages"}],"about":[{"href":"https:\/\/www.gnredesglp.es\/gl\/wp-json\/wp\/v2\/types\/page"}],"author":[{"embeddable":true,"href":"https:\/\/www.gnredesglp.es\/gl\/wp-json\/wp\/v2\/users\/10"}],"replies":[{"embeddable":true,"href":"https:\/\/www.gnredesglp.es\/gl\/wp-json\/wp\/v2\/comments?post=2844"}],"version-history":[{"count":3,"href":"https:\/\/www.gnredesglp.es\/gl\/wp-json\/wp\/v2\/pages\/2844\/revisions"}],"predecessor-version":[{"id":3375,"href":"https:\/\/www.gnredesglp.es\/gl\/wp-json\/wp\/v2\/pages\/2844\/revisions\/3375"}],"up":[{"embeddable":true,"href":"https:\/\/www.gnredesglp.es\/gl\/wp-json\/wp\/v2\/pages\/2838"}],"wp:attachment":[{"href":"https:\/\/www.gnredesglp.es\/gl\/wp-json\/wp\/v2\/media?parent=2844"}],"curies":[{"name":"wp","href":"https:\/\/api.w.org\/{rel}","templated":true}]}}