{"id":2841,"date":"2019-08-07T09:36:14","date_gmt":"2019-08-07T07:36:14","guid":{"rendered":"https:\/\/www.gnredesglp.es\/glp-inicio\/seguridad\/como-actuar-si-huele-a-gas\/"},"modified":"2019-09-19T12:48:18","modified_gmt":"2019-09-19T10:48:18","slug":"como-actuar-si-huele-a-gas","status":"publish","type":"page","link":"https:\/\/www.gnredesglp.es\/gl\/glp-inicio\/seguridad\/como-actuar-si-huele-a-gas\/","title":{"rendered":"Como actuar se ule a gas?"},"content":{"rendered":"<div class=\"wpb-content-wrapper\"><p>[vc_row][vc_column width=&#8221;1\/4&#8243; css=&#8221;.vc_custom_1568713203152{padding-top: 0px !important;}&#8221;][vc_single_image image=&#8221;2479&#8243; link=&#8221;\/&#8221; img_size=&#8221;full&#8221; el_id=&#8221;logo&#8221; css=&#8221;.vc_custom_1568713197809{padding-right: 0px !important;padding-left: 0px !important;}&#8221;][\/vc_column][vc_column width=&#8221;3\/4&#8243; css=&#8221;.vc_custom_1568713220040{padding-top: 0px !important;}&#8221;][vc_wp_custommenu nav_menu=&#8221;21&#8243; el_class=&#8221;header-menu-glp&#8221;][\/vc_column][\/vc_row][vc_row][vc_column css=&#8221;.vc_custom_1567504001743{padding-top: 20px !important;padding-left: 0px !important;}&#8221;][vc_column_text]<nav aria-label=\"breadcrumbs\">\n            <div class=\"breadcrumb-container theme1\">\n                <ol>\n                    <li><a title=\"Est\u00e1s en\" href=\"#\"><span>Est\u00e1s en<\/span><\/a><span class=\"separator\">\u00bb<\/span><\/li>\n                    <\/ol>\n            <\/div>\n        <\/nav>    <script type=\"application\/ld+json\">\n        {\n            \"@context\": \"http:\/\/schema.org\",\n            \"@type\": \"BreadcrumbList\",\n            \"itemListElement\": [\n                 {\n                            \"@type\": \"ListItem\",\n                            \"position\": 1,\n                            \"item\": {\n                                \"@id\": \"#\",\n                                \"name\": \"Est\u00e1s en\"\n                            }\n                        }\n                                                    ]\n        }\n    <\/script>\n   \n    <script>\n            <\/script>\n[\/vc_column_text][\/vc_column][\/vc_row][vc_row][vc_column][vc_column_text css=&#8221;.vc_custom_1568889937147{margin-bottom: 16.8px !important;}&#8221;]<\/p><h1><strong><span style=\"color: #004165; font-size: 24px;\">Como actuar se ule a gas?<\/span><\/strong><\/h1><p>[\/vc_column_text][vc_column_text el_class=&#8221;p-huele&#8221; css=&#8221;.vc_custom_1568889949445{margin-bottom: 28px !important;}&#8221;]<span style=\"color: #333333; font-size: 14px;\">Aqu\u00ed encontrar\u00e1s todos consellos de seguridade que debes seguir se na t\u00faa casa notas olor a gas.<\/span>[\/vc_column_text][\/vc_column][\/vc_row][vc_row el_class=&#8221;box box-gray box-seguridad-responsive&#8221; css=&#8221;.vc_custom_1567604354695{padding-top: 11px !important;padding-right: 9px !important;padding-bottom: 11px !important;padding-left: 9px !important;}&#8221;][vc_column width=&#8221;1\/4&#8243; css=&#8221;.vc_custom_1567499352385{padding-right: 0px !important;padding-left: 0px !important;}&#8221;][vc_single_image image=&#8221;2043&#8243; img_size=&#8221;full&#8221; alignment=&#8221;center&#8221; el_class=&#8221;img-consejos-responsive&#8221;][\/vc_column][vc_column width=&#8221;3\/4&#8243; css=&#8221;.vc_custom_1567499399295{padding-right: 0px !important;padding-left: 0px !important;}&#8221;][vc_column_text el_class=&#8221;text-consejos-responsive&#8221; css=&#8221;.vc_custom_1568889970262{padding-top: 11px !important;padding-bottom: 11px !important;}&#8221;]<span style=\"color: #333333; font-size: 14px;\"><strong>Abre portas e vent\u00e1s<\/strong><\/span><\/p><p><span style=\"color: #333333; font-size: 14px;\">Abre as portas e vent\u00e1s para que o local quede ben ventilado. Ante unha posible asfixia, toma aire fresco e inmediatamente solicita atenci\u00f3n m\u00e9dica. <\/span>[\/vc_column_text][\/vc_column][\/vc_row][vc_row][vc_column][vc_empty_space][\/vc_column][\/vc_row][vc_row el_class=&#8221;box box-gray box-seguridad-responsive&#8221; css=&#8221;.vc_custom_1567604361112{padding-top: 11px !important;padding-right: 9px !important;padding-bottom: 11px !important;padding-left: 9px !important;}&#8221;][vc_column width=&#8221;1\/4&#8243; css=&#8221;.vc_custom_1567499357268{padding-right: 0px !important;padding-left: 0px !important;}&#8221;][vc_single_image image=&#8221;2047&#8243; img_size=&#8221;full&#8221; alignment=&#8221;center&#8221; el_class=&#8221;img-consejos-responsive&#8221;][\/vc_column][vc_column width=&#8221;3\/4&#8243; css=&#8221;.vc_custom_1567499403815{padding-right: 0px !important;padding-left: 0px !important;}&#8221;][vc_column_text el_class=&#8221;text-consejos-responsive&#8221; css=&#8221;.vc_custom_1568889992396{padding-top: 11px !important;padding-bottom: 11px !important;}&#8221;]<span style=\"color: #333333; font-size: 14px;\"><strong>Pecha a chave xeral de paso<\/strong><\/span><\/p><p><span style=\"color: #333333; font-size: 14px;\">Pecha os mandos dos aparatos de gas e a chave xeral de paso. Se despois de pechar a chave de paso segue ulindo a gas, ventila e sal da casa ata que chegue o persoal de urxencias. <\/span>[\/vc_column_text][\/vc_column][\/vc_row][vc_row][vc_column][vc_empty_space][\/vc_column][\/vc_row][vc_row el_class=&#8221;box box-gray box-seguridad-responsive&#8221; css=&#8221;.vc_custom_1567604379989{padding-top: 11px !important;padding-right: 9px !important;padding-bottom: 11px !important;padding-left: 9px !important;}&#8221;][vc_column width=&#8221;1\/4&#8243; css=&#8221;.vc_custom_1567499362466{padding-right: 0px !important;padding-left: 0px !important;}&#8221;][vc_single_image image=&#8221;2051&#8243; img_size=&#8221;full&#8221; alignment=&#8221;center&#8221; el_class=&#8221;img-consejos-responsive&#8221;][\/vc_column][vc_column width=&#8221;3\/4&#8243; css=&#8221;.vc_custom_1567499409661{padding-right: 0px !important;padding-left: 0px !important;}&#8221;][vc_column_text el_class=&#8221;text-consejos-responsive&#8221; css=&#8221;.vc_custom_1568890012667{padding-top: 11px !important;padding-bottom: 11px !important;}&#8221;]<span style=\"color: #333333; font-size: 14px;\"><strong>Non manipules aparatos el\u00e9ctricos<\/strong><\/span><\/p><p><span style=\"color: #333333; font-size: 14px;\">Non manipules ning\u00fan aparello el\u00e9ctrico nin acciones ning\u00fan interruptor. <\/span>[\/vc_column_text][\/vc_column][\/vc_row][vc_row][vc_column][vc_empty_space][\/vc_column][\/vc_row][vc_row el_class=&#8221;box box-gray box-seguridad-responsive&#8221; css=&#8221;.vc_custom_1567604386267{padding-top: 11px !important;padding-right: 9px !important;padding-bottom: 11px !important;padding-left: 9px !important;}&#8221;][vc_column width=&#8221;1\/4&#8243; css=&#8221;.vc_custom_1567499367066{padding-right: 0px !important;padding-left: 0px !important;}&#8221;][vc_single_image image=&#8221;2055&#8243; img_size=&#8221;full&#8221; alignment=&#8221;center&#8221; el_class=&#8221;img-consejos-responsive&#8221;][\/vc_column][vc_column width=&#8221;3\/4&#8243; css=&#8221;.vc_custom_1567499413931{padding-right: 0px !important;padding-left: 0px !important;}&#8221;][vc_column_text el_class=&#8221;text-consejos-responsive&#8221; css=&#8221;.vc_custom_1568890040331{padding-top: 11px !important;padding-bottom: 11px !important;}&#8221;]<span style=\"color: #333333; font-size: 14px;\"><strong>Chama o tel\u00e9fono de urxencias 900 555 000 \u00a0<\/strong><\/span><\/p><p><span style=\"color: #333333; font-size: 14px;\">Chama o noso tel\u00e9fono de urxencias 900 555 000 e acudiremos rapidamente a inspeccionar a t\u00faa instalaci\u00f3n. Chama s\u00f3 en caso de urxencia para non saturar a li\u00f1a.<\/span>[\/vc_column_text][\/vc_column][\/vc_row][vc_row][vc_column][vc_empty_space][\/vc_column][\/vc_row][vc_row el_class=&#8221;box box-gray box-seguridad-responsive&#8221; css=&#8221;.vc_custom_1567604392367{padding-top: 11px !important;padding-right: 9px !important;padding-bottom: 11px !important;padding-left: 9px !important;}&#8221;][vc_column width=&#8221;1\/4&#8243; css=&#8221;.vc_custom_1567499374043{padding-right: 0px !important;padding-left: 0px !important;}&#8221;][vc_single_image image=&#8221;2059&#8243; img_size=&#8221;full&#8221; alignment=&#8221;center&#8221; el_class=&#8221;img-consejos-responsive&#8221;][\/vc_column][vc_column width=&#8221;3\/4&#8243; css=&#8221;.vc_custom_1567499419096{padding-right: 0px !important;padding-left: 0px !important;}&#8221;][vc_column_text el_class=&#8221;text-consejos-responsive&#8221; css=&#8221;.vc_custom_1568890068644{padding-top: 11px !important;padding-bottom: 11px !important;}&#8221;]<span style=\"color: #333333; font-size: 14px;\"><strong>Non xeres chamas nin fa\u00edscas<\/strong><\/span><\/p><p><span style=\"color: #333333; font-size: 14px;\">Non xeres chamas ou fa\u00edscas e, sobre todo, non fumes. <\/span>[\/vc_column_text][\/vc_column][\/vc_row][vc_row][vc_column][vc_empty_space][\/vc_column][\/vc_row][vc_row el_class=&#8221;box box-gray box-seguridad-responsive&#8221; css=&#8221;.vc_custom_1567604398475{padding-top: 11px !important;padding-right: 9px !important;padding-bottom: 11px !important;padding-left: 9px !important;}&#8221;][vc_column width=&#8221;1\/4&#8243; css=&#8221;.vc_custom_1567499379184{padding-right: 0px !important;padding-left: 0px !important;}&#8221;][vc_single_image image=&#8221;2063&#8243; img_size=&#8221;full&#8221; alignment=&#8221;center&#8221; el_class=&#8221;img-consejos-responsive&#8221;][\/vc_column][vc_column width=&#8221;3\/4&#8243; css=&#8221;.vc_custom_1567499424468{padding-right: 0px !important;padding-left: 0px !important;}&#8221;][vc_column_text el_class=&#8221;text-consejos-responsive&#8221; css=&#8221;.vc_custom_1568890095479{padding-top: 11px !important;padding-bottom: 11px !important;}&#8221;]<span style=\"color: #333333; font-size: 14px;\"><strong>Non abras a chave de paso ata reparar a instalaci\u00f3n ou o aparato avariado<\/strong><\/span><\/p><p><span style=\"color: #333333; font-size: 14px;\">Non volvas abrir a chave de paso ata reparar a instalaci\u00f3n ou o aparato avariado. <\/span>[\/vc_column_text][\/vc_column][\/vc_row]<\/p><\/div>","protected":false},"excerpt":{"rendered":"<p>[vc_row][vc_column width=&#8221;1\/4&#8243; css=&#8221;.vc_custom_1568713203152{padding-top: 0px !important;}&#8221;][vc_single_image image=&#8221;2479&#8243; link=&#8221;\/&#8221; img_size=&#8221;full&#8221; el_id=&#8221;logo&#8221; css=&#8221;.vc_custom_1568713197809{padding-right: 0px !important;padding-left: 0px !important;}&#8221;][\/vc_column][vc_column width=&#8221;3\/4&#8243; css=&#8221;.vc_custom_1568713220040{padding-top: 0px !important;}&#8221;][vc_wp_custommenu nav_menu=&#8221;21&#8243; el_class=&#8221;header-menu-glp&#8221;][\/vc_column][\/vc_row][vc_row][vc_column css=&#8221;.vc_custom_1567504001743{padding-top: 20px !important;padding-left: 0px !important;}&#8221;][vc_column_text][\/vc_column_text][\/vc_column][\/vc_row][vc_row][vc_column][vc_column_text css=&#8221;.vc_custom_1568889937147{margin-bottom: 16.8px !important;}&#8221;]Como actuar se ule a gas?[\/vc_column_text][vc_column_text el_class=&#8221;p-huele&#8221; css=&#8221;.vc_custom_1568889949445{margin-bottom: 28px !important;}&#8221;]Aqu\u00ed encontrar\u00e1s todos consellos de seguridade que debes seguir se na t\u00faa casa notas olor a gas.[\/vc_column_text][\/vc_column][\/vc_row][vc_row el_class=&#8221;box box-gray [&hellip;]<\/p>\n","protected":false},"author":10,"featured_media":0,"parent":2838,"menu_order":0,"comment_status":"closed","ping_status":"closed","template":"","meta":{"footnotes":""},"class_list":["post-2841","page","type-page","status-publish","hentry"],"_links":{"self":[{"href":"https:\/\/www.gnredesglp.es\/gl\/wp-json\/wp\/v2\/pages\/2841","targetHints":{"allow":["GET"]}}],"collection":[{"href":"https:\/\/www.gnredesglp.es\/gl\/wp-json\/wp\/v2\/pages"}],"about":[{"href":"https:\/\/www.gnredesglp.es\/gl\/wp-json\/wp\/v2\/types\/page"}],"author":[{"embeddable":true,"href":"https:\/\/www.gnredesglp.es\/gl\/wp-json\/wp\/v2\/users\/10"}],"replies":[{"embeddable":true,"href":"https:\/\/www.gnredesglp.es\/gl\/wp-json\/wp\/v2\/comments?post=2841"}],"version-history":[{"count":2,"href":"https:\/\/www.gnredesglp.es\/gl\/wp-json\/wp\/v2\/pages\/2841\/revisions"}],"predecessor-version":[{"id":2843,"href":"https:\/\/www.gnredesglp.es\/gl\/wp-json\/wp\/v2\/pages\/2841\/revisions\/2843"}],"up":[{"embeddable":true,"href":"https:\/\/www.gnredesglp.es\/gl\/wp-json\/wp\/v2\/pages\/2838"}],"wp:attachment":[{"href":"https:\/\/www.gnredesglp.es\/gl\/wp-json\/wp\/v2\/media?parent=2841"}],"curies":[{"name":"wp","href":"https:\/\/api.w.org\/{rel}","templated":true}]}}