{"id":2819,"date":"2019-08-02T11:16:19","date_gmt":"2019-08-02T09:16:19","guid":{"rendered":"https:\/\/www.gnredesglp.es\/glp-inicio\/glp-contacto\/"},"modified":"2025-10-16T18:08:21","modified_gmt":"2025-10-16T16:08:21","slug":"glp-contacto","status":"publish","type":"page","link":"https:\/\/www.gnredesglp.es\/gl\/glp-inicio\/glp-contacto\/","title":{"rendered":"Contacto"},"content":{"rendered":"<div class=\"wpb-content-wrapper\"><p>[vc_row][vc_column width=&#8221;1\/4&#8243; css=&#8221;.vc_custom_1568712636578{padding-top: 0px !important;}&#8221;][vc_single_image image=&#8221;2479&#8243; img_size=&#8221;full&#8221; onclick=&#8221;custom_link&#8221; link=&#8221;\/&#8221; el_id=&#8221;logo&#8221; css=&#8221;.vc_custom_1568712630420{padding-right: 0px !important;padding-left: 0px !important;}&#8221;][\/vc_column][vc_column width=&#8221;3\/4&#8243; css=&#8221;.vc_custom_1568712652352{padding-top: 0px !important;}&#8221;][vc_wp_custommenu nav_menu=&#8221;21&#8243; el_class=&#8221;header-menu-glp&#8221;][\/vc_column][\/vc_row][vc_row][vc_column css=&#8221;.vc_custom_1567504304474{padding-top: 20px !important;padding-left: 0px !important;}&#8221;][vc_column_text]<nav aria-label=\"breadcrumbs\">\n            <div class=\"breadcrumb-container theme1\">\n                <ol>\n                    <li><a title=\"Est\u00e1s en\" href=\"#\"><span>Est\u00e1s en<\/span><\/a><span class=\"separator\">\u00bb<\/span><\/li>\n                    <\/ol>\n            <\/div>\n        <\/nav>    <script type=\"application\/ld+json\">\n        {\n            \"@context\": \"http:\/\/schema.org\",\n            \"@type\": \"BreadcrumbList\",\n            \"itemListElement\": [\n                 {\n                            \"@type\": \"ListItem\",\n                            \"position\": 1,\n                            \"item\": {\n                                \"@id\": \"#\",\n                                \"name\": \"Est\u00e1s en\"\n                            }\n                        }\n                                                    ]\n        }\n    <\/script>\n   \n    <script>\n            <\/script>\n[\/vc_column_text][\/vc_column][\/vc_row][vc_row][vc_column][vc_column_text css=&#8221;.vc_custom_1706718007534{margin-bottom: 16.8px !important;padding-top: 10px !important;}&#8221;]<\/p><h1><span style=\"color: #004165; font-size: 24px;\"><strong>Contacto<\/strong><\/span><\/h1><p>[\/vc_column_text][\/vc_column][\/vc_row][vc_row][vc_column][vc_empty_space height=&#8221;45px&#8221;][\/vc_column][\/vc_row][vc_row disable_element=&#8221;yes&#8221;][vc_column width=&#8221;2\/6&#8243;][vc_column_text el_class=&#8221;text-contacto-responsive&#8221;]<\/p><div class=\"details-top\"><span class=\"texto-azul\" style=\"font-size: 24px; color: #265d7c;\">Tel\u00e9fonos gratu\u00edtos<\/span><\/div><p>[\/vc_column_text][\/vc_column][vc_column width=&#8221;4\/6&#8243;][vc_single_image image=&#8221;4085&#8243; img_size=&#8221;full&#8221; css=&#8221;.vc_custom_1706718671590{margin-top: 5px !important;}&#8221;][\/vc_column][\/vc_row][vc_row equal_height=&#8221;yes&#8221; content_placement=&#8221;middle&#8221;][vc_column width=&#8221;2\/6&#8243; offset=&#8221;vc_col-xs-6&#8243;][vc_column_text el_class=&#8221;text-contacto-responsive&#8221;]<\/p><div class=\"details-top\"><span class=\"texto-azul\" style=\"font-size: 24px; color: #265d7c;\">Tel\u00e9fonos gratu\u00edtos<\/span><\/div><p>[\/vc_column_text][\/vc_column][vc_column width=&#8221;4\/6&#8243; offset=&#8221;vc_col-xs-6&#8243;][vc_single_image image=&#8221;4085&#8243; img_size=&#8221;full&#8221;][\/vc_column][\/vc_row][vc_row][vc_column][vc_empty_space height=&#8221;35px&#8221;][\/vc_column][\/vc_row][vc_row][vc_column width=&#8221;2\/6&#8243;][\/vc_column][vc_column width=&#8221;4\/6&#8243;][vc_column_text]<\/p><div class=\"details-top\"><div class=\"details-top\"><a style=\"text-decoration: none;\" href=\"tel:900510511\"><span class=\"texto-naranja\" style=\"font-size: 24px; color: #e26e09;\">900 510 511<\/span><\/a><\/div><\/div><p>[\/vc_column_text][vc_column_text css=&#8221;.vc_custom_1706718798094{margin-top: -5px !important;padding-bottom: 5px !important;}&#8221;]<\/p><div class=\"details-bottom texto-\"><span style=\"color: #265d7c;\"><strong><span class=\"texto-azul\" style=\"font-size: 22px;\">Atenci\u00f3n ao cliente<\/span><\/strong><\/span><\/div><p>[\/vc_column_text][\/vc_column][\/vc_row][vc_row css=&#8221;.vc_custom_1706718844067{margin-top: 20px !important;}&#8221;][vc_column width=&#8221;2\/6&#8243;][\/vc_column][vc_column width=&#8221;4\/6&#8243;][vc_column_text css=&#8221;.vc_custom_1706726173881{margin-top: 5px !important;}&#8221;]<\/p><div class=\"details-top\"><div class=\"details-top\"><a style=\"text-decoration: none;\" href=\"tel:900510511\"><span class=\"texto-naranja\" style=\"font-size: 24px; color: #e26e09;\">900 510 511<\/span><\/a><\/div><\/div><p>[\/vc_column_text][vc_column_text css=&#8221;.vc_custom_1706718869808{margin-top: -5px !important;padding-bottom: 5px !important;}&#8221;]<\/p><div class=\"details-top\"><div class=\"details-bottom texto-\"><span style=\"color: #004165;\"><strong><span class=\"texto-azul-oscuro\" style=\"font-size: 22px;\">Lecturas<\/span><\/strong><\/span><\/div><\/div><p>[\/vc_column_text][\/vc_column][\/vc_row][vc_row css=&#8221;.vc_custom_1706718875649{margin-top: 20px !important;}&#8221;][vc_column width=&#8221;2\/6&#8243;][\/vc_column][vc_column width=&#8221;4\/6&#8243;][vc_column_text css=&#8221;.vc_custom_1706726268245{margin-top: 5px !important;}&#8221;]<\/p><div class=\"details-top\"><div class=\"details-top\"><a style=\"text-decoration: none;\" href=\"tel:900555000\"><span class=\"texto-naranja\" style=\"font-size: 24px; color: #e26e09;\">900\u00a0555 000<\/span><\/a><\/div><\/div><p>[\/vc_column_text][vc_column_text css=&#8221;.vc_custom_1706718880960{margin-top: -5px !important;}&#8221;]<\/p><div class=\"details-top\"><div class=\"details-top\"><span style=\"color: #004165;\"><strong><span class=\"texto-azul-oscuro\" style=\"font-size: 22px;\">Urxencias<\/span><\/strong><\/span><\/div><\/div><p>[\/vc_column_text][\/vc_column][\/vc_row][vc_row css=&#8221;.vc_custom_1706718889376{margin-top: 20px !important;}&#8221;][vc_column width=&#8221;2\/6&#8243;][\/vc_column][vc_column width=&#8221;4\/6&#8243;][vc_column_text css=&#8221;.vc_custom_1706726286505{margin-top: 5px !important;}&#8221;]<\/p><div class=\"details-top\"><div class=\"details-top\"><div class=\"details-top\"><a style=\"text-decoration: none;\" href=\"tel:900500405\"><span class=\"texto-naranja\" style=\"font-size: 24px; color: #e26e09;\">900\u00a0500 405<\/span><\/a><\/div><\/div><\/div><p>[\/vc_column_text][vc_column_text css=&#8221;.vc_custom_1706718895174{margin-top: -5px !important;padding-bottom: 5px !important;}&#8221;]<\/p><div class=\"details-top\"><div class=\"details-top\"><div class=\"details-top\"><span style=\"color: #004165;\"><strong><span class=\"texto-azul-oscuro\" style=\"font-size: 22px;\">Atenci\u00f3n empresas colaboradoras<\/span><\/strong><\/span><\/div><\/div><\/div><p>[\/vc_column_text][\/vc_column][\/vc_row][vc_row css=&#8221;.vc_custom_1706720160299{margin-top: 20px !important;}&#8221;][vc_column][vc_separator el_class=&#8221;separador-responsive&#8221;][vc_empty_space height=&#8221;35px&#8221;][\/vc_column][\/vc_row][vc_row disable_element=&#8221;yes&#8221;][vc_column width=&#8221;1\/2&#8243;][vc_column_text el_class=&#8221;text-contacto-responsive&#8221;]<\/p><div class=\"details-top\"><span style=\"font-size: 24px; color: #265d7c;\">Formulario contacto<\/span><\/div><p>[\/vc_column_text][\/vc_column][vc_column width=&#8221;1\/2&#8243; el_class=&#8221;img-box2-contacto-responsive&#8221;][vc_single_image image=&#8221;2090&#8243; img_size=&#8221;full&#8221; onclick=&#8221;custom_link&#8221; link=&#8221;https:\/\/www.gnredesglp.es\/gl\/glp-inicio\/glp-contacto\/formulario-de-contacto\/&#8221; el_class=&#8221;img-contacto-responsive&#8221;][\/vc_column][\/vc_row][vc_row equal_height=&#8221;yes&#8221; content_placement=&#8221;middle&#8221; css=&#8221;.vc_custom_1706721732358{margin-top: 30px !important;}&#8221;][vc_column width=&#8221;2\/6&#8243; offset=&#8221;vc_col-xs-6&#8243;][vc_column_text el_class=&#8221;text-contacto-responsive&#8221;]<\/p><div class=\"details-top\"><span style=\"font-size: 24px; color: #265d7c;\">Formulario contacto<\/span><\/div><p>[\/vc_column_text][\/vc_column][vc_column width=&#8221;4\/6&#8243; offset=&#8221;vc_col-xs-6&#8243;][vc_single_image image=&#8221;4153&#8243; img_size=&#8221;full&#8221;][\/vc_column][\/vc_row][vc_row][vc_column][vc_empty_space height=&#8221;35px&#8221;][\/vc_column][\/vc_row][vc_row][vc_column width=&#8221;2\/6&#8243;][\/vc_column][vc_column width=&#8221;4\/6&#8243;][vc_btn title=&#8221;Accede ao formulario&#8221; css=&#8221;.vc_custom_1706722758052{margin-bottom: 10px !important;padding-top: 0px !important;padding-bottom: 0px !important;}&#8221; link=&#8221;url:https%3A%2F%2Fwww.gnredesglp.es%2Fgl%2Fglp-inicio%2Fglp-contacto%2Fformulario-de-contacto%2F|&#8221;][\/vc_column][\/vc_row][vc_row disable_element=&#8221;yes&#8221;][vc_column][vc_empty_space height=&#8221;55px&#8221;][\/vc_column][\/vc_row][vc_row disable_element=&#8221;yes&#8221;][vc_column width=&#8221;1\/2&#8243;][vc_column_text el_class=&#8221;text-contacto-responsive&#8221;]<\/p><div class=\"details-top\"><span style=\"font-size: 24px; color: #265d7c;\">Correo electr\u00f3nico<\/span><\/div><p>[\/vc_column_text][\/vc_column][vc_column width=&#8221;1\/2&#8243; el_class=&#8221;img-box2-contacto-responsive&#8221;][vc_empty_space][vc_column_text]<a id=\"LPlnk110519\" href=\"mailto:sgestionre@naturgy.com\" target=\"_blank\" rel=\"noopener noreferrer\" data-auth=\"NotApplicable\" data-linkindex=\"0\">sgestionre@naturgy.com<\/a>[\/vc_column_text][\/vc_column][\/vc_row][vc_row css=&#8221;.vc_custom_1706720160299{margin-top: 20px !important;}&#8221;][vc_column][vc_separator el_class=&#8221;separador-responsive&#8221;][vc_empty_space height=&#8221;35px&#8221;][\/vc_column][\/vc_row][vc_row equal_height=&#8221;yes&#8221; content_placement=&#8221;middle&#8221; css=&#8221;.vc_custom_1706721732358{margin-top: 30px !important;}&#8221;][vc_column width=&#8221;2\/6&#8243; offset=&#8221;vc_col-xs-6&#8243;][vc_column_text el_class=&#8221;text-contacto-responsive&#8221;]<\/p><div class=\"details-top\"><span style=\"font-size: 24px; color: #265d7c;\">Correo electr\u00f3nico<\/span><\/div><p>[\/vc_column_text][\/vc_column][vc_column width=&#8221;4\/6&#8243; offset=&#8221;vc_col-xs-6&#8243;][vc_single_image image=&#8221;4095&#8243; img_size=&#8221;full&#8221;][\/vc_column][\/vc_row][vc_row][vc_column][vc_empty_space height=&#8221;35px&#8221;][\/vc_column][\/vc_row][vc_row][vc_column width=&#8221;2\/6&#8243;][\/vc_column][vc_column width=&#8221;4\/6&#8243;][vc_column_text css=&#8221;.vc_custom_1706722984875{margin-top: -5px !important;padding-bottom: 5px !important;}&#8221;]<\/p><div class=\"details-bottom texto-\"><a style=\"text-decoration: none;\" href=\"mailto:sgestionre@naturgy.com\"><span style=\"color: #265d7c;\"><strong><span class=\"texto-azul\" style=\"font-size: 22px;\">sgestionre@naturgy.com<\/span><\/strong><\/span><\/a><\/div><p>[\/vc_column_text][\/vc_column][\/vc_row][vc_row css=&#8221;.vc_custom_1706720160299{margin-top: 20px !important;}&#8221;][vc_column][vc_separator el_class=&#8221;separador-responsive&#8221;][vc_empty_space height=&#8221;35px&#8221;][\/vc_column][\/vc_row][vc_row equal_height=&#8221;yes&#8221; content_placement=&#8221;middle&#8221; css=&#8221;.vc_custom_1706721732358{margin-top: 30px !important;}&#8221;][vc_column width=&#8221;2\/6&#8243; offset=&#8221;vc_col-xs-6&#8243;][vc_column_text el_class=&#8221;text-contacto-responsive&#8221;]<\/p><div class=\"details-top\"><span style=\"font-size: 24px; color: #265d7c;\">Factura online<\/span><\/div><p>[\/vc_column_text][\/vc_column][vc_column width=&#8221;4\/6&#8243; offset=&#8221;vc_col-xs-6&#8243;][vc_single_image image=&#8221;4099&#8243; img_size=&#8221;full&#8221;][\/vc_column][\/vc_row][vc_row][vc_column][vc_empty_space height=&#8221;30px&#8221;][\/vc_column][\/vc_row][vc_row][vc_column width=&#8221;2\/6&#8243;][\/vc_column][vc_column width=&#8221;4\/6&#8243;][vc_column_text css=&#8221;.vc_custom_1714409826583{margin-top: -5px !important;padding-bottom: 5px !important;}&#8221;]<\/p><div class=\"details-bottom texto-\"><span style=\"color: #265d7c;\"><strong><span class=\"texto-azul\" style=\"font-size: 22px;\">Solicita aqu\u00ed a t\u00faa factura online<\/span><\/strong><\/span><\/div><p>[\/vc_column_text][\/vc_column][\/vc_row][vc_row][vc_column width=&#8221;2\/6&#8243;][\/vc_column][vc_column width=&#8221;4\/6&#8243;][vc_row_inner][vc_column_inner width=&#8221;1\/3&#8243; offset=&#8221;vc_col-lg-3&#8243; css=&#8221;.vc_custom_1706726674040{margin-top: 30px !important;}&#8221;][vc_single_image image=&#8221;4102&#8243; img_size=&#8221;full&#8221;][vc_column_text css=&#8221;.vc_custom_1706726758221{margin-top: 20px !important;}&#8221;]<span class=\"texto-naranja\" style=\"font-size: 16px; color: #e26e09;\"><strong>M\u00c1IS C\u00d3MODO<\/strong><\/span>[\/vc_column_text][vc_column_text]Toda a t\u00faa informaci\u00f3n <strong>a un s\u00f3 clic<\/strong>.[\/vc_column_text][\/vc_column_inner][vc_column_inner width=&#8221;1\/3&#8243; offset=&#8221;vc_col-lg-offset-1 vc_col-lg-3&#8243; css=&#8221;.vc_custom_1706726678140{margin-top: 30px !important;}&#8221;][vc_single_image image=&#8221;4105&#8243; img_size=&#8221;full&#8221;][vc_column_text css=&#8221;.vc_custom_1706726834751{margin-top: 20px !important;}&#8221;]<span class=\"texto-naranja\" style=\"font-size: 16px; color: #e26e09;\"><strong>M\u00c1IS ECOL\u00d3XICO<\/strong><\/span>[\/vc_column_text][vc_column_text]Axuda a <strong>reducir emisi\u00f3ns<\/strong> de CO<sub>2<\/sub>.[\/vc_column_text][\/vc_column_inner][vc_column_inner width=&#8221;1\/3&#8243; offset=&#8221;vc_col-lg-offset-1 vc_col-lg-3&#8243; css=&#8221;.vc_custom_1706726684222{margin-top: 30px !important;}&#8221;][vc_single_image image=&#8221;4108&#8243; img_size=&#8221;full&#8221;][vc_column_text css=&#8221;.vc_custom_1706726886106{margin-top: 20px !important;}&#8221;]<span class=\"texto-naranja\" style=\"font-size: 16px; color: #e26e09;\"><strong>VALIDEZ LEGAL<\/strong><\/span>[\/vc_column_text][vc_column_text]<strong>Mesma validez<\/strong> que a factura en papel.[\/vc_column_text][\/vc_column_inner][\/vc_row_inner][vc_row_inner disable_element=&#8221;yes&#8221;][vc_column_inner width=&#8221;1\/2&#8243; css=&#8221;.vc_custom_1706727765702{margin-top: 58px !important;}&#8221;][vc_btn title=&#8221;Solicita a t\u00faa factura por tel\u00e9fono<br \/>900 510 511&#8243; css=&#8221;.vc_custom_1706728010585{margin-bottom: 10px !important;padding-top: 0px !important;padding-bottom: 0px !important;}&#8221; link=&#8221;url:Tel.%3A%20900510511|&#8221;][\/vc_column_inner][vc_column_inner width=&#8221;1\/2&#8243; css=&#8221;.vc_custom_1706727772193{margin-top: 58px !important;}&#8221;][vc_btn title=&#8221;Solicita a t\u00faa factura por correo<br \/>gestionre@naturgy.com&#8221; css=&#8221;.vc_custom_1707583756769{margin-bottom: 10px !important;padding-top: 0px !important;padding-bottom: 0px !important;}&#8221; link=&#8221;url:mailto%3Asgestionre%40naturgy.com|&#8221;][\/vc_column_inner][\/vc_row_inner][vc_row_inner][vc_column_inner width=&#8221;1\/2&#8243; css=&#8221;.vc_custom_1706727765702{margin-top: 58px !important;}&#8221;][vc_raw_html]PGRpdiBjbGFzcz0idmNfYnRuMy1jb250YWluZXIgdmNfYnRuMy1pbmxpbmUiPjxhIGNsYXNzPSJ2Y19nZW5lcmFsIHZjX2J0bjMgdmNfYnRuMy1zaXplLW1kIHZjX2J0bjMtc2hhcGUtcm91bmRlZCB2Y19idG4zLXN0eWxlLW1vZGVybiB2Y19idG4zLWNvbG9yLWdyZXkgZmFjdHVyYV9lbGVjdHJvbmljYSIgaHJlZj0idGVsOjkwMDUxMDUxMSIgdGl0bGU9IiI+U29saWNpdGEgYSB0w7phIGZhY3R1cmEgcG9yIHRlbMOpZm9ubzxicj48c3BhbiBzdHlsZT0iZm9udC13ZWlnaHQ6bm9ybWFsOyI+OTAwIDUxMCA1MTE8L3NwYW4+PC9hPjwvZGl2Pg==[\/vc_raw_html][\/vc_column_inner][vc_column_inner width=&#8221;1\/2&#8243; css=&#8221;.vc_custom_1706727772193{margin-top: 58px !important;}&#8221;][vc_raw_html]PGRpdiBjbGFzcz0idmNfYnRuMy1jb250YWluZXIgdmNfYnRuMy1pbmxpbmUiPjxhIGNsYXNzPSJ2Y19nZW5lcmFsIHZjX2J0bjMgdmNfYnRuMy1zaXplLW1kIHZjX2J0bjMtc2hhcGUtcm91bmRlZCB2Y19idG4zLXN0eWxlLW1vZGVybiB2Y19idG4zLWNvbG9yLWdyZXkgZmFjdHVyYV9lbGVjdHJvbmljYSIgaHJlZj0ibWFpbHRvOnNnZXN0aW9ucmVAbmF0dXJneS5jb20iIHRpdGxlPSIiPlNvbGljaXRhIGEgdMO6YSBmYWN0dXJhIHBvciBjb3JyZW88YnI+PHNwYW4gc3R5bGU9ImZvbnQtd2VpZ2h0Om5vcm1hbDsiPnNnZXN0aW9ucmVAbmF0dXJneS5jb208L3NwYW4+PC9hPjwvZGl2Pg==[\/vc_raw_html][\/vc_column_inner][\/vc_row_inner][\/vc_column][\/vc_row][vc_row equal_height=&#8221;yes&#8221; content_placement=&#8221;middle&#8221; disable_element=&#8221;yes&#8221; css=&#8221;.vc_custom_1760630899533{margin-top: 70px !important;}&#8221;][vc_column width=&#8221;2\/6&#8243; offset=&#8221;vc_col-xs-6 vc_hidden-xs&#8221;][\/vc_column][vc_column width=&#8221;4\/6&#8243; offset=&#8221;vc_col-xs-6&#8243;][vc_single_image image=&#8221;4205&#8243; img_size=&#8221;full&#8221;][vc_column_text css=&#8221;.vc_custom_1711019758723{margin-top: 35px !important;padding-bottom: 5px !important;}&#8221;]<\/p><div class=\"details-bottom texto-\"><span style=\"color: #265d7c;\"><strong><span class=\"texto-azul\" style=\"font-size: 22px;\">Actualiza os teus datos<\/span><\/strong><\/span><\/div><p>[\/vc_column_text][vc_column_text css=&#8221;.vc_custom_1714409833637{margin-top: 10px !important;}&#8221;]Mant\u00e9n os teus <strong>datos de contacto<\/strong> actualizados e solicita a t\u00faa factura online.[\/vc_column_text][vc_btn title=&#8221;Actualiza os teus datos e solicita a t\u00faa factura online&#8221; css=&#8221;.vc_custom_1714409838077{margin-top: 25px !important;margin-bottom: 10px !important;padding-top: 0px !important;padding-bottom: 0px !important;}&#8221; link=&#8221;url:https%3A%2F%2Finfo.gnredesglp.es%2Fmisdatos%2F%23%2Fauth-flow|target:_blank|&#8221; el_class=&#8221;ancho_auto&#8221;][\/vc_column][\/vc_row][vc_row][vc_column][vc_empty_space height=&#8221;85px&#8221;][\/vc_column][\/vc_row]<\/p><\/div>","protected":false},"excerpt":{"rendered":"<p>[vc_row][vc_column width=&#8221;1\/4&#8243; css=&#8221;.vc_custom_1568712636578{padding-top: 0px !important;}&#8221;][vc_single_image image=&#8221;2479&#8243; img_size=&#8221;full&#8221; onclick=&#8221;custom_link&#8221; link=&#8221;\/&#8221; el_id=&#8221;logo&#8221; css=&#8221;.vc_custom_1568712630420{padding-right: 0px !important;padding-left: 0px !important;}&#8221;][\/vc_column][vc_column width=&#8221;3\/4&#8243; css=&#8221;.vc_custom_1568712652352{padding-top: 0px !important;}&#8221;][vc_wp_custommenu nav_menu=&#8221;21&#8243; el_class=&#8221;header-menu-glp&#8221;][\/vc_column][\/vc_row][vc_row][vc_column css=&#8221;.vc_custom_1567504304474{padding-top: 20px !important;padding-left: 0px !important;}&#8221;][vc_column_text][\/vc_column_text][\/vc_column][\/vc_row][vc_row][vc_column][vc_column_text css=&#8221;.vc_custom_1706718007534{margin-bottom: 16.8px !important;padding-top: 10px !important;}&#8221;]Contacto[\/vc_column_text][\/vc_column][\/vc_row][vc_row][vc_column][vc_empty_space height=&#8221;45px&#8221;][\/vc_column][\/vc_row][vc_row disable_element=&#8221;yes&#8221;][vc_column width=&#8221;2\/6&#8243;][vc_column_text el_class=&#8221;text-contacto-responsive&#8221;]Tel\u00e9fonos gratu\u00edtos[\/vc_column_text][\/vc_column][vc_column width=&#8221;4\/6&#8243;][vc_single_image image=&#8221;4085&#8243; img_size=&#8221;full&#8221; css=&#8221;.vc_custom_1706718671590{margin-top: 5px !important;}&#8221;][\/vc_column][\/vc_row][vc_row equal_height=&#8221;yes&#8221; content_placement=&#8221;middle&#8221;][vc_column width=&#8221;2\/6&#8243; offset=&#8221;vc_col-xs-6&#8243;][vc_column_text el_class=&#8221;text-contacto-responsive&#8221;]Tel\u00e9fonos gratu\u00edtos[\/vc_column_text][\/vc_column][vc_column width=&#8221;4\/6&#8243; offset=&#8221;vc_col-xs-6&#8243;][vc_single_image image=&#8221;4085&#8243; img_size=&#8221;full&#8221;][\/vc_column][\/vc_row][vc_row][vc_column][vc_empty_space height=&#8221;35px&#8221;][\/vc_column][\/vc_row][vc_row][vc_column width=&#8221;2\/6&#8243;][\/vc_column][vc_column width=&#8221;4\/6&#8243;][vc_column_text]900 [&hellip;]<\/p>\n","protected":false},"author":10,"featured_media":0,"parent":2730,"menu_order":0,"comment_status":"closed","ping_status":"closed","template":"","meta":{"footnotes":""},"class_list":["post-2819","page","type-page","status-publish","hentry"],"_links":{"self":[{"href":"https:\/\/www.gnredesglp.es\/gl\/wp-json\/wp\/v2\/pages\/2819","targetHints":{"allow":["GET"]}}],"collection":[{"href":"https:\/\/www.gnredesglp.es\/gl\/wp-json\/wp\/v2\/pages"}],"about":[{"href":"https:\/\/www.gnredesglp.es\/gl\/wp-json\/wp\/v2\/types\/page"}],"author":[{"embeddable":true,"href":"https:\/\/www.gnredesglp.es\/gl\/wp-json\/wp\/v2\/users\/10"}],"replies":[{"embeddable":true,"href":"https:\/\/www.gnredesglp.es\/gl\/wp-json\/wp\/v2\/comments?post=2819"}],"version-history":[{"count":12,"href":"https:\/\/www.gnredesglp.es\/gl\/wp-json\/wp\/v2\/pages\/2819\/revisions"}],"predecessor-version":[{"id":4686,"href":"https:\/\/www.gnredesglp.es\/gl\/wp-json\/wp\/v2\/pages\/2819\/revisions\/4686"}],"up":[{"embeddable":true,"href":"https:\/\/www.gnredesglp.es\/gl\/wp-json\/wp\/v2\/pages\/2730"}],"wp:attachment":[{"href":"https:\/\/www.gnredesglp.es\/gl\/wp-json\/wp\/v2\/media?parent=2819"}],"curies":[{"name":"wp","href":"https:\/\/api.w.org\/{rel}","templated":true}]}}