{"id":2815,"date":"2019-08-02T09:25:38","date_gmt":"2019-08-02T07:25:38","guid":{"rendered":"https:\/\/www.gnredesglp.es\/glp-inicio\/glp-colaboradores\/empresa-colaboradora\/"},"modified":"2019-09-19T11:26:34","modified_gmt":"2019-09-19T09:26:34","slug":"empresa-colaboradora","status":"publish","type":"page","link":"https:\/\/www.gnredesglp.es\/gl\/glp-inicio\/glp-colaboradores\/empresa-colaboradora\/","title":{"rendered":"Atenci\u00f3n a colaboradores"},"content":{"rendered":"<div class=\"wpb-content-wrapper\"><p>[vc_row][vc_column width=&#8221;1\/4&#8243; css=&#8221;.vc_custom_1568712494415{padding-top: 0px !important;}&#8221;][vc_single_image image=&#8221;2479&#8243; link=&#8221;\/&#8221; img_size=&#8221;full&#8221; el_id=&#8221;logo&#8221; css=&#8221;.vc_custom_1568712490571{padding-right: 0px !important;padding-left: 0px !important;}&#8221;][\/vc_column][vc_column width=&#8221;3\/4&#8243; css=&#8221;.vc_custom_1568712518563{padding-top: 0px !important;}&#8221;][vc_wp_custommenu nav_menu=&#8221;18&#8243; el_class=&#8221;header-menu-glp&#8221;][\/vc_column][\/vc_row][vc_row][vc_column css=&#8221;.vc_custom_1567504153035{padding-top: 20px !important;padding-left: 0px !important;}&#8221;][vc_column_text]<nav aria-label=\"breadcrumbs\">\n            <div class=\"breadcrumb-container theme1\">\n                <ol>\n                    <li><a title=\"Est\u00e1s en\" href=\"#\"><span>Est\u00e1s en<\/span><\/a><span class=\"separator\">\u00bb<\/span><\/li>\n                    <\/ol>\n            <\/div>\n        <\/nav>    <script type=\"application\/ld+json\">\n        {\n            \"@context\": \"http:\/\/schema.org\",\n            \"@type\": \"BreadcrumbList\",\n            \"itemListElement\": [\n                 {\n                            \"@type\": \"ListItem\",\n                            \"position\": 1,\n                            \"item\": {\n                                \"@id\": \"#\",\n                                \"name\": \"Est\u00e1s en\"\n                            }\n                        }\n                                                    ]\n        }\n    <\/script>\n   \n    <script>\n            <\/script>\n[\/vc_column_text][\/vc_column][\/vc_row][vc_row][vc_column][vc_column_text css=&#8221;.vc_custom_1567499818147{margin-bottom: 16.8px !important;padding-top: 10px !important;}&#8221;]<\/p><h1><span style=\"color: #004165; font-size: 24px;\"><strong>Empresa colaboradora<\/strong><\/span><\/h1><p>[\/vc_column_text][\/vc_column][\/vc_row][vc_row][vc_column css=&#8221;.vc_custom_1565706101365{margin-bottom: 20px !important;}&#8221;][vc_column_text el_class=&#8221;p-empresa-col&#8221; css=&#8221;.vc_custom_1568884811984{margin-bottom: 28.8px !important;}&#8221;]<span style=\"color: #333333; font-size: 16px;\">Acerca dir\u00edxese a empresas, aut\u00f3nomos ou asociaci\u00f3ns de calquera sector que estean interesados en colaborar con Gas Natural Redes GLP para traer un novo punto de subministraci\u00f3n.<\/span>[\/vc_column_text][\/vc_column][\/vc_row][vc_row][vc_column css=&#8221;.vc_custom_1565706069450{margin-bottom: 20px !important;}&#8221;][vc_column_text el_class=&#8221;p-empresa-col&#8221; css=&#8221;.vc_custom_1568884825025{padding-top: 10px !important;}&#8221;]<span style=\"color: #004165; font-size: 14px;\">A trav\u00e9s das nosas canles de contacto: <\/span>[\/vc_column_text][vc_column_text el_class=&#8221;p-empresa-col&#8221; css=&#8221;.vc_custom_1568884862581{padding-bottom: 10px !important;}&#8221;]<span style=\"color: #339966;\">\u221a <\/span><span style=\"color: #004165; font-size: 14px;\">Orientamos as empresas dentro de cada proceso de captaci\u00f3n e xesti\u00f3n dun punto de subministraci\u00f3n, de forma sinxela e eficiente.<\/span><\/p><p><span style=\"color: #339966;\">\u221a<\/span> <span style=\"color: #004165; font-size: 14px;\">Acompa\u00f1amos as empresas para que desenvolvan a s\u00faa actividade no territorio, mediante o apoio dun xestor persoal.<\/span><\/p><p><span style=\"color: #339966;\">\u221a<\/span> <span style=\"color: #004165; font-size: 14px;\">Organizamos acci\u00f3ns de proximidade para fortalecer a nosa relaci\u00f3n, ademais de mantelos sempre ao d\u00eda das novidades do sector.<\/span>[\/vc_column_text][\/vc_column][\/vc_row][vc_row el_class=&#8221;consiste-box-responsive box-atencion-responsive&#8221;][vc_column width=&#8221;1\/2&#8243; css=&#8221;.vc_custom_1568885015289{padding-top: 9px !important;padding-right: 0px !important;padding-bottom: 21px !important;padding-left: 0px !important;background-color: #f5f5f5 !important;}&#8221;][vc_column_text css=&#8221;.vc_custom_1568885081653{margin-bottom: 40px !important;}&#8221;]<\/p><p style=\"text-align: center;\"><span style=\"font-size: 24px; color: #e26e09;\"><strong>Ch\u00e1manos<\/strong><\/span><\/p><p>[\/vc_column_text][vc_single_image image=&#8221;2070&#8243; img_size=&#8221;full&#8221; alignment=&#8221;center&#8221; css=&#8221;.vc_custom_1568885187701{padding-bottom: 20px !important;}&#8221;][vc_column_text]<\/p><p style=\"text-align: center;\"><span style=\"color: #265d7c; font-size: 14px;\"><span class=\"parrafo texto-azul\">Ch\u00e1manos de <strong>luns a venres de 8 a 22 h<\/strong> e os <strong>s\u00e1bados de 9 a 14 h. <\/strong><\/span><\/span><br \/><span style=\"color: #e26e09; font-size: 24px;\"><strong>900 500 405<\/strong><\/span><\/p><p>[\/vc_column_text][\/vc_column][vc_column width=&#8221;1\/2&#8243; css=&#8221;.vc_custom_1567508510262{padding-top: 9px !important;padding-right: 0px !important;padding-left: 0px !important;background-color: #cfd8df !important;}&#8221;][vc_column_text css=&#8221;.vc_custom_1568885118460{margin-bottom: 40px !important;}&#8221;]<\/p><p style=\"text-align: center;\"><span style=\"font-size: 24px; color: #e26e09;\"><strong>Escr\u00edbenos<\/strong><\/span><\/p><p>[\/vc_column_text][vc_single_image image=&#8221;2074&#8243; img_size=&#8221;full&#8221; alignment=&#8221;center&#8221; css=&#8221;.vc_custom_1568885192639{padding-bottom: 20px !important;}&#8221;][vc_btn title=&#8221;canalacerca@gasnatural.com&#8221; align=&#8221;center&#8221; link=&#8221;url:mailto%3Acanalacerca%40gasnatural.com||target:%20_blank|&#8221; el_class=&#8221;btn-size&#8221; css=&#8221;.vc_custom_1567499712173{padding-top: 13px !important;}&#8221;][\/vc_column][\/vc_row]<\/p><\/div>","protected":false},"excerpt":{"rendered":"<p>[vc_row][vc_column width=&#8221;1\/4&#8243; css=&#8221;.vc_custom_1568712494415{padding-top: 0px !important;}&#8221;][vc_single_image image=&#8221;2479&#8243; link=&#8221;\/&#8221; img_size=&#8221;full&#8221; el_id=&#8221;logo&#8221; css=&#8221;.vc_custom_1568712490571{padding-right: 0px !important;padding-left: 0px !important;}&#8221;][\/vc_column][vc_column width=&#8221;3\/4&#8243; css=&#8221;.vc_custom_1568712518563{padding-top: 0px !important;}&#8221;][vc_wp_custommenu nav_menu=&#8221;18&#8243; el_class=&#8221;header-menu-glp&#8221;][\/vc_column][\/vc_row][vc_row][vc_column css=&#8221;.vc_custom_1567504153035{padding-top: 20px !important;padding-left: 0px !important;}&#8221;][vc_column_text][\/vc_column_text][\/vc_column][\/vc_row][vc_row][vc_column][vc_column_text css=&#8221;.vc_custom_1567499818147{margin-bottom: 16.8px !important;padding-top: 10px !important;}&#8221;]Empresa colaboradora[\/vc_column_text][\/vc_column][\/vc_row][vc_row][vc_column css=&#8221;.vc_custom_1565706101365{margin-bottom: 20px !important;}&#8221;][vc_column_text el_class=&#8221;p-empresa-col&#8221; css=&#8221;.vc_custom_1568884811984{margin-bottom: 28.8px !important;}&#8221;]Acerca dir\u00edxese a empresas, aut\u00f3nomos ou asociaci\u00f3ns de calquera sector que estean interesados en colaborar con Gas Natural [&hellip;]<\/p>\n","protected":false},"author":10,"featured_media":0,"parent":2812,"menu_order":0,"comment_status":"closed","ping_status":"closed","template":"","meta":{"footnotes":""},"class_list":["post-2815","page","type-page","status-publish","hentry"],"_links":{"self":[{"href":"https:\/\/www.gnredesglp.es\/gl\/wp-json\/wp\/v2\/pages\/2815","targetHints":{"allow":["GET"]}}],"collection":[{"href":"https:\/\/www.gnredesglp.es\/gl\/wp-json\/wp\/v2\/pages"}],"about":[{"href":"https:\/\/www.gnredesglp.es\/gl\/wp-json\/wp\/v2\/types\/page"}],"author":[{"embeddable":true,"href":"https:\/\/www.gnredesglp.es\/gl\/wp-json\/wp\/v2\/users\/10"}],"replies":[{"embeddable":true,"href":"https:\/\/www.gnredesglp.es\/gl\/wp-json\/wp\/v2\/comments?post=2815"}],"version-history":[{"count":3,"href":"https:\/\/www.gnredesglp.es\/gl\/wp-json\/wp\/v2\/pages\/2815\/revisions"}],"predecessor-version":[{"id":2818,"href":"https:\/\/www.gnredesglp.es\/gl\/wp-json\/wp\/v2\/pages\/2815\/revisions\/2818"}],"up":[{"embeddable":true,"href":"https:\/\/www.gnredesglp.es\/gl\/wp-json\/wp\/v2\/pages\/2812"}],"wp:attachment":[{"href":"https:\/\/www.gnredesglp.es\/gl\/wp-json\/wp\/v2\/media?parent=2815"}],"curies":[{"name":"wp","href":"https:\/\/api.w.org\/{rel}","templated":true}]}}