{"id":2805,"date":"2019-08-01T16:53:42","date_gmt":"2019-08-01T14:53:42","guid":{"rendered":"https:\/\/www.gnredesglp.es\/glp-inicio\/clientes\/operaciones-domiciliarias\/"},"modified":"2022-02-24T14:54:06","modified_gmt":"2022-02-24T12:54:06","slug":"operaciones-domiciliarias","status":"publish","type":"page","link":"https:\/\/www.gnredesglp.es\/gl\/glp-inicio\/clientes\/operaciones-domiciliarias\/","title":{"rendered":"Operaci\u00f3ns domiciliarias"},"content":{"rendered":"<div class=\"wpb-content-wrapper\"><p>[vc_row][vc_column width=&#8221;1\/4&#8243; css=&#8221;.vc_custom_1568712190761{padding-top: 0px !important;}&#8221;][vc_single_image image=&#8221;2479&#8243; img_size=&#8221;full&#8221; onclick=&#8221;custom_link&#8221; link=&#8221;\/&#8221; el_id=&#8221;logo&#8221; css=&#8221;.vc_custom_1568712187357{padding-right: 0px !important;padding-left: 0px !important;}&#8221;][\/vc_column][vc_column width=&#8221;3\/4&#8243; css=&#8221;.vc_custom_1568712211034{padding-top: 0px !important;}&#8221;][vc_wp_custommenu nav_menu=&#8221;21&#8243; el_class=&#8221;header-menu-glp&#8221;][\/vc_column][\/vc_row][vc_row][vc_column css=&#8221;.vc_custom_1567503360653{padding-top: 20px !important;}&#8221;][vc_column_text]<nav aria-label=\"breadcrumbs\">\n            <div class=\"breadcrumb-container theme1\">\n                <ol>\n                    <li><a title=\"Est\u00e1s en\" href=\"#\"><span>Est\u00e1s en<\/span><\/a><span class=\"separator\">\u00bb<\/span><\/li>\n                    <\/ol>\n            <\/div>\n        <\/nav>    <script type=\"application\/ld+json\">\n        {\n            \"@context\": \"http:\/\/schema.org\",\n            \"@type\": \"BreadcrumbList\",\n            \"itemListElement\": [\n                 {\n                            \"@type\": \"ListItem\",\n                            \"position\": 1,\n                            \"item\": {\n                                \"@id\": \"#\",\n                                \"name\": \"Est\u00e1s en\"\n                            }\n                        }\n                                                    ]\n        }\n    <\/script>\n   \n    <script>\n            <\/script>\n[\/vc_column_text][\/vc_column][\/vc_row][vc_row][vc_column][vc_column_text css=&#8221;.vc_custom_1568878081952{margin-bottom: 16.8px !important;}&#8221;]<\/p><h1><span style=\"color: #004165; font-size: 24px;\"><strong>Operaci\u00f3ns domiciliarias<\/strong><\/span><\/h1><p>[\/vc_column_text][\/vc_column][\/vc_row][vc_row][vc_column][vc_column_text el_class=&#8221;p-operaciones&#8221; css=&#8221;.vc_custom_1568878107057{margin-bottom: 28px !important;}&#8221;]<span style=\"color: #333333; font-size: 14px;\">Estas son as principais operaci\u00f3ns domiciliarias que a t\u00faa Distribuidora levar\u00e1 a cabo para certificar o correcto funcionamento e seguridade da t\u00faa instalaci\u00f3n de gas:<\/span>[\/vc_column_text][\/vc_column][\/vc_row][vc_section css=&#8221;.vc_custom_1567417040491{margin-top: 0px !important;margin-bottom: 0px !important;padding-top: 9px !important;padding-right: 9px !important;padding-bottom: 4px !important;padding-left: 9px !important;background-color: #cfd8df !important;}&#8221; el_class=&#8221;section-op-domiciliarias&#8221;][vc_row][vc_column][vc_column_text el_class=&#8221;p-operaciones&#8221; css=&#8221;.vc_custom_1568878119361{padding-bottom: 4px !important;}&#8221;]<span style=\"color: #004165; font-size: 14px;\"><strong>Reapertura IRI: sen certificado, con certificado(1), por pagamento de d\u00e9beda(2)<\/strong><\/span>[\/vc_column_text][\/vc_column][\/vc_row][vc_row][vc_column][vc_column_text el_class=&#8221;p-operaciones&#8221; css=&#8221;.vc_custom_1568878132098{padding-top: 9px !important;padding-bottom: 4px !important;}&#8221;]<span style=\"color: #004165; font-size: 14px;\">Operaci\u00f3n para po\u00f1er en servizo a t\u00faa instalaci\u00f3n individual. Para iso, o t\u00e9cnico far\u00e1 unha proba de estanquidade da t\u00faa instalaci\u00f3n, tam\u00e9n comprobar\u00e1 que a t\u00faa caldeira ou quentador realiza correctamente a combusti\u00f3n e revisar\u00e1 que se corrixise calquera outra anomal\u00eda que motivase o peche da instalaci\u00f3n. No caso de detectar un funcionamento an\u00f3malo ou dano no contador, este tam\u00e9n poder\u00e1 ser substitu\u00eddo.<\/span>[\/vc_column_text][\/vc_column][\/vc_row][vc_row][vc_column css=&#8221;.vc_custom_1567414420222{padding-bottom: 0px !important;}&#8221;][vc_column_text el_class=&#8221;p-operaciones&#8221; css=&#8221;.vc_custom_1568878145089{padding-top: 9px !important;padding-bottom: 4px !important;}&#8221;]<span style=\"color: #004165; font-size: 14px;\"><strong>Reapertura IRC sen certificado \u00a0<\/strong><\/span>[\/vc_column_text][\/vc_column][\/vc_row][vc_row][vc_column css=&#8221;.vc_custom_1567414430503{padding-bottom: 0px !important;}&#8221;][vc_column_text el_class=&#8221;p-operaciones&#8221; css=&#8221;.vc_custom_1568878158905{padding-top: 9px !important;padding-bottom: 4px !important;}&#8221;]<span style=\"color: #004165; font-size: 14px;\">Operaci\u00f3n para po\u00f1er en servizo todos os puntos de subministraci\u00f3n en instalaci\u00f3ns com\u00fans pechadas total ou parcialmente. Nesta operaci\u00f3n, o t\u00e9cnico realiza unha proba de estanquidade da instalaci\u00f3n, tanto com\u00fan coma individual, e naquelas vivendas onde o cliente estea ausente, deixaralle un aviso con toda a informaci\u00f3n necesaria para continuar a subministraci\u00f3n.<\/span>[\/vc_column_text][\/vc_column][\/vc_row][vc_row][vc_column css=&#8221;.vc_custom_1567416778761{padding-bottom: 0px !important;}&#8221;][vc_column_text el_class=&#8221;p-operaciones&#8221; css=&#8221;.vc_custom_1568878173345{padding-top: 9px !important;padding-bottom: 4px !important;}&#8221;]<span style=\"color: #004165; font-size: 14px;\"><strong>Cesamento de subministraci\u00f3n \u00a0<\/strong><\/span>[\/vc_column_text][\/vc_column][\/vc_row][vc_row][vc_column css=&#8221;.vc_custom_1567414386939{padding-top: 9px !important;}&#8221;][vc_column_text el_class=&#8221;p-operaciones&#8221; css=&#8221;.vc_custom_1568878187448{padding-top: 9px !important;padding-bottom: 4px !important;}&#8221;]<span style=\"color: #004165; font-size: 14px;\">Sup\u00f3n a rescisi\u00f3n de contrato e posta en seguridade da instalaci\u00f3n individual. O t\u00e9cnico retirar\u00e1 o contador e deixar\u00e1 a instalaci\u00f3n en seguridade.<\/span>[\/vc_column_text][\/vc_column][\/vc_row][vc_row][vc_column][vc_column_text el_class=&#8221;p-operaciones&#8221; css=&#8221;.vc_custom_1568878199592{padding-top: 9px !important;padding-bottom: 4px !important;}&#8221;]<span style=\"color: #004165; font-size: 14px;\"><strong>Cambio de contador \u00a0<\/strong><\/span>[\/vc_column_text][\/vc_column][\/vc_row][vc_row][vc_column][vc_column_text el_class=&#8221;p-operaciones&#8221; css=&#8221;.vc_custom_1568878214990{padding-top: 9px !important;padding-bottom: 4px !important;}&#8221;]<span style=\"color: #004165; font-size: 14px;\">Nesta operaci\u00f3n o t\u00e9cnico substituir\u00e1 o contador por outro das mesmas caracter\u00edsticas e realizar\u00e1 unha proba de estanquidade da instalaci\u00f3n. <\/span>[\/vc_column_text][\/vc_column][\/vc_row][vc_row][vc_column][vc_column_text el_class=&#8221;p-operaciones&#8221; css=&#8221;.vc_custom_1568878228852{padding-top: 9px !important;padding-bottom: 4px !important;}&#8221;]<span style=\"color: #004165; font-size: 14px;\"><strong>Comprobar se marca \u00a0<\/strong><\/span>[\/vc_column_text][\/vc_column][\/vc_row][vc_row][vc_column][vc_column_text el_class=&#8221;p-operaciones&#8221; css=&#8221;.vc_custom_1568878245318{padding-top: 9px !important;padding-bottom: 4px !important;}&#8221;]<span style=\"color: #004165; font-size: 14px;\">Operaci\u00f3n para determinar que o contador rexistra o consumo correctamente. O t\u00e9cnico comprobar\u00e1 que o contador marca o mesmo que o indicado na placa dos aparatos instalados. No caso de que non marque correctamente, substituirase por outro. <\/span>[\/vc_column_text][\/vc_column][\/vc_row][vc_row][vc_column][vc_column_text el_class=&#8221;p-operaciones&#8221; css=&#8221;.vc_custom_1568878272376{padding-top: 9px !important;padding-bottom: 4px !important;}&#8221;]<span style=\"color: #004165; font-size: 14px;\"><strong>Peche a petici\u00f3n de distribuidora \u00a0<\/strong><\/span>[\/vc_column_text][\/vc_column][\/vc_row][vc_row][vc_column][vc_column_text el_class=&#8221;p-operaciones&#8221; css=&#8221;.vc_custom_1568878295288{padding-top: 9px !important;padding-bottom: 4px !important;}&#8221;]<span style=\"color: #004165; font-size: 14px;\">Operaci\u00f3n de corte da subministraci\u00f3n de gas por d\u00e9beda pendente co distribuidor. Para iso, o t\u00e9cnico pechar\u00e1, bloquear\u00e1 e precintar\u00e1 a instalaci\u00f3n, ata que o cliente normalice a s\u00faa situaci\u00f3n.<\/span>[\/vc_column_text][\/vc_column][\/vc_row][vc_row][vc_column][vc_column_text el_class=&#8221;p-operaciones&#8221; css=&#8221;.vc_custom_1568878314784{padding-top: 9px !important;padding-bottom: 4px !important;}&#8221;]<span style=\"color: #004165; font-size: 14px;\"><strong>Verificar predio ou datos IRC<\/strong><\/span>[\/vc_column_text][\/vc_column][\/vc_row][vc_row][vc_column][vc_column_text el_class=&#8221;p-operaciones&#8221; css=&#8221;.vc_custom_1568878328025{padding-top: 9px !important;padding-bottom: 4px !important;}&#8221;]<span style=\"color: #004165; font-size: 14px;\">Operaci\u00f3n que ten como obxectivo confirmar diversos datos dunha edificio, estrutura, r\u00faa, n\u00famero e ordenaci\u00f3n de bater\u00eda de contadores.<\/span>[\/vc_column_text][\/vc_column][\/vc_row][vc_row][vc_column][vc_column_text el_class=&#8221;p-operaciones&#8221; css=&#8221;.vc_custom_1568878339584{padding-top: 9px !important;padding-bottom: 4px !important;}&#8221;]<span style=\"color: #004165; font-size: 14px;\"><strong>Verificar lectura<\/strong><\/span>[\/vc_column_text][\/vc_column][\/vc_row][vc_row][vc_column][vc_column_text el_class=&#8221;p-operaciones&#8221; css=&#8221;.vc_custom_1568878354000{padding-top: 9px !important;padding-bottom: 4px !important;}&#8221;]<span style=\"color: #004165; font-size: 14px;\">Operaci\u00f3n para verificar a lectura e datos do contador, as\u00ed como para identificar o punto de subministraci\u00f3n. <\/span>[\/vc_column_text][\/vc_column][\/vc_row][vc_row][vc_column][vc_column_text el_class=&#8221;p-operaciones&#8221; css=&#8221;.vc_custom_1568878366565{padding-top: 9px !important;padding-bottom: 4px !important;}&#8221;]<span style=\"color: #004165; font-size: 14px;\"><strong>Levantar contador por obras <\/strong><\/span>[\/vc_column_text][\/vc_column][\/vc_row][vc_row][vc_column][vc_column_text el_class=&#8221;p-operaciones&#8221; css=&#8221;.vc_custom_1568878379690{padding-top: 9px !important;}&#8221;]<span style=\"color: #004165; font-size: 14px;\">Operaci\u00f3n para desmontar o contador por obra ou reforma. Durante esta operaci\u00f3n, o t\u00e9cnico pechar\u00e1, bloquear\u00e1 e precintar\u00e1 a instalaci\u00f3n, deixando o contador desmontado na vivenda do cliente.<\/span>[\/vc_column_text][\/vc_column][\/vc_row][\/vc_section][vc_row][vc_column][vc_empty_space][\/vc_column][\/vc_row][vc_row][vc_column][vc_column_text el_class=&#8221;p-operaciones&#8221; css=&#8221;.vc_custom_1567417091409{padding-bottom: 7px !important;}&#8221;]<\/p><h2><span style=\"color: #333333; font-size: 14px;\"><strong>Ficheros relacionados<\/strong><\/span><\/h2><p>[\/vc_column_text][\/vc_column][\/vc_row][vc_row][vc_column][vc_column_text el_class=&#8221;p-operaciones&#8221;]<span style=\"color: #004065; font-size: 14px;\"><a class=\"abreEnVentanaNueva\" lang=\"es\" style=\"color: #004065;\" xml:lang=\"es\" href=\"\/wp-content\/uploads\/2022\/02\/Redes-GLP-Tarifas-operaciones-t\u00e9cnicas-febrero-2022.pdf\" target=\"_blank\" rel=\"noopener noreferrer\">Descarga aqu\u00ed as tarifas analizadas por comunidades aut\u00f3nomas<\/a> (PDF 225 Kb) <\/span><img decoding=\"async\" style=\"color: #004065; font-size: 14px;\" src=\"https:\/\/www.gnredesglp.es\/wp-content\/uploads\/2020\/04\/ico_ventana_nueva.png\" \/>[\/vc_column_text][\/vc_column][\/vc_row][vc_row][vc_column el_class=&#8221;dotted-op-domiciliarias&#8221; css=&#8221;.vc_custom_1565249181281{margin-bottom: 0px !important;}&#8221;][vc_tta_accordion style=&#8221;modern&#8221; gap=&#8221;30&#8243; c_icon=&#8221;chevron&#8221; active_section=&#8221;69&#8243; css_animation=&#8221;bottom-to-top&#8221; collapsible_all=&#8221;true&#8221;][vc_tta_section title=&#8221;*Glosario de termos&#8221; tab_id=&#8221;1585088245296-aa7f0fac-c01c&#8221; el_class=&#8221;title-collapsed-content p-colaboradores&#8221;][vc_row_inner][vc_column_inner width=&#8221;1\/3&#8243;][vc_column_text]<span style=\"color: #004065; font-size: 12px;\"><strong>*Glosario de termos<\/strong><\/span>[\/vc_column_text][\/vc_column_inner][vc_column_inner width=&#8221;1\/3&#8243;][vc_column_text]<\/p><h2 class=\"ent-disclaimer-titulo\"><span style=\"color: #333333; font-size: 12px;\"><strong style=\"font-size: 14px;\">Instalaci\u00f3n receptora com\u00fan (IRC)<\/strong><span style=\"font-size: 12px;\">:Conxunto de conduci\u00f3ns e accesorios comprendidos entre a chave de acometida (exclu\u00edda esta) e as chaves de conexi\u00f3n de aparato (inclu\u00eddo estas), quedando exclu\u00eddos os tramos de conexi\u00f3n dos aparatos. <\/span><\/span><\/h2><p><span style=\"color: #333333; font-size: 12px;\"><strong>Instalaci\u00f3n receptora individual (IRI)<\/strong>: Conxunto de conduci\u00f3ns e accesorios comprendidos, segundo o caso, entre: a chave de usuario, cando existe instalaci\u00f3n com\u00fan; ou a chave de acometida ou de edificio, cando subministran un s\u00f3 usuario.<\/span><\/p><p><span style=\"color: #333333; font-size: 12px;\"><strong>Certificado<\/strong>: Documento expedido por unha empresa instaladora autorizada que garante por un per\u00edodo determinado calquera deficiencia na instalaci\u00f3n realizada, atribu\u00edble a unha mala execuci\u00f3n e contra toda consecuencia que se derive.<\/span><\/p><p><span style=\"color: #333333; font-size: 12px;\"><strong>Proba de estanquidade<\/strong>: Comprobaci\u00f3n da ausencia de fugas na instalaci\u00f3n individual ou com\u00fan.<\/span><\/p><p><span style=\"color: #333333; font-size: 12px;\"><strong>Proba de combusti\u00f3n:<\/strong> Comprobaci\u00f3n da correcta hixiene do proceso de combusti\u00f3n.<\/span>[\/vc_column_text][\/vc_column_inner][vc_column_inner width=&#8221;1\/3&#8243;][vc_column_text]<span style=\"color: #004065; font-size: 12px;\"><sup>(1)<\/sup> Cando se substitu\u00edu\/substitu\u00edron aparato\/s por outro\/s de diferente\/s caracter\u00edsticas e\/ou a instalaci\u00f3n sufriu modificaci\u00f3nssuperiores a un metro.<\/span><\/p><p><span style=\"color: #004065; font-size: 12px;\"><sup>(2)<\/sup>Cando o cliente satisfixo unha d\u00e9beda coa s\u00faa comercializadora.<\/span>[\/vc_column_text][\/vc_column_inner][\/vc_row_inner][\/vc_tta_section][\/vc_tta_accordion][\/vc_column][\/vc_row]<\/p><\/div>","protected":false},"excerpt":{"rendered":"<p>[vc_row][vc_column width=&#8221;1\/4&#8243; css=&#8221;.vc_custom_1568712190761{padding-top: 0px !important;}&#8221;][vc_single_image image=&#8221;2479&#8243; img_size=&#8221;full&#8221; onclick=&#8221;custom_link&#8221; link=&#8221;\/&#8221; el_id=&#8221;logo&#8221; css=&#8221;.vc_custom_1568712187357{padding-right: 0px !important;padding-left: 0px !important;}&#8221;][\/vc_column][vc_column width=&#8221;3\/4&#8243; css=&#8221;.vc_custom_1568712211034{padding-top: 0px !important;}&#8221;][vc_wp_custommenu nav_menu=&#8221;21&#8243; el_class=&#8221;header-menu-glp&#8221;][\/vc_column][\/vc_row][vc_row][vc_column css=&#8221;.vc_custom_1567503360653{padding-top: 20px !important;}&#8221;][vc_column_text][\/vc_column_text][\/vc_column][\/vc_row][vc_row][vc_column][vc_column_text css=&#8221;.vc_custom_1568878081952{margin-bottom: 16.8px !important;}&#8221;]Operaci\u00f3ns domiciliarias[\/vc_column_text][\/vc_column][\/vc_row][vc_row][vc_column][vc_column_text el_class=&#8221;p-operaciones&#8221; css=&#8221;.vc_custom_1568878107057{margin-bottom: 28px !important;}&#8221;]Estas son as principais operaci\u00f3ns domiciliarias que a t\u00faa Distribuidora levar\u00e1 a cabo para certificar o correcto funcionamento e seguridade da t\u00faa instalaci\u00f3n de [&hellip;]<\/p>\n","protected":false},"author":10,"featured_media":0,"parent":2754,"menu_order":0,"comment_status":"closed","ping_status":"closed","template":"","meta":{"footnotes":""},"class_list":["post-2805","page","type-page","status-publish","hentry"],"_links":{"self":[{"href":"https:\/\/www.gnredesglp.es\/gl\/wp-json\/wp\/v2\/pages\/2805","targetHints":{"allow":["GET"]}}],"collection":[{"href":"https:\/\/www.gnredesglp.es\/gl\/wp-json\/wp\/v2\/pages"}],"about":[{"href":"https:\/\/www.gnredesglp.es\/gl\/wp-json\/wp\/v2\/types\/page"}],"author":[{"embeddable":true,"href":"https:\/\/www.gnredesglp.es\/gl\/wp-json\/wp\/v2\/users\/10"}],"replies":[{"embeddable":true,"href":"https:\/\/www.gnredesglp.es\/gl\/wp-json\/wp\/v2\/comments?post=2805"}],"version-history":[{"count":13,"href":"https:\/\/www.gnredesglp.es\/gl\/wp-json\/wp\/v2\/pages\/2805\/revisions"}],"predecessor-version":[{"id":3846,"href":"https:\/\/www.gnredesglp.es\/gl\/wp-json\/wp\/v2\/pages\/2805\/revisions\/3846"}],"up":[{"embeddable":true,"href":"https:\/\/www.gnredesglp.es\/gl\/wp-json\/wp\/v2\/pages\/2754"}],"wp:attachment":[{"href":"https:\/\/www.gnredesglp.es\/gl\/wp-json\/wp\/v2\/media?parent=2805"}],"curies":[{"name":"wp","href":"https:\/\/api.w.org\/{rel}","templated":true}]}}