{"id":2791,"date":"2019-08-02T11:03:24","date_gmt":"2019-08-02T09:03:24","guid":{"rendered":"https:\/\/www.gnredesglp.es\/glp-inicio\/clientes\/inspeccion-periodica\/no-he-superado-la-inspeccion\/"},"modified":"2025-04-21T11:56:20","modified_gmt":"2025-04-21T09:56:20","slug":"no-he-superado-la-inspeccion","status":"publish","type":"page","link":"https:\/\/www.gnredesglp.es\/gl\/glp-inicio\/clientes\/inspeccion-periodica\/no-he-superado-la-inspeccion\/","title":{"rendered":"Non superei a inspecci\u00f3n"},"content":{"rendered":"<div class=\"wpb-content-wrapper\"><p>[vc_row][vc_column width=&#8221;1\/4&#8243; css=&#8221;.vc_custom_1568711670435{padding-top: 0px !important;}&#8221;][vc_single_image image=&#8221;2479&#8243; img_size=&#8221;full&#8221; onclick=&#8221;custom_link&#8221; link=&#8221;\/&#8221; el_id=&#8221;logo&#8221; css=&#8221;.vc_custom_1568711664095{padding-right: 0px !important;padding-left: 0px !important;}&#8221;][\/vc_column][vc_column width=&#8221;3\/4&#8243; css=&#8221;.vc_custom_1568711688470{padding-top: 0px !important;}&#8221;][vc_wp_custommenu nav_menu=&#8221;21&#8243; el_class=&#8221;header-menu-glp&#8221;][\/vc_column][\/vc_row][vc_row][vc_column css=&#8221;.vc_custom_1567503699271{padding-top: 20px !important;padding-left: 0px !important;}&#8221;][vc_column_text]<nav aria-label=\"breadcrumbs\">\n            <div class=\"breadcrumb-container theme1\">\n                <ol>\n                    <li><a title=\"Est\u00e1s en\" href=\"#\"><span>Est\u00e1s en<\/span><\/a><span class=\"separator\">\u00bb<\/span><\/li>\n                    <\/ol>\n            <\/div>\n        <\/nav>    <script type=\"application\/ld+json\">\n        {\n            \"@context\": \"http:\/\/schema.org\",\n            \"@type\": \"BreadcrumbList\",\n            \"itemListElement\": [\n                 {\n                            \"@type\": \"ListItem\",\n                            \"position\": 1,\n                            \"item\": {\n                                \"@id\": \"#\",\n                                \"name\": \"Est\u00e1s en\"\n                            }\n                        }\n                                                    ]\n        }\n    <\/script>\n   \n    <script>\n            <\/script>\n[\/vc_column_text][\/vc_column][\/vc_row][vc_row][vc_column][vc_column_text css=&#8221;.vc_custom_1744037327541{margin-bottom: 16.8px !important;padding-top: 10px !important;}&#8221;]<\/p><h1><span style=\"color: #004165; font-size: 24px;\"><strong>Que son as anomal\u00edas detectadas na revisi\u00f3n do gas?<\/strong><\/span><\/h1><p>[\/vc_column_text][vc_column_text css=&#8221;.vc_custom_1744042714050{margin-top: 40px !important;}&#8221;]As anomal\u00edas son <strong>incumprimentos de normativa<\/strong>, e requiren da s\u00faa correcci\u00f3n por criterios de seguridade.<br \/>No caso de que se detecten anomal\u00edas durante a inspecci\u00f3n, proc\u00e9dese a identificalas na acta de inspecci\u00f3n co correspondente informe de anomal\u00edas.[\/vc_column_text][\/vc_column][\/vc_row][vc_row][vc_column][vc_empty_space height=&#8221;55px&#8221;][\/vc_column][\/vc_row][vc_row][vc_column css=&#8221;.vc_custom_1679582992663{padding-top: 0px !important;}&#8221;][vc_custom_heading text=&#8221;<strong>Como se corrixen as anomal\u00edas detectadas?<\/strong>&#8221; font_container=&#8221;tag:h2|font_size:24px|text_align:left|color:%23004065|line_height:120%25&#8243; use_theme_fonts=&#8221;yes&#8221;][vc_row_inner css=&#8221;.vc_custom_1744044379170{margin-top: 30px !important;margin-right: 0px !important;margin-left: 0px !important;background-color: #ebf0f3 !important;}&#8221;][vc_column_inner css=&#8221;.vc_custom_1679582671750{padding-top: 35px !important;padding-right: 40px !important;padding-bottom: 35px !important;padding-left: 40px !important;}&#8221;][vc_column_text css=&#8221;.vc_custom_1744044938763{margin-top: 8px !important;}&#8221;]Cumpre coa normativa e mant\u00e9n a t\u00faa instalaci\u00f3n de gas segura:<\/p><ul class=\"anomalias_detectadas\" style=\"margin-top: 25px;\"><li><strong>Obrigatoria por lei cada 5 anos<\/strong>, dentro do ano natural en que se produza o vencemento deste per\u00edodo (R.\u00a0D. 984\/2015).<\/li><li>A t\u00faa empresa comercializadora cobrar\u00e1 o importe da inspecci\u00f3n na seguinte factura de gas.<\/li><\/ul><p>[\/vc_column_text][\/vc_column_inner][\/vc_row_inner][vc_row_inner css=&#8221;.vc_custom_1744044638540{margin-right: 0px !important;margin-left: 0px !important;padding-bottom: 10px !important;background-color: #ebf0f3 !important;}&#8221;][vc_column_inner width=&#8221;1\/3&#8243; css=&#8221;.vc_custom_1679582671750{padding-top: 35px !important;padding-right: 40px !important;padding-bottom: 35px !important;padding-left: 40px !important;}&#8221;][vc_single_image image=&#8221;4539&#8243; img_size=&#8221;full&#8221; css=&#8221;.vc_custom_1744062404344{padding-top: 4px !important;padding-bottom: 4px !important;}&#8221;][vc_column_text css=&#8221;.vc_custom_1744042289376{margin-top: 28px !important;}&#8221; el_class=&#8221;titulo_aviso&#8221;]<strong>Contratar unha empresa instaladora habilitada<\/strong>[\/vc_column_text][vc_column_text css=&#8221;.vc_custom_1744041679411{margin-top: 18px !important;}&#8221;]Podes consultar a listaxe de instaladores no web do Ministerio:[\/vc_column_text][vc_btn title=&#8221;Consultar listaxe&#8221; align=&#8221;left&#8221; link=&#8221;url:https%3A%2F%2Fdatos.gob.es%2Fes%2Fcatalogo%2Fe05024301-consulta-registro-integrado-industrial-instaladores-gas|target:_blank|&#8221; el_class=&#8221;boton_descarga&#8221; css=&#8221;.vc_custom_1744041885898{margin-top: 25px !important;padding-top: 0px !important;padding-bottom: 0px !important;}&#8221;][\/vc_column_inner][vc_column_inner width=&#8221;1\/3&#8243; css=&#8221;.vc_custom_1679582702140{padding-top: 35px !important;padding-right: 40px !important;padding-bottom: 35px !important;padding-left: 40px !important;}&#8221;][vc_single_image image=&#8221;4542&#8243; img_size=&#8221;full&#8221;][vc_column_text css=&#8221;.vc_custom_1744042303144{margin-top: 28px !important;}&#8221; el_class=&#8221;titulo_aviso&#8221;]<strong>Corrixir a anomal\u00eda e entregar o xustificante<\/strong>[\/vc_column_text][vc_column_text css=&#8221;.vc_custom_1744042432847{margin-top: 18px !important;}&#8221;]A empresa instaladora elixida debe corrixir a anomal\u00eda e entregarche o <a href=\"https:\/\/www.gnredesglp.es\/wp-content\/uploads\/2025\/04\/JCA-Redes-GLP.pdf\" target=\"_blank\" rel=\"noopener noreferrer\">xustificante de correcci\u00f3n de anomal\u00edas<\/a> unha vez resolto o problema.[\/vc_column_text][vc_btn title=&#8221;Descargar xustificante&#8221; align=&#8221;left&#8221; link=&#8221;url:https%3A%2F%2Fwww.gnredesglp.es%2Fwp-content%2Fuploads%2F2025%2F04%2FJCA-Redes-GLP.pdf|target:_blank|&#8221; el_class=&#8221;boton_descarga&#8221; css=&#8221;.vc_custom_1744041921314{margin-top: 25px !important;padding-top: 0px !important;padding-bottom: 0px !important;}&#8221;][\/vc_column_inner][vc_column_inner width=&#8221;1\/3&#8243; css=&#8221;.vc_custom_1706734151206{padding-top: 35px !important;padding-right: 40px !important;padding-bottom: 35px !important;padding-left: 40px !important;}&#8221;][vc_single_image image=&#8221;4532&#8243; img_size=&#8221;full&#8221; css=&#8221;.vc_custom_1744062421270{padding-top: 1px !important;padding-bottom: 2px !important;}&#8221;][vc_column_text css=&#8221;.vc_custom_1744042313826{margin-top: 28px !important;}&#8221; el_class=&#8221;titulo_aviso&#8221;]<strong>Quen entrega o xustificante?<\/strong>[\/vc_column_text][vc_column_text css=&#8221;.vc_custom_1744042392793{margin-top: 18px !important;}&#8221;]<\/p><p style=\"word-wrap: anywhere;\">O instalador autorizado deber\u00e1 enviar o <a href=\"https:\/\/www.gnredesglp.es\/wp-content\/uploads\/2025\/04\/JCA-Redes-GLP.pdf\" target=\"_blank\" rel=\"noopener noreferrer\">justificante de correcci\u00f3n de anomal\u00edas<\/a> lo antes posible a la distribuidora a trav\u00e9s del \u00e1rea privada de colaboradores de nuestra web o, si prefieres hacerlo t\u00fa mismo, lo has de enviar al correo electr\u00f3nico <a href=\"mailto:inspeccionperiodicaGLP@gnredesGLP.es\" target=\"_blank\" rel=\"noopener noreferrer\">inspeccionperiodicaGLP@gnredesGLP.es<\/a><\/p><p>[\/vc_column_text][\/vc_column_inner][\/vc_row_inner][\/vc_column][\/vc_row][vc_row css=&#8221;.vc_custom_1744044792029{margin-top: 55px !important;}&#8221;][vc_column][vc_column_text el_class=&#8221;titulo-ausente&#8221; css=&#8221;.vc_custom_1743752313220{margin-bottom: 10px !important;}&#8221;]<\/p><h2><span style=\"color: #004165; font-size: 24px;\"><strong>Preguntas frecuentes<\/strong><\/span><\/h2><p>[\/vc_column_text][\/vc_column][\/vc_row][vc_row css=&#8221;.vc_custom_1743770824753{margin-bottom: 75px !important;}&#8221;][vc_column][vc_tta_accordion style=&#8221;modern&#8221; gap=&#8221;30&#8243; c_icon=&#8221;chevron&#8221; active_section=&#8221;1&#8243; css_animation=&#8221;bottom-to-top&#8221; collapsible_all=&#8221;true&#8221; el_class=&#8221;preguntas_frecuentes&#8221; css=&#8221;.vc_custom_1743770788063{margin-top: 12px !important;}&#8221;][vc_tta_section title=&#8221;Quen corrixe as anomal\u00edas?&#8221; tab_id=&#8221;1583159811368-39b22422-0da3&#8243; el_class=&#8221;title-collapsed-content p-colaboradores&#8221;][vc_row_inner][vc_column_inner][vc_column_text]O instalador ou empresa autorizada, ou o servizo de asistencia t\u00e9cnica.<\/p><p>Ning\u00fan dos t\u00e9cnicos que realice a inspecci\u00f3n obrigatoria pode proceder \u00e1 s\u00faa correcci\u00f3n (nin n\u00f3s como a t\u00faa empresa distribuidora nin a empresa instaladora da t\u00faa elecci\u00f3n para realizar a inspecci\u00f3n).[\/vc_column_text][\/vc_column_inner][\/vc_row_inner][\/vc_tta_section][\/vc_tta_accordion][vc_tta_accordion style=&#8221;modern&#8221; gap=&#8221;30&#8243; c_icon=&#8221;chevron&#8221; active_section=&#8221;1&#8243; css_animation=&#8221;bottom-to-top&#8221; collapsible_all=&#8221;true&#8221; css=&#8221;.vc_custom_1743770346069{margin-top: 25px !important;}&#8221; el_class=&#8221;preguntas_frecuentes&#8221;][vc_tta_section title=&#8221;Quen restablece a subministraci\u00f3n?&#8221; tab_id=&#8221;1743768080082-b1d21d0e-6f00&#8243; el_class=&#8221;title-collapsed-content p-colaboradores&#8221;][vc_row_inner][vc_column_inner][vc_column_text]Se se produciu un peche total ou parcial na instalaci\u00f3n individual ou nos aparellos a gas tras detectar anomal\u00edas, o mesmo instalador que as corrixa deber\u00e1 restablecer a subministraci\u00f3n tras resolvelas.<\/p><p>Se o corte se fixo sobre a instalaci\u00f3n comunitaria, o instalador deber\u00e1 po\u00f1erse en contacto connosco para restablecer a subministraci\u00f3n en todo o predio.[\/vc_column_text][\/vc_column_inner][\/vc_row_inner][\/vc_tta_section][\/vc_tta_accordion][vc_tta_accordion style=&#8221;modern&#8221; gap=&#8221;30&#8243; c_icon=&#8221;chevron&#8221; active_section=&#8221;1&#8243; css_animation=&#8221;bottom-to-top&#8221; collapsible_all=&#8221;true&#8221; css=&#8221;.vc_custom_1743770346069{margin-top: 25px !important;}&#8221; el_class=&#8221;preguntas_frecuentes&#8221;][vc_tta_section title=&#8221;Que pasa se non env\u00edo o xustificante de correcci\u00f3n de anomal\u00edas?&#8221; tab_id=&#8221;1743770881186-f0bfda70-3e20&#8243; el_class=&#8221;title-collapsed-content p-colaboradores&#8221;][vc_row_inner][vc_column_inner][vc_column_text]Se non recibimos o <a href=\"https:\/\/www.gnredesglp.es\/wp-content\/uploads\/2025\/04\/JCA-Redes-GLP.pdf\" target=\"_blank\" rel=\"noopener noreferrer\">xustificante de correcci\u00f3n de anomal\u00edas<\/a>, non teremos constancia de que se corrixiron as anomal\u00edas e figurar\u00e1 que a t\u00faa instalaci\u00f3n non cumpre coa normativa vixente, o que pode levar \u00e1 interrupci\u00f3n da subministraci\u00f3n de gas.[\/vc_column_text][\/vc_column_inner][\/vc_row_inner][\/vc_tta_section][\/vc_tta_accordion][vc_tta_accordion style=&#8221;modern&#8221; gap=&#8221;30&#8243; c_icon=&#8221;chevron&#8221; active_section=&#8221;1&#8243; css_animation=&#8221;bottom-to-top&#8221; collapsible_all=&#8221;true&#8221; css=&#8221;.vc_custom_1743770346069{margin-top: 25px !important;}&#8221; el_class=&#8221;preguntas_frecuentes&#8221;][vc_tta_section title=&#8221;Canto tempo te\u00f1o para corrixir a anomal\u00eda que detectastes durante a inspecci\u00f3n peri\u00f3dica?&#8221; tab_id=&#8221;1744009351462-6aae4578-6b80&#8243; el_class=&#8221;title-collapsed-content p-colaboradores&#8221;][vc_row_inner][vc_column_inner][vc_column_text]Durante a inspecci\u00f3n, o noso t\u00e9cnico informoute e entregouche a documentaci\u00f3n na que podes encontrar os devanditos prazos, que son 15 d\u00edas h\u00e1biles para defectos principais e 6 meses para os secundarios ou leves. Ac\u00f3rdate de que o instalador nos env\u00ede <a href=\"https:\/\/www.gnredesglp.es\/wp-content\/uploads\/2025\/04\/JCA-Redes-GLP.pdf\" target=\"_blank\" rel=\"noopener noreferrer\">o xustificante de correcci\u00f3n de anomal\u00edas<\/a> polas canles habilitadas.[\/vc_column_text][\/vc_column_inner][\/vc_row_inner][\/vc_tta_section][\/vc_tta_accordion][vc_tta_accordion style=&#8221;modern&#8221; gap=&#8221;30&#8243; c_icon=&#8221;chevron&#8221; active_section=&#8221;1&#8243; css_animation=&#8221;bottom-to-top&#8221; collapsible_all=&#8221;true&#8221; css=&#8221;.vc_custom_1743770346069{margin-top: 25px !important;}&#8221; el_class=&#8221;preguntas_frecuentes&#8221;][vc_tta_section title=&#8221;Que se fai unha vez resolta a anomal\u00eda?&#8221; tab_id=&#8221;1744043715539-363dd3e7-07ea&#8221; el_class=&#8221;title-collapsed-content p-colaboradores&#8221;][vc_row_inner][vc_column_inner][vc_column_text]Unha vez corrixida a anomal\u00eda, o instalador autorizado ou o servizo t\u00e9cnico do teu aparello de gas debe entregarche unha copia deste\u00a0<a href=\"https:\/\/www.gnredesglp.es\/wp-content\/uploads\/2025\/04\/JCA-Redes-GLP.pdf\" target=\"_blank\" rel=\"noopener noreferrer\">justificante de correcci\u00f3n de anomal\u00edas<\/a> correctamente cumplimentado y nos lo tiene que enviar, escaneado o una foto de p\u00e1gina completa, a trav\u00e9s del \u00e1rea privada de colaboradores de nuestra web, o si decides hac\u00e9rnoslo llegar t\u00fa mismo, lo has de enviar al correo electr\u00f3nico <a href=\"mailto:inspeccionperiodicaGLP@gnredesGLP.es\" target=\"_blank\" rel=\"noopener noreferrer\">inspeccionperiodicaGLP@gnredesGLP.es<\/a>.[\/vc_column_text][\/vc_column_inner][\/vc_row_inner][\/vc_tta_section][\/vc_tta_accordion][\/vc_column][\/vc_row]<\/p><\/div>","protected":false},"excerpt":{"rendered":"<p>[vc_row][vc_column width=&#8221;1\/4&#8243; css=&#8221;.vc_custom_1568711670435{padding-top: 0px !important;}&#8221;][vc_single_image image=&#8221;2479&#8243; img_size=&#8221;full&#8221; onclick=&#8221;custom_link&#8221; link=&#8221;\/&#8221; el_id=&#8221;logo&#8221; css=&#8221;.vc_custom_1568711664095{padding-right: 0px !important;padding-left: 0px !important;}&#8221;][\/vc_column][vc_column width=&#8221;3\/4&#8243; css=&#8221;.vc_custom_1568711688470{padding-top: 0px !important;}&#8221;][vc_wp_custommenu nav_menu=&#8221;21&#8243; el_class=&#8221;header-menu-glp&#8221;][\/vc_column][\/vc_row][vc_row][vc_column css=&#8221;.vc_custom_1567503699271{padding-top: 20px !important;padding-left: 0px !important;}&#8221;][vc_column_text][\/vc_column_text][\/vc_column][\/vc_row][vc_row][vc_column][vc_column_text css=&#8221;.vc_custom_1744037327541{margin-bottom: 16.8px !important;padding-top: 10px !important;}&#8221;]Que son as anomal\u00edas detectadas na revisi\u00f3n do gas?[\/vc_column_text][vc_column_text css=&#8221;.vc_custom_1744042714050{margin-top: 40px !important;}&#8221;]As anomal\u00edas son incumprimentos de normativa, e requiren da s\u00faa correcci\u00f3n por criterios de [&hellip;]<\/p>\n","protected":false},"author":10,"featured_media":0,"parent":2761,"menu_order":0,"comment_status":"closed","ping_status":"closed","template":"","meta":{"footnotes":""},"class_list":["post-2791","page","type-page","status-publish","hentry"],"_links":{"self":[{"href":"https:\/\/www.gnredesglp.es\/gl\/wp-json\/wp\/v2\/pages\/2791","targetHints":{"allow":["GET"]}}],"collection":[{"href":"https:\/\/www.gnredesglp.es\/gl\/wp-json\/wp\/v2\/pages"}],"about":[{"href":"https:\/\/www.gnredesglp.es\/gl\/wp-json\/wp\/v2\/types\/page"}],"author":[{"embeddable":true,"href":"https:\/\/www.gnredesglp.es\/gl\/wp-json\/wp\/v2\/users\/10"}],"replies":[{"embeddable":true,"href":"https:\/\/www.gnredesglp.es\/gl\/wp-json\/wp\/v2\/comments?post=2791"}],"version-history":[{"count":15,"href":"https:\/\/www.gnredesglp.es\/gl\/wp-json\/wp\/v2\/pages\/2791\/revisions"}],"predecessor-version":[{"id":4629,"href":"https:\/\/www.gnredesglp.es\/gl\/wp-json\/wp\/v2\/pages\/2791\/revisions\/4629"}],"up":[{"embeddable":true,"href":"https:\/\/www.gnredesglp.es\/gl\/wp-json\/wp\/v2\/pages\/2761"}],"wp:attachment":[{"href":"https:\/\/www.gnredesglp.es\/gl\/wp-json\/wp\/v2\/media?parent=2791"}],"curies":[{"name":"wp","href":"https:\/\/api.w.org\/{rel}","templated":true}]}}