{"id":2754,"date":"2019-08-01T15:45:47","date_gmt":"2019-08-01T13:45:47","guid":{"rendered":"https:\/\/www.gnredesglp.es\/glp-inicio\/clientes\/"},"modified":"2025-10-24T11:25:50","modified_gmt":"2025-10-24T09:25:50","slug":"clientes","status":"publish","type":"page","link":"https:\/\/www.gnredesglp.es\/gl\/glp-inicio\/clientes\/","title":{"rendered":"Clientes"},"content":{"rendered":"<div class=\"wpb-content-wrapper\"><p>[vc_row][vc_column width=&#8221;1\/4&#8243; css=&#8221;.vc_custom_1568711279696{padding-top: 0px !important;}&#8221;][vc_single_image image=&#8221;2479&#8243; img_size=&#8221;full&#8221; onclick=&#8221;custom_link&#8221; link=&#8221;\/&#8221; el_id=&#8221;logo&#8221; css=&#8221;.vc_custom_1568711274863{padding-right: 0px !important;padding-left: 0px !important;}&#8221;][\/vc_column][vc_column width=&#8221;3\/4&#8243; css=&#8221;.vc_custom_1568711298734{padding-top: 0px !important;}&#8221;][vc_wp_custommenu nav_menu=&#8221;21&#8243; el_class=&#8221;header-menu-glp&#8221;][\/vc_column][\/vc_row][vc_row][vc_column css=&#8221;.vc_custom_1567503474779{margin-left: 0px !important;padding-top: 20px !important;padding-left: 0px !important;}&#8221;][vc_column_text css=&#8221;.vc_custom_1567502525594{margin-left: 0px !important;padding-right: 0px !important;padding-left: 0px !important;}&#8221;]<nav aria-label=\"breadcrumbs\">\n            <div class=\"breadcrumb-container theme1\">\n                <ol>\n                    <li><a title=\"Est\u00e1s en\" href=\"#\"><span>Est\u00e1s en<\/span><\/a><span class=\"separator\">\u00bb<\/span><\/li>\n                    <\/ol>\n            <\/div>\n        <\/nav>    <script type=\"application\/ld+json\">\n        {\n            \"@context\": \"http:\/\/schema.org\",\n            \"@type\": \"BreadcrumbList\",\n            \"itemListElement\": [\n                 {\n                            \"@type\": \"ListItem\",\n                            \"position\": 1,\n                            \"item\": {\n                                \"@id\": \"#\",\n                                \"name\": \"Est\u00e1s en\"\n                            }\n                        }\n                                                    ]\n        }\n    <\/script>\n   \n    <script>\n            <\/script>\n[\/vc_column_text][\/vc_column][\/vc_row][vc_row][vc_column][vc_column_text css=&#8221;.vc_custom_1568818475366{padding-bottom: 20px !important;}&#8221;]<\/p><h1><strong><span style=\"color: #004165; font-size: 24px;\">Servizos para clientes<\/span><\/strong><\/h1><p>[\/vc_column_text][\/vc_column][\/vc_row][vc_row][vc_column width=&#8221;1\/4&#8243;][vc_single_image image=&#8221;1887&#8243; img_size=&#8221;full&#8221; alignment=&#8221;center&#8221;][\/vc_column][vc_column width=&#8221;3\/4&#8243;][vc_row_inner css=&#8221;.vc_custom_1567589710334{padding-top: 15px !important;}&#8221;][vc_column_inner][vc_column_text css=&#8221;.vc_custom_1567589570806{padding-bottom: 10px !important;}&#8221;]<\/p><h2 class=\"titulo\"><strong><span style=\"color: #004165; font-size: 14px;\"><a style=\"color: #004165;\" href=\"\/glp-inicio\/clientes\/lectura\">Lectura<\/a><\/span><\/strong><\/h2><p>[\/vc_column_text][\/vc_column_inner][vc_column_inner][vc_column_text el_class=&#8221;p-clientes&#8221;]<\/p><p style=\"font-size: 14px;\"><span style=\"color: #333333;\">A lectura do contador \u00e9 importante para que a t\u00faa factura reflicta os consumos reais. Consulta como podes facernos chegar a t\u00faa lectura.<\/span><\/p><p>[\/vc_column_text][\/vc_column_inner][\/vc_row_inner][\/vc_column][\/vc_row][vc_row][vc_column][vc_empty_space height=&#8221;20px&#8221;][\/vc_column][\/vc_row][vc_row][vc_column width=&#8221;1\/4&#8243;][vc_single_image image=&#8221;1896&#8243; img_size=&#8221;full&#8221; alignment=&#8221;center&#8221;][\/vc_column][vc_column width=&#8221;3\/4&#8243;][vc_row_inner css=&#8221;.vc_custom_1567589728062{padding-top: 15px !important;}&#8221;][vc_column_inner][vc_column_text css=&#8221;.vc_custom_1568818565171{padding-bottom: 10px !important;}&#8221;]<\/p><h2 class=\"titulo\"><strong><span style=\"color: #004165; font-size: 14px;\"><a style=\"color: #004165;\" href=\"\/glp-inicio\/clientes\/inspeccion-periodica\">A t\u00faa inspecci\u00f3n peri\u00f3dica<\/a><\/span><\/strong><\/h2><p>[\/vc_column_text][\/vc_column_inner][vc_column_inner][vc_column_text el_class=&#8221;p-clientes&#8221;]<\/p><p style=\"font-size: 14px;\"><span style=\"color: #333333;\">Debes realizar a inspecci\u00f3n peri\u00f3dica da t\u00faa instalaci\u00f3n cada 5 anos. Explic\u00e1mosche<\/span>\u00a0<span style=\"color: #004165;\"><a style=\"color: #004165;\" href=\"https:\/\/www.gnredesglp.es\/es\/inicio\/clientes\/1297117100856\/inspeccion+periodica.html\">todos os detalles&#8230;<\/a><\/span><\/p><p>[\/vc_column_text][\/vc_column_inner][\/vc_row_inner][\/vc_column][\/vc_row][vc_row][vc_column][vc_empty_space height=&#8221;20px&#8221;][\/vc_column][\/vc_row][vc_row][vc_column width=&#8221;1\/4&#8243;][vc_single_image image=&#8221;1902&#8243; img_size=&#8221;full&#8221; alignment=&#8221;center&#8221;][\/vc_column][vc_column width=&#8221;3\/4&#8243;][vc_row_inner css=&#8221;.vc_custom_1567589734719{padding-top: 15px !important;}&#8221;][vc_column_inner][vc_column_text css=&#8221;.vc_custom_1568818610052{padding-bottom: 10px !important;}&#8221;]<\/p><h2 class=\"titulo\"><strong><span style=\"color: #004165; font-size: 14px;\"><a style=\"color: #004165;\" href=\"\/glp-inicio\/clientes\/operaciones-domiciliarias\">Operaci\u00f3ns domiciliarias<\/a><\/span><\/strong><\/h2><p>[\/vc_column_text][\/vc_column_inner][vc_column_inner][vc_column_text el_class=&#8221;p-clientes&#8221;]<\/p><p style=\"font-size: 14px;\"><span style=\"color: #333333;\">Principais operaci\u00f3ns para certificar o correcto funcionamento e seguridade da t\u00faa instalaci\u00f3n de gas: <\/span><\/p><p>[\/vc_column_text][\/vc_column_inner][\/vc_row_inner][\/vc_column][\/vc_row][vc_row][vc_column][vc_empty_space height=&#8221;20px&#8221;][\/vc_column][\/vc_row][vc_row][vc_column width=&#8221;1\/4&#8243;][vc_single_image image=&#8221;1908&#8243; alignment=&#8221;center&#8221;][\/vc_column][vc_column width=&#8221;3\/4&#8243;][vc_row_inner css=&#8221;.vc_custom_1567589746565{padding-top: 15px !important;}&#8221;][vc_column_inner][vc_column_text css=&#8221;.vc_custom_1567589592443{padding-bottom: 10px !important;}&#8221;]<\/p><h2 class=\"titulo\"><strong><span style=\"color: #004165; font-size: 14px;\"><a style=\"color: #004165;\" href=\"\/glp-inicio\/clientes\/facturacion\">Facturaci\u00f3n<\/a><\/span><\/strong><\/h2><p>[\/vc_column_text][\/vc_column_inner][vc_column_inner][vc_column_text el_class=&#8221;p-clientes&#8221;]<\/p><p style=\"font-size: 14px;\"><span style=\"color: #333333;\">Explicaci\u00f3n visual e sinxela da t\u00faa factura de gas para que entendas toda a informaci\u00f3n que cont\u00e9n.<\/span><\/p><ul class=\"clientes\"><li>Se queres activar a factura en li\u00f1a, cobre <a href=\"https:\/\/www.gnredesglp.es\/gl\/glp-inicio\/glp-contacto\/formulario-de-contacto\/\" rel=\"noopener noreferrer\">este formulario<\/a> indic\u00e1ndoo.<\/li><li><a href=\"https:\/\/areaprivada.redesglp.gasnatural.com\/#!\/login\" target=\"_blank\" rel=\"noopener noreferrer\">Paga en li\u00f1a a t\u00faa factura<\/a><\/li><\/ul><p>[\/vc_column_text][\/vc_column_inner][\/vc_row_inner][\/vc_column][\/vc_row][vc_row][vc_column][vc_empty_space height=&#8221;20px&#8221;][\/vc_column][\/vc_row][vc_row disable_element=&#8221;yes&#8221;][vc_column width=&#8221;1\/4&#8243;][vc_single_image image=&#8221;1912&#8243; img_size=&#8221;full&#8221; alignment=&#8221;center&#8221;][\/vc_column][vc_column width=&#8221;3\/4&#8243;][vc_row_inner css=&#8221;.vc_custom_1567589769577{padding-top: 15px !important;}&#8221;][vc_column_inner][vc_column_text css=&#8221;.vc_custom_1568818666187{padding-bottom: 10px !important;}&#8221;]<\/p><h2 class=\"titulo\"><strong><span style=\"color: #004165; font-size: 14px;\"><a style=\"color: #004165;\" href=\"\/gl\/mantenimiento-2\/\">Mantemento<\/a><\/span><\/strong><\/h2><p>[\/vc_column_text][\/vc_column_inner][vc_column_inner][vc_column_text el_class=&#8221;p-clientes&#8221;]<\/p><p style=\"font-size: 14px;\"><span style=\"color: #333333;\">Servizo de mantemento dom\u00e9stico, preventivo e correctivo de Gas Natural Redes GLP para os seus clientes de gas propano. <\/span><\/p><p>[\/vc_column_text][\/vc_column_inner][\/vc_row_inner][\/vc_column][\/vc_row][vc_row][vc_column][vc_empty_space height=&#8221;20px&#8221;][\/vc_column][\/vc_row]<\/p><\/div>","protected":false},"excerpt":{"rendered":"<p>[vc_row][vc_column width=&#8221;1\/4&#8243; css=&#8221;.vc_custom_1568711279696{padding-top: 0px !important;}&#8221;][vc_single_image image=&#8221;2479&#8243; img_size=&#8221;full&#8221; onclick=&#8221;custom_link&#8221; link=&#8221;\/&#8221; el_id=&#8221;logo&#8221; css=&#8221;.vc_custom_1568711274863{padding-right: 0px !important;padding-left: 0px !important;}&#8221;][\/vc_column][vc_column width=&#8221;3\/4&#8243; css=&#8221;.vc_custom_1568711298734{padding-top: 0px !important;}&#8221;][vc_wp_custommenu nav_menu=&#8221;21&#8243; el_class=&#8221;header-menu-glp&#8221;][\/vc_column][\/vc_row][vc_row][vc_column css=&#8221;.vc_custom_1567503474779{margin-left: 0px !important;padding-top: 20px !important;padding-left: 0px !important;}&#8221;][vc_column_text css=&#8221;.vc_custom_1567502525594{margin-left: 0px !important;padding-right: 0px !important;padding-left: 0px !important;}&#8221;][\/vc_column_text][\/vc_column][\/vc_row][vc_row][vc_column][vc_column_text css=&#8221;.vc_custom_1568818475366{padding-bottom: 20px !important;}&#8221;]Servizos para clientes[\/vc_column_text][\/vc_column][\/vc_row][vc_row][vc_column width=&#8221;1\/4&#8243;][vc_single_image image=&#8221;1887&#8243; img_size=&#8221;full&#8221; alignment=&#8221;center&#8221;][\/vc_column][vc_column width=&#8221;3\/4&#8243;][vc_row_inner css=&#8221;.vc_custom_1567589710334{padding-top: 15px !important;}&#8221;][vc_column_inner][vc_column_text css=&#8221;.vc_custom_1567589570806{padding-bottom: 10px !important;}&#8221;]Lectura[\/vc_column_text][\/vc_column_inner][vc_column_inner][vc_column_text el_class=&#8221;p-clientes&#8221;]A lectura do contador [&hellip;]<\/p>\n","protected":false},"author":10,"featured_media":0,"parent":2730,"menu_order":0,"comment_status":"closed","ping_status":"closed","template":"","meta":{"footnotes":""},"class_list":["post-2754","page","type-page","status-publish","hentry"],"_links":{"self":[{"href":"https:\/\/www.gnredesglp.es\/gl\/wp-json\/wp\/v2\/pages\/2754","targetHints":{"allow":["GET"]}}],"collection":[{"href":"https:\/\/www.gnredesglp.es\/gl\/wp-json\/wp\/v2\/pages"}],"about":[{"href":"https:\/\/www.gnredesglp.es\/gl\/wp-json\/wp\/v2\/types\/page"}],"author":[{"embeddable":true,"href":"https:\/\/www.gnredesglp.es\/gl\/wp-json\/wp\/v2\/users\/10"}],"replies":[{"embeddable":true,"href":"https:\/\/www.gnredesglp.es\/gl\/wp-json\/wp\/v2\/comments?post=2754"}],"version-history":[{"count":5,"href":"https:\/\/www.gnredesglp.es\/gl\/wp-json\/wp\/v2\/pages\/2754\/revisions"}],"predecessor-version":[{"id":4715,"href":"https:\/\/www.gnredesglp.es\/gl\/wp-json\/wp\/v2\/pages\/2754\/revisions\/4715"}],"up":[{"embeddable":true,"href":"https:\/\/www.gnredesglp.es\/gl\/wp-json\/wp\/v2\/pages\/2730"}],"wp:attachment":[{"href":"https:\/\/www.gnredesglp.es\/gl\/wp-json\/wp\/v2\/media?parent=2754"}],"curies":[{"name":"wp","href":"https:\/\/api.w.org\/{rel}","templated":true}]}}