{"id":2736,"date":"2019-08-02T11:30:46","date_gmt":"2019-08-02T09:30:46","guid":{"rendered":"https:\/\/www.gnredesglp.es\/glp-inicio\/ahorro-y-eficiencia\/"},"modified":"2019-09-18T16:53:14","modified_gmt":"2019-09-18T14:53:14","slug":"ahorro-y-eficiencia","status":"publish","type":"page","link":"https:\/\/www.gnredesglp.es\/gl\/glp-inicio\/ahorro-y-eficiencia\/","title":{"rendered":"Aforro e eficiencia"},"content":{"rendered":"<div class=\"wpb-content-wrapper\"><p>[vc_row][vc_column width=&#8221;1\/4&#8243; css=&#8221;.vc_custom_1568711164456{padding-top: 0px !important;}&#8221;][vc_single_image image=&#8221;2479&#8243; link=&#8221;\/&#8221; img_size=&#8221;full&#8221; el_id=&#8221;logo&#8221; css=&#8221;.vc_custom_1568711154805{padding-right: 0px !important;padding-left: 0px !important;}&#8221;][\/vc_column][vc_column width=&#8221;3\/4&#8243; css=&#8221;.vc_custom_1568711185842{padding-top: 0px !important;}&#8221;][vc_wp_custommenu nav_menu=&#8221;21&#8243; el_class=&#8221;header-menu-glp&#8221;][\/vc_column][\/vc_row][vc_row][vc_column css=&#8221;.vc_custom_1567504206160{padding-top: 20px !important;padding-left: 0px !important;}&#8221;][vc_column_text]<nav aria-label=\"breadcrumbs\">\n            <div class=\"breadcrumb-container theme1\">\n                <ol>\n                    <li><a title=\"Est\u00e1s en\" href=\"#\"><span>Est\u00e1s en<\/span><\/a><span class=\"separator\">\u00bb<\/span><\/li>\n                    <\/ol>\n            <\/div>\n        <\/nav>    <script type=\"application\/ld+json\">\n        {\n            \"@context\": \"http:\/\/schema.org\",\n            \"@type\": \"BreadcrumbList\",\n            \"itemListElement\": [\n                 {\n                            \"@type\": \"ListItem\",\n                            \"position\": 1,\n                            \"item\": {\n                                \"@id\": \"#\",\n                                \"name\": \"Est\u00e1s en\"\n                            }\n                        }\n                                                    ]\n        }\n    <\/script>\n   \n    <script>\n            <\/script>\n[\/vc_column_text][\/vc_column][\/vc_row][vc_row][vc_column][vc_column_text el_class=&#8221;titulo&#8221; css=&#8221;.vc_custom_1568817703542{margin-bottom: 16.8px !important;}&#8221;]<\/p><h1><strong><span style=\"color: #004165; font-size: 24px;\">Aforro e eficiencia<\/span><\/strong><\/h1><p>[\/vc_column_text][\/vc_column][\/vc_row][vc_row css=&#8221;.vc_custom_1567606879906{background-color: #f5f5f5 !important;}&#8221; el_class=&#8221;titulo-container consiste-box-responsive&#8221;][vc_column css=&#8221;.vc_custom_1567090532199{padding-top: 0px !important;padding-right: 0px !important;padding-bottom: 0px !important;padding-left: 0px !important;}&#8221;][vc_column_text css=&#8221;.vc_custom_1568817768607{padding-top: 9px !important;padding-right: 9px !important;padding-bottom: 9px !important;padding-left: 9px !important;}&#8221; el_class=&#8221;consiste-box-responsive&#8221;]<span class=\"ante-titulo texto-azul\" style=\"color: #265d7c; font-size: 14px;\">Coidar o medio ambiente e a contorna que nos rodea \u00e9 responsabilidade de todos. Dado que os recursos da natureza son limitados, temos que facer un consumo responsable da enerx\u00eda. Os fogares son os responsables do 17% do consumo enerx\u00e9tico de Espa\u00f1a, polo que todos os cidad\u00e1ns podemos colaborar na reduci\u00f3n deste consumo. Con estes pequenos xestos para ser m\u00e1is eficientes coa enerx\u00eda no fogar, entre todos tam\u00e9n contribuiremos a unha mellor preservaci\u00f3n do medio ambiente.<\/span>[\/vc_column_text][\/vc_column][\/vc_row][vc_row][vc_column width=&#8221;1\/4&#8243; css=&#8221;.vc_custom_1567090568411{padding-top: 0px !important;}&#8221;][vc_single_image image=&#8221;706&#8243; img_size=&#8221;250&#215;180&#8243; alignment=&#8221;center&#8221; css=&#8221;.vc_custom_1567606950329{padding-top: 7px !important;padding-right: 7px !important;padding-bottom: 7px !important;padding-left: 7px !important;}&#8221;][\/vc_column][vc_column width=&#8221;3\/4&#8243; css=&#8221;.vc_custom_1567424850672{margin-left: 0px !important;padding-top: 0px !important;}&#8221;][vc_column_text css=&#8221;.vc_custom_1568817800279{margin-top: 40px !important;padding-top: 0px !important;}&#8221;]<span class=\"ante-titulo texto-azul\" style=\"color: #265d7c; font-size: 14px;\">A calefacci\u00f3n sup\u00f3n preto do 39% do consumo enerx\u00e9tico dos fogares, polo que \u00e9 moi importante prestar especial atenci\u00f3n \u00e1 climatizaci\u00f3n do noso fogar.<\/span>[\/vc_column_text][vc_column_text]<span class=\"titulo texto-naranja\" style=\"color: #e26e09; font-size: 28px;\">Climatizaci\u00f3n<\/span>[\/vc_column_text][\/vc_column][\/vc_row][vc_row css=&#8221;.vc_custom_1564739453830{margin-right: 0px !important;margin-bottom: -5px !important;margin-left: 0px !important;}&#8221;][vc_column css=&#8221;.vc_custom_1567424389496{padding-left: 0px !important;}&#8221;][vc_column_text css=&#8221;.vc_custom_1568817824931{padding-top: 9px !important;}&#8221;]<span style=\"color: #339966;\">\u221a<\/span><span style=\"color: #004165; font-size: 13px;\"> Realizar o mantemento peri\u00f3dico das caldeiras e equipos de calefacci\u00f3n para mantelas en \u00f3ptimo funcionamento.<\/span>[\/vc_column_text][vc_column_text]<span style=\"color: #339966;\">\u221a<\/span><span style=\"color: #004165; font-size: 13px;\"> Para aforrar en calefacci\u00f3n, c\u00f3mpre axustar o term\u00f3stato entre 19 \u00baC e 21 \u00baC. Cando non haxa ningu\u00e9n na casa, mantelo entre 15 \u00baC e 17 \u00baC. En ver\u00e1n, a\u00a0 \u00a0 \u00a0 \u00a0 \u00a0 \u00a0 \u00a0 \u00a0 temperatura \u00f3ptima \u00e9 duns 25 \u00b0C<\/span>[\/vc_column_text][vc_column_text]<span style=\"color: #339966;\">\u221a<\/span> <span style=\"color: #004165; font-size: 13px;\">As reixas de ventilaci\u00f3n deben estar en perfectas condici\u00f3ns, sen obstruci\u00f3ns.<\/span>[\/vc_column_text][vc_column_text]<span style=\"color: #339966;\">\u221a<\/span>\u00a0<span style=\"color: #004165; font-size: 13px;\">As modificaci\u00f3ns en instalaci\u00f3ns ou en aparatos de gas deben ser realizadas por empresas instaladoras habilitadas.<\/span>[\/vc_column_text][vc_column_text]<span style=\"color: #339966;\">\u221a<\/span><span style=\"color: #004165; font-size: 13px;\"> O mellor lugar para colocar os radiadores \u00e9 debaixo da vent\u00e1. As\u00ed, favoreceremos a correcta difusi\u00f3n do aire polo cuarto.<\/span>[\/vc_column_text][vc_column_text]<span style=\"color: #339966;\">\u221a<\/span> <span style=\"color: #004165; font-size: 13px;\">Hai que purgar os radiadores da vivenda periodicamente.<\/span>[\/vc_column_text][vc_column_text]<span style=\"color: #339966;\">\u221a<\/span> <span style=\"color: #004165; font-size: 13px;\">Pechar as chaves dos radiadores das estancias que non se utilicen habitualmente e manter a porta pechada.<\/span>[\/vc_column_text][vc_column_text]<span style=\"color: #339966;\">\u221a<\/span> <span style=\"color: #004165; font-size: 13px;\">As cortinas evitan perdas de calor, a\u00ednda que non deben tapar nin obstru\u00edr os radiadores.<\/span>[\/vc_column_text][vc_column_text]<span style=\"color: #339966;\">\u221a<\/span> <span style=\"color: #004165; font-size: 13px;\">Pechar as vent\u00e1s e cortinas pola noite para evitar perdas de calor.<\/span>[\/vc_column_text][vc_column_text css=&#8221;.vc_custom_1568817966875{padding-bottom: 9px !important;}&#8221;]<span style=\"color: #339966;\">\u221a<\/span><span style=\"color: #004165; font-size: 13px;\"> Con s\u00f3 10 minutos a primeira hora da ma\u00f1\u00e1, p\u00f3dense ventilar as estancias.<\/span>[\/vc_column_text][\/vc_column][\/vc_row][vc_row el_class=&#8221;img-ahorro&#8221;][vc_column width=&#8221;1\/4&#8243;][vc_single_image image=&#8221;702&#8243; img_size=&#8221;250&#215;134&#8243; alignment=&#8221;center&#8221; css=&#8221;.vc_custom_1567606957149{padding-top: 7px !important;padding-right: 7px !important;padding-bottom: 7px !important;padding-left: 7px !important;}&#8221;][\/vc_column][vc_column width=&#8221;3\/4&#8243; css=&#8221;.vc_custom_1567424915700{margin-left: 0px !important;}&#8221;][vc_column_text css=&#8221;.vc_custom_1568817982670{margin-top: 30px !important;margin-bottom: 0px !important;}&#8221;]<span class=\"ante-titulo texto-azul\" style=\"color: #265d7c; font-size: 14px;\">O 40% das perdas de calor prod\u00facense polas vent\u00e1s. Con pequenas melloras no illamento, podemos conseguir importantes aforros enerx\u00e9ticos e econ\u00f3micos.<\/span>[\/vc_column_text][vc_column_text]<span class=\"titulo texto-naranja\" style=\"color: #e26e09; font-size: 28px;\">Illamento<\/span>[\/vc_column_text][\/vc_column][\/vc_row][vc_row][vc_column][vc_column_text css=&#8221;.vc_custom_1568818005119{padding-top: 9px !important;}&#8221;]<span style=\"color: #339966;\">\u221a<\/span> <span style=\"color: #004165; font-size: 13px;\">Instalar dobre vent\u00e1 ou substitu\u00edr o vidro e a carpintar\u00eda das vent\u00e1s por outras m\u00e1is eficientes.<\/span>[\/vc_column_text][vc_column_text]<span style=\"color: #339966;\">\u221a<\/span> <span style=\"color: #004165; font-size: 13px;\">Un fogar ben illado reduce os custos de calefacci\u00f3n entre un 20% e un 40%<\/span>[\/vc_column_text][vc_column_text]<span style=\"color: #339966;\">\u221a<\/span> <span style=\"color: #004165; font-size: 13px;\">Vix\u00eda que as caixas das persianas non te\u00f1an fendas e estean convenientemente illadas.<\/span>[\/vc_column_text][vc_column_text css=&#8221;.vc_custom_1568818041225{padding-bottom: 9px !important;}&#8221;]<span style=\"color: #339966;\">\u221a<\/span><span style=\"color: #004165; font-size: 13px;\"> Empregar silicona, masilla ou burletes para diminu\u00edr posibles perdas de calor.<\/span>[\/vc_column_text][\/vc_column][\/vc_row][vc_row el_class=&#8221;img-ahorro&#8221;][vc_column width=&#8221;1\/4&#8243;][vc_single_image image=&#8221;366&#8243; img_size=&#8221;250&#215;168&#8243; alignment=&#8221;center&#8221; css=&#8221;.vc_custom_1567606963217{padding-top: 7px !important;padding-right: 7px !important;padding-bottom: 7px !important;padding-left: 7px !important;}&#8221;][\/vc_column][vc_column width=&#8221;3\/4&#8243; css=&#8221;.vc_custom_1567424952399{margin-left: 0px !important;}&#8221;][vc_column_text css=&#8221;.vc_custom_1568818065315{margin-top: 30px !important;margin-bottom: 0px !important;}&#8221;]<span class=\"ante-titulo texto-azul\" style=\"color: #265d7c; font-size: 14px;\"> A auga quente sanitaria (ACS), cun 12,6%, \u00e9 o segundo foco de consumo enerx\u00e9tico nos fogares espa\u00f1ois, polo que \u00e9 necesario ter en conta unha serie de medidas de aforro e boas pr\u00e1cticas.<\/span>[\/vc_column_text][vc_column_text]<span class=\"titulo texto-naranja\" style=\"color: #e26309; font-size: 28px;\">Uso da auga<\/span>[\/vc_column_text][\/vc_column][\/vc_row][vc_row][vc_column][vc_column_text css=&#8221;.vc_custom_1568818093790{padding-top: 9px !important;}&#8221;]<span style=\"color: #339966;\">\u221a<\/span><span style=\"color: #004165; font-size: 13px;\"> Mellor unha ducha que un ba\u00f1o: unha ducha gasta uns 50 litros de auga, mentres que a ba\u00f1eira chea gasta uns 300 litros.<\/span>[\/vc_column_text][vc_column_text]<span style=\"color: #339966;\">\u221a<\/span><span style=\"color: #004165; font-size: 13px;\"> Pechar as billas mentres non utilicemos a auga, xa que por unha billa aberta saen 10 litros por minuto.<\/span>[\/vc_column_text][vc_column_text]<span style=\"color: #339966;\">\u221a<\/span> <span style=\"color: #004165; font-size: 13px;\">Hai que reparar as billas que perdan auga; unha billa que gotea pode gastar ata 30 litros ao d\u00eda.<\/span>[\/vc_column_text][vc_column_text]<span style=\"color: #339966;\">\u221a<\/span> <span style=\"color: #004165; font-size: 13px;\">Instalar nas billas dispositivos redutores do caudal; enr\u00f3scanse nas mesmas billas e reducen o consumo ata na metade.<\/span>[\/vc_column_text][vc_column_text]<span style=\"color: #339966;\">\u221a<\/span> <span style=\"color: #004165; font-size: 13px;\">Limitar as temperaturas m\u00e1ximas de almacenado e distribuci\u00f3n para reducir perdas t\u00e9rmicas.<\/span>[\/vc_column_text][vc_column_text css=&#8221;.vc_custom_1568818161364{padding-bottom: 9px !important;}&#8221;]<span style=\"color: #339966;\">\u221a<\/span><span style=\"color: #004165; font-size: 13px;\"> As canalizaci\u00f3ns polas que transcorre deben estar perfectamente illadas. Canto m\u00e1is longo sexa o percorrido, m\u00e1is perdas haber\u00e1.<\/span>[\/vc_column_text][\/vc_column][\/vc_row][vc_row el_class=&#8221;img-ahorro&#8221;][vc_column width=&#8221;1\/4&#8243;][vc_single_image image=&#8221;704&#8243; img_size=&#8221;250&#215;167&#8243; alignment=&#8221;center&#8221; css=&#8221;.vc_custom_1567606968802{padding-top: 7px !important;padding-right: 7px !important;padding-bottom: 7px !important;padding-left: 7px !important;}&#8221;][\/vc_column][vc_column width=&#8221;3\/4&#8243; css=&#8221;.vc_custom_1567428045973{margin-left: 0px !important;}&#8221;][vc_column_text css=&#8221;.vc_custom_1568818176994{margin-top: 30px !important;margin-bottom: 0px !important;}&#8221;]<span class=\"ante-titulo texto-azul\" style=\"color: #265d7c; font-size: 14px;\">O gas natural como enerx\u00eda ofrece m\u00faltiples vantaxes \u00e1 hora de coci\u00f1ar. Ademais, en comparaci\u00f3n con outras enerx\u00edas, o gas natural resulta tam\u00e9n m\u00e1is econ\u00f3mico e \u00e9 unha enerx\u00eda segura, limpa e respectuosa co medio ambiente.<\/span>[\/vc_column_text][vc_column_text]<span class=\"titulo texto-naranja\" style=\"color: #e26e09; font-size: 28px;\">Coci\u00f1a<\/span>[\/vc_column_text][\/vc_column][\/vc_row][vc_row][vc_column css=&#8221;.vc_custom_1565250923930{margin-bottom: 0px !important;}&#8221;][vc_column_text css=&#8221;.vc_custom_1568818205368{padding-top: 9px !important;}&#8221;]<span style=\"color: #339966;\">\u221a<\/span> <span style=\"color: #004165; font-size: 13px;\">Utilizar potas e tixolas que te\u00f1an un di\u00e1metro algo superior \u00e1 superficie da placa fai que a cocci\u00f3n sexa m\u00e1is r\u00e1pida e se aforre ata un 20%.<\/span>[\/vc_column_text][vc_column_text]<span style=\"color: #339966;\">\u221a<\/span> <span style=\"color: #004165; font-size: 13px;\">Coci\u00f1ar cun recipiente con tapa axudaranos a aforrar ata un 25% de enerx\u00eda. E apagar o lume 5 ou 10 minutos antes de rematar a cocci\u00f3n para aproveitar a calor\u00a0 \u00a0 \u00a0 \u00a0residual.<\/span>[\/vc_column_text][vc_column_text css=&#8221;.vc_custom_1568818231295{padding-bottom: 9px !important;}&#8221;]<span style=\"color: #339966;\">\u221a<\/span> <span style=\"color: #004165; font-size: 13px;\">Cando coci\u00f1as, \u00e9 mellor utilizar potas a presi\u00f3n ou r\u00e1pidas, xa que reducen ata un 60% o consumo enerx\u00e9tico.<\/span>[\/vc_column_text][\/vc_column][\/vc_row]<\/p><\/div>","protected":false},"excerpt":{"rendered":"<p>[vc_row][vc_column width=&#8221;1\/4&#8243; css=&#8221;.vc_custom_1568711164456{padding-top: 0px !important;}&#8221;][vc_single_image image=&#8221;2479&#8243; link=&#8221;\/&#8221; img_size=&#8221;full&#8221; el_id=&#8221;logo&#8221; css=&#8221;.vc_custom_1568711154805{padding-right: 0px !important;padding-left: 0px !important;}&#8221;][\/vc_column][vc_column width=&#8221;3\/4&#8243; css=&#8221;.vc_custom_1568711185842{padding-top: 0px !important;}&#8221;][vc_wp_custommenu nav_menu=&#8221;21&#8243; el_class=&#8221;header-menu-glp&#8221;][\/vc_column][\/vc_row][vc_row][vc_column css=&#8221;.vc_custom_1567504206160{padding-top: 20px !important;padding-left: 0px !important;}&#8221;][vc_column_text][\/vc_column_text][\/vc_column][\/vc_row][vc_row][vc_column][vc_column_text el_class=&#8221;titulo&#8221; css=&#8221;.vc_custom_1568817703542{margin-bottom: 16.8px !important;}&#8221;]Aforro e eficiencia[\/vc_column_text][\/vc_column][\/vc_row][vc_row css=&#8221;.vc_custom_1567606879906{background-color: #f5f5f5 !important;}&#8221; el_class=&#8221;titulo-container consiste-box-responsive&#8221;][vc_column css=&#8221;.vc_custom_1567090532199{padding-top: 0px !important;padding-right: 0px !important;padding-bottom: 0px !important;padding-left: 0px !important;}&#8221;][vc_column_text css=&#8221;.vc_custom_1568817768607{padding-top: 9px !important;padding-right: 9px !important;padding-bottom: 9px !important;padding-left: 9px !important;}&#8221; el_class=&#8221;consiste-box-responsive&#8221;]Coidar [&hellip;]<\/p>\n","protected":false},"author":10,"featured_media":0,"parent":2730,"menu_order":0,"comment_status":"closed","ping_status":"closed","template":"","meta":{"footnotes":""},"class_list":["post-2736","page","type-page","status-publish","hentry"],"_links":{"self":[{"href":"https:\/\/www.gnredesglp.es\/gl\/wp-json\/wp\/v2\/pages\/2736","targetHints":{"allow":["GET"]}}],"collection":[{"href":"https:\/\/www.gnredesglp.es\/gl\/wp-json\/wp\/v2\/pages"}],"about":[{"href":"https:\/\/www.gnredesglp.es\/gl\/wp-json\/wp\/v2\/types\/page"}],"author":[{"embeddable":true,"href":"https:\/\/www.gnredesglp.es\/gl\/wp-json\/wp\/v2\/users\/10"}],"replies":[{"embeddable":true,"href":"https:\/\/www.gnredesglp.es\/gl\/wp-json\/wp\/v2\/comments?post=2736"}],"version-history":[{"count":9,"href":"https:\/\/www.gnredesglp.es\/gl\/wp-json\/wp\/v2\/pages\/2736\/revisions"}],"predecessor-version":[{"id":2753,"href":"https:\/\/www.gnredesglp.es\/gl\/wp-json\/wp\/v2\/pages\/2736\/revisions\/2753"}],"up":[{"embeddable":true,"href":"https:\/\/www.gnredesglp.es\/gl\/wp-json\/wp\/v2\/pages\/2730"}],"wp:attachment":[{"href":"https:\/\/www.gnredesglp.es\/gl\/wp-json\/wp\/v2\/media?parent=2736"}],"curies":[{"name":"wp","href":"https:\/\/api.w.org\/{rel}","templated":true}]}}