{"id":2733,"date":"2019-08-27T09:59:43","date_gmt":"2019-08-27T07:59:43","guid":{"rendered":"https:\/\/www.gnredesglp.es\/glp-inicio\/accesibilidad\/"},"modified":"2019-09-18T16:10:08","modified_gmt":"2019-09-18T14:10:08","slug":"accesibilidad","status":"publish","type":"page","link":"https:\/\/www.gnredesglp.es\/gl\/glp-inicio\/accesibilidad\/","title":{"rendered":"Accesibilidade"},"content":{"rendered":"<div class=\"wpb-content-wrapper\"><p>[vc_row][vc_column width=&#8221;1\/4&#8243; css=&#8221;.vc_custom_1568711055683{padding-top: 0px !important;}&#8221;][vc_single_image image=&#8221;2479&#8243; link=&#8221;\/&#8221; img_size=&#8221;full&#8221; el_id=&#8221;logo&#8221; css=&#8221;.vc_custom_1568711049264{padding-right: 0px !important;padding-left: 0px !important;}&#8221;][\/vc_column][vc_column width=&#8221;3\/4&#8243; css=&#8221;.vc_custom_1568711087659{padding-top: 0px !important;}&#8221;][vc_wp_custommenu nav_menu=&#8221;21&#8243; el_class=&#8221;header-menu-glp&#8221;][\/vc_column][\/vc_row][vc_row][vc_column css=&#8221;.vc_custom_1567504420940{padding-top: 20px !important;padding-left: 0px !important;}&#8221;][vc_column_text]<nav aria-label=\"breadcrumbs\">\n            <div class=\"breadcrumb-container theme1\">\n                <ol>\n                    <li><a title=\"Est\u00e1s en\" href=\"#\"><span>Est\u00e1s en<\/span><\/a><span class=\"separator\">\u00bb<\/span><\/li>\n                    <\/ol>\n            <\/div>\n        <\/nav>    <script type=\"application\/ld+json\">\n        {\n            \"@context\": \"http:\/\/schema.org\",\n            \"@type\": \"BreadcrumbList\",\n            \"itemListElement\": [\n                 {\n                            \"@type\": \"ListItem\",\n                            \"position\": 1,\n                            \"item\": {\n                                \"@id\": \"#\",\n                                \"name\": \"Est\u00e1s en\"\n                            }\n                        }\n                                                    ]\n        }\n    <\/script>\n   \n    <script>\n            <\/script>\n[\/vc_column_text][\/vc_column][\/vc_row][vc_row][vc_column][vc_column_text css=&#8221;.vc_custom_1568815543620{margin-bottom: 16.8px !important;padding-top: 20px !important;}&#8221;]<span style=\"color: #004165; font-size: 24px;\"><strong>Accesibilidade<\/strong><\/span>[\/vc_column_text][\/vc_column][\/vc_row][vc_row][vc_column el_class=&#8221;accesibilidad-texto&#8221;][vc_column_text css=&#8221;.vc_custom_1568815558087{padding-bottom: 9.8px !important;}&#8221;]<span style=\"color: #333333; font-size: 14px;\">Dende hai dous anos, a nosa compa\u00f1\u00eda estivo a xerar un proxecto de transformaci\u00f3n integral da s\u00faa web e que agora ve a luz como o primeiro portal de Gas Natural Fenosa.<\/span>[\/vc_column_text][vc_column_text css=&#8221;.vc_custom_1568815570820{padding-bottom: 9.8px !important;}&#8221; el_class=&#8221;p-accesibilidad&#8221;]<span style=\"color: #333333; font-size: 14px;\">Un proxecto de renovaci\u00f3n co que a nosa compa\u00f1\u00eda puxo como prioridade o achegamento ao usuario dende todas as perspectivas. Para conseguilo, traball\u00e1ronse as seguintes li\u00f1as<\/span>[\/vc_column_text][vc_column_text css=&#8221;.vc_custom_1568815589922{padding-bottom: 9.8px !important;}&#8221; el_class=&#8221;p-accesibilidad&#8221;]<span style=\"color: #333333; font-size: 14px;\">\u2022\u00a0 \u00a0 \u00a0 O proceso de conceptualizaci\u00f3n e dese\u00f1o tivo en conta a metodolox\u00eda denominada Dese\u00f1o Centrado no Usuario, e foi validado con usuarios finais a trav\u00e9s de probas de testaxe rea<\/span>[\/vc_column_text][vc_column_text css=&#8221;.vc_custom_1568815613385{margin-bottom: 0px !important;padding-bottom: 9.8px !important;}&#8221; el_class=&#8221;p-accesibilidad&#8221;]<span style=\"color: #333333; font-size: 14px;\">\u2022\u00a0 \u00a0 \u00a0 Procurouse o acceso de todas as persoas independentemente das s\u00faas condici\u00f3ns xa sexa de \u00e1mbito (ru\u00eddo, navegadores antigos, conexi\u00f3ns lentas,\u00bf) como f\u00edsicas (deficiencias visuais, auditivas, motoras, de linguaxe ou relacionadas co envellecemento).<\/span>[\/vc_column_text][vc_column_text css=&#8221;.vc_custom_1568815628748{margin-bottom: 0px !important;padding-bottom: 9.8px !important;}&#8221; el_class=&#8221;p-accesibilidad&#8221;]<span style=\"color: #333333; font-size: 14px;\">\u2022\u00a0 \u00a0 \u00a0 Tecnoloxicamente, desenvolveuse garantindo o cumprimento das normas UNE e do W3C (World Wide Web Consortium), no seu nivel intermedio (AA).<\/span>[\/vc_column_text][vc_column_text css=&#8221;.vc_custom_1568815644590{margin-bottom: 0px !important;padding-bottom: 9.8px !important;}&#8221; el_class=&#8221;p-accesibilidad&#8221;]<span style=\"color: #333333; font-size: 14px;\">\u2022\u00a0 \u00a0 \u00a0 A capa de presentaci\u00f3n baseouse nas recomendaci\u00f3ns do W3C sobre as Follas de Estilo en Fervenza, Nivel 2 (CSS2) e empregouse o est\u00e1ndar recomendado en emprego de c\u00f3digo HTML verificando as recomendaci\u00f3ns usamos XHTML 1.0 Strict.<\/span>[\/vc_column_text][vc_column_text css=&#8221;.vc_custom_1568815656561{margin-bottom: 0px !important;padding-bottom: 9.8px !important;}&#8221; el_class=&#8221;p-accesibilidad&#8221;]<\/p><p style=\"padding-left: 80px;\"><span style=\"color: #333333; font-size: 14px;\">Con todo isto, consegu\u00edronse algunhas vantaxes como:<\/span><\/p><p>[\/vc_column_text][vc_column_text css=&#8221;.vc_custom_1568815673403{padding-bottom: 9.8px !important;}&#8221; el_class=&#8221;p-accesibilidad&#8221;]<span style=\"color: #333333; font-size: 14px;\">\u2022\u00a0 \u00a0 \u00a0 C\u00f3digo HTML e Follas de estilo axustadas para garantir a correcta visualizaci\u00f3n e que fan que a nosa web se adapte aos distintos dispositivos logrando un acceso \u00e1 informaci\u00f3n case universal.<\/span>[\/vc_column_text][vc_column_text css=&#8221;.vc_custom_1568815691068{padding-bottom: 9.8px !important;}&#8221; el_class=&#8221;p-accesibilidad&#8221;]<span style=\"color: #333333; font-size: 14px;\">\u2022\u00a0 \u00a0 \u00a0 Ademais, os tama\u00f1os de fontes foron definidos con unidades relativas para que se poida ampliar ou diminu\u00edr dende o navegador.<\/span>[\/vc_column_text][vc_column_text css=&#8221;.vc_custom_1568815705453{padding-bottom: 9.8px !important;}&#8221; el_class=&#8221;p-accesibilidad&#8221;]<span style=\"color: #333333; font-size: 14px;\">\u2022\u00a0 \u00a0 \u00a0 Navegaci\u00f3n con ou sen follas de estilo activadas. As\u00ed mesmo, navegaci\u00f3n con ou sen JS activado.<\/span>[\/vc_column_text][vc_column_text css=&#8221;.vc_custom_1568815718253{padding-bottom: 9.8px !important;}&#8221; el_class=&#8221;p-accesibilidad&#8221;]<span style=\"color: #333333; font-size: 14px;\">Con todo este labor conseguiuse que o noso sistema estea preparado para ofrecerlles o noso contido aos usuarios de forma universal..<\/span>[\/vc_column_text][vc_column_text css=&#8221;.vc_custom_1568815735604{padding-bottom: 0px !important;}&#8221; el_class=&#8221;p-accesibilidad&#8221;]<span style=\"color: #333333; font-size: 14px;\">Respecto \u00e1s funcionalidades ofrecidas, temos que diferenciar tres casu\u00edsticas:<\/span>[\/vc_column_text][vc_column_text css=&#8221;.vc_custom_1568815757822{padding-bottom: 9.8px !important;}&#8221; el_class=&#8221;p-accesibilidad&#8221;]<span style=\"color: #333333; font-size: 14px;\">\u2022\u00a0 \u00a0 \u00a0 As funcionalidades sen integraci\u00f3n con outros sistemas, que foron desenvolvidas neste proxecto seguindo as pautas indicadas nas normas de accesibilidade.<\/span>[\/vc_column_text][vc_column_text css=&#8221;.vc_custom_1568815782791{padding-bottom: 9.8px !important;}&#8221; el_class=&#8221;p-accesibilidad&#8221;]<span style=\"color: #333333; font-size: 14px;\">\u2022\u00a0 \u00a0 \u00a0 As funcionalidades integradas con outros sistemas: a complexidade t\u00e9cnica de integraci\u00f3n con estes servizos imposibilitou o seu desenvolvemento. Neste sentido Gas Natural Fenosa comprom\u00e9tese a seguir traballando para conseguir que todas as s\u00faas aplicaci\u00f3ns sexan totalmente accesibles<\/span>[\/vc_column_text][vc_column_text css=&#8221;.vc_custom_1568815804331{padding-bottom: 9.8px !important;}&#8221; el_class=&#8221;p-accesibilidad&#8221;]<span style=\"color: #333333; font-size: 14px;\">\u2022\u00a0 \u00a0 \u00a0 As funcionalidades de terceiros: o noso compromiso coa accesibilidade faise extensible a todas as empresas colaboradoras coas que traballamos. Polo tanto, solicit\u00f3uselles a todas elas o seu compromiso e xesti\u00f3n para garantir a accesibilidade das s\u00faas aplicaci\u00f3ns.<\/span>[\/vc_column_text][\/vc_column][\/vc_row]<\/p><\/div>","protected":false},"excerpt":{"rendered":"<p>[vc_row][vc_column width=&#8221;1\/4&#8243; css=&#8221;.vc_custom_1568711055683{padding-top: 0px !important;}&#8221;][vc_single_image image=&#8221;2479&#8243; link=&#8221;\/&#8221; img_size=&#8221;full&#8221; el_id=&#8221;logo&#8221; css=&#8221;.vc_custom_1568711049264{padding-right: 0px !important;padding-left: 0px !important;}&#8221;][\/vc_column][vc_column width=&#8221;3\/4&#8243; css=&#8221;.vc_custom_1568711087659{padding-top: 0px !important;}&#8221;][vc_wp_custommenu nav_menu=&#8221;21&#8243; el_class=&#8221;header-menu-glp&#8221;][\/vc_column][\/vc_row][vc_row][vc_column css=&#8221;.vc_custom_1567504420940{padding-top: 20px !important;padding-left: 0px !important;}&#8221;][vc_column_text][\/vc_column_text][\/vc_column][\/vc_row][vc_row][vc_column][vc_column_text css=&#8221;.vc_custom_1568815543620{margin-bottom: 16.8px !important;padding-top: 20px !important;}&#8221;]Accesibilidade[\/vc_column_text][\/vc_column][\/vc_row][vc_row][vc_column el_class=&#8221;accesibilidad-texto&#8221;][vc_column_text css=&#8221;.vc_custom_1568815558087{padding-bottom: 9.8px !important;}&#8221;]Dende hai dous anos, a nosa compa\u00f1\u00eda estivo a xerar un proxecto de transformaci\u00f3n integral da s\u00faa web e que agora ve [&hellip;]<\/p>\n","protected":false},"author":10,"featured_media":0,"parent":2730,"menu_order":0,"comment_status":"closed","ping_status":"closed","template":"","meta":{"footnotes":""},"class_list":["post-2733","page","type-page","status-publish","hentry"],"_links":{"self":[{"href":"https:\/\/www.gnredesglp.es\/gl\/wp-json\/wp\/v2\/pages\/2733","targetHints":{"allow":["GET"]}}],"collection":[{"href":"https:\/\/www.gnredesglp.es\/gl\/wp-json\/wp\/v2\/pages"}],"about":[{"href":"https:\/\/www.gnredesglp.es\/gl\/wp-json\/wp\/v2\/types\/page"}],"author":[{"embeddable":true,"href":"https:\/\/www.gnredesglp.es\/gl\/wp-json\/wp\/v2\/users\/10"}],"replies":[{"embeddable":true,"href":"https:\/\/www.gnredesglp.es\/gl\/wp-json\/wp\/v2\/comments?post=2733"}],"version-history":[{"count":2,"href":"https:\/\/www.gnredesglp.es\/gl\/wp-json\/wp\/v2\/pages\/2733\/revisions"}],"predecessor-version":[{"id":2735,"href":"https:\/\/www.gnredesglp.es\/gl\/wp-json\/wp\/v2\/pages\/2733\/revisions\/2735"}],"up":[{"embeddable":true,"href":"https:\/\/www.gnredesglp.es\/gl\/wp-json\/wp\/v2\/pages\/2730"}],"wp:attachment":[{"href":"https:\/\/www.gnredesglp.es\/gl\/wp-json\/wp\/v2\/media?parent=2733"}],"curies":[{"name":"wp","href":"https:\/\/api.w.org\/{rel}","templated":true}]}}