{"id":2730,"date":"2019-08-01T15:42:28","date_gmt":"2019-08-01T13:42:28","guid":{"rendered":"https:\/\/www.gnredesglp.es\/glp-inicio\/"},"modified":"2025-09-22T20:05:59","modified_gmt":"2025-09-22T18:05:59","slug":"glp-inicio","status":"publish","type":"page","link":"https:\/\/www.gnredesglp.es\/gl\/","title":{"rendered":"glp-inicio"},"content":{"rendered":"<div class=\"wpb-content-wrapper\"><p>[vc_row][vc_column width=&#8221;1\/4&#8243; css=&#8221;.vc_custom_1568620507768{padding-top: 0px !important;}&#8221;][vc_single_image image=&#8221;2479&#8243; img_size=&#8221;full&#8221; onclick=&#8221;custom_link&#8221; link=&#8221;\/&#8221; css=&#8221;.vc_custom_1568634738670{padding-right: 0px !important;padding-left: 0px !important;}&#8221; el_id=&#8221;logo&#8221;][\/vc_column][vc_column width=&#8221;3\/4&#8243; css=&#8221;.vc_custom_1568620502661{padding-top: 0px !important;}&#8221;][vc_wp_custommenu nav_menu=&#8221;21&#8243; el_class=&#8221;header-menu-glp&#8221; el_id=&#8221;menu-icon&#8221;][\/vc_column][\/vc_row][vc_row][vc_column][vc_empty_space height=&#8221;20px&#8221;][\/vc_column][\/vc_row][vc_row disable_element=&#8221;yes&#8221;][vc_column css=&#8221;.vc_custom_1679582992663{padding-top: 0px !important;}&#8221;][vc_row_inner css=&#8221;.vc_custom_1679518203335{margin-top: 20px !important;margin-right: 0px !important;margin-left: 0px !important;background-color: #ebf0f3 !important;}&#8221;][vc_column_inner width=&#8221;1\/2&#8243; css=&#8221;.vc_custom_1679582671750{padding-top: 35px !important;padding-right: 40px !important;padding-bottom: 35px !important;padding-left: 40px !important;}&#8221;][vc_custom_heading text=&#8221;<strong>Cambia \u00e1 factura online<\/strong>&#8221; font_container=&#8221;tag:h1|font_size:40px|text_align:left|color:%23004065|line_height:48px&#8221; use_theme_fonts=&#8221;yes&#8221; css=&#8221;.vc_custom_1714408820293{margin-top: 0px !important;margin-bottom: 17px !important;}&#8221;][vc_custom_heading text=&#8221;<strong>A\u00ednda recibes a t\u00faa factura en papel?<\/strong>&#8221; font_container=&#8221;tag:h2|font_size:24px|text_align:left|color:%23004065&#8243; use_theme_fonts=&#8221;yes&#8221;][vc_column_text css=&#8221;.vc_custom_1736341113173{margin-top: 18px !important;}&#8221;]Recibe o aviso cando se emita a nova factura para consultala na t\u00faa \u00e1rea privada[\/vc_column_text][vc_btn title=&#8221;Activa o servizo de factura en li\u00f1a&#8221; align=&#8221;left&#8221; css=&#8221;.vc_custom_1739953772007{margin-top: 25px !important;margin-bottom: 0px !important;}&#8221; el_class=&#8221;factura_electronica&#8221; link=&#8221;url:https%3A%2F%2Finfo.gnredesglp.es%2Fmisdatos%2F%23%2Fauth-flow|target:_blank&#8221;][\/vc_column_inner][vc_column_inner width=&#8221;1\/2&#8243; css=&#8221;.vc_custom_1706810783036{padding-top: 30px !important;padding-right: 30px !important;padding-bottom: 30px !important;padding-left: 30px !important;}&#8221;][vc_single_image image=&#8221;4147&#8243; img_size=&#8221;full&#8221;][\/vc_column_inner][\/vc_row_inner][\/vc_column][\/vc_row][vc_row][vc_column css=&#8221;.vc_custom_1679582992663{padding-top: 0px !important;}&#8221;][vc_row_inner css=&#8221;.vc_custom_1679518203335{margin-top: 20px !important;margin-right: 0px !important;margin-left: 0px !important;background-color: #ebf0f3 !important;}&#8221;][vc_column_inner width=&#8221;1\/2&#8243; css=&#8221;.vc_custom_1679582671750{padding-top: 35px !important;padding-right: 40px !important;padding-bottom: 35px !important;padding-left: 40px !important;}&#8221;][vc_custom_heading text=&#8221;<strong>Cambia \u00e1 factura online<\/strong>&#8221; font_container=&#8221;tag:h1|font_size:40px|text_align:left|color:%23004065|line_height:48px&#8221; use_theme_fonts=&#8221;yes&#8221; css=&#8221;.vc_custom_1714408820293{margin-top: 0px !important;margin-bottom: 17px !important;}&#8221;][vc_custom_heading text=&#8221;<strong>A\u00ednda recibes a t\u00faa factura en papel?<\/strong>&#8221; font_container=&#8221;tag:h2|font_size:24px|text_align:left|color:%23004065&#8243; use_theme_fonts=&#8221;yes&#8221;][vc_column_text css=&#8221;.vc_custom_1736341113173{margin-top: 18px !important;}&#8221;]Recibe o aviso cando se emita a nova factura para consultala na t\u00faa \u00e1rea privada[\/vc_column_text][\/vc_column_inner][vc_column_inner width=&#8221;1\/2&#8243; css=&#8221;.vc_custom_1706810783036{padding-top: 30px !important;padding-right: 30px !important;padding-bottom: 30px !important;padding-left: 30px !important;}&#8221;][vc_single_image image=&#8221;4147&#8243; img_size=&#8221;full&#8221;][\/vc_column_inner][\/vc_row_inner][\/vc_column][\/vc_row][vc_row disable_element=&#8221;yes&#8221; css=&#8221;.vc_custom_1706714040220{border-radius: 4px !important;}&#8221;][vc_column width=&#8221;2\/3&#8243;][vc_column_text]<span style=\"color: #004165; font-size: 28px;\">Avisos para clientes de GLP<\/span><\/p><p>Por unha incidencia xa resolta, \u00e9 posible que, se habitualmente recib\u00edas a t\u00faa factura os primeiros d\u00edas do mes, nesta ocasi\u00f3n pode ser que se demore uns d\u00edas.<\/p><p>Sentimos as molestias.[\/vc_column_text][\/vc_column][vc_column width=&#8221;1\/3&#8243;][vc_single_image image=&#8221;3738&#8243; img_size=&#8221;full&#8221; alignment=&#8221;center&#8221; style=&#8221;vc_box_shadow_circle_2&#8243;][\/vc_column][\/vc_row][vc_row disable_element=&#8221;yes&#8221; css=&#8221;.vc_custom_1682493069518{border-radius: 4px !important;}&#8221;][vc_column width=&#8221;2\/3&#8243;][vc_empty_space height=&#8221;22px&#8221;][vc_column_text]Inform\u00e1moslle de que, dende o 1 de setembro, o servizo de <strong>PropanHogar <\/strong>pasou a ser prestado pola empresa <strong>Homeserve<\/strong>.<\/p><p>O novo tel\u00e9fono de contacto \u00e9 o <strong>911 774 635<\/strong>.[\/vc_column_text][\/vc_column][vc_column width=&#8221;1\/3&#8243;][vc_single_image image=&#8221;3738&#8243; img_size=&#8221;full&#8221; alignment=&#8221;center&#8221; style=&#8221;vc_box_shadow_circle_2&#8243;][\/vc_column][\/vc_row][vc_row css=&#8221;.vc_custom_1706811560303{margin-top: 50px !important;}&#8221;][vc_column css=&#8221;.vc_custom_1567518514663{padding-top: 15px !important;}&#8221; el_class=&#8221;img-separador-responsive-inicio&#8221;][vc_single_image image=&#8221;1850&#8243; img_size=&#8221;999&#215;12&#8243; alignment=&#8221;center&#8221;][\/vc_column][\/vc_row][vc_row][vc_column][vc_empty_space height=&#8221;20px&#8221;][\/vc_column][\/vc_row][vc_row][vc_column width=&#8221;1\/2&#8243; css=&#8221;.vc_custom_1567519615751{margin-top: 20px !important;margin-right: 0px !important;margin-left: 0px !important;}&#8221;][vc_column_text el_class=&#8221;text-responsive-inicio&#8221;]<\/p><p class=\"ante-titulo texto-azul-oscuro\" style=\"color: #004165; font-size: 14px;\"><strong>Agora, desde a \u00e1rea privada, xa podes pagar as t\u00faas facturas con tarxeta.<\/strong><\/p><p>[\/vc_column_text][vc_column_text el_class=&#8221;text-responsive-inicio-subtitulo&#8221;]<span style=\"color: #004165; font-size: 28px;\">Rex\u00edstrate e paga as t\u00faas facturas a trav\u00e9s do noso novo servizo de pago en li\u00f1a<\/span>[\/vc_column_text][vc_btn title=&#8221;Accede \u00e1 nosa \u00e1rea privada&#8221; link=&#8221;url:https%3A%2F%2Fareaprivada.redesglp.gasnatural.com%2F%23!%2Flogin|title:Accede%20%C3%A1%20nosa%20%C3%A1rea%20privada|target:_blank&#8221; el_class=&#8221;btn-size btn-responsive-inicio-2&#8243; css=&#8221;.vc_custom_1739954349931{margin-top: 40px !important;padding-top: 0px !important;padding-bottom: 0px !important;}&#8221;][\/vc_column][vc_column width=&#8221;1\/2&#8243; css=&#8221;.vc_custom_1567669365197{margin-top: 20px !important;margin-left: -15px !important;padding-top: 0px !important;padding-bottom: 7px !important;padding-left: 0px !important;}&#8221; el_class=&#8221;img-responsive-inicio&#8221;][vc_single_image image=&#8221;4416&#8243; img_size=&#8221;full&#8221; alignment=&#8221;right&#8221; onclick=&#8221;custom_link&#8221; img_link_target=&#8221;_blank&#8221; link=&#8221;https:\/\/areaprivada.redesglp.gasnatural.com\/#!\/login&#8221;][\/vc_column][\/vc_row][vc_row disable_element=&#8221;yes&#8221;][vc_column width=&#8221;1\/2&#8243; css=&#8221;.vc_custom_1567519615751{margin-top: 20px !important;margin-right: 0px !important;margin-left: 0px !important;}&#8221;][vc_column_text el_class=&#8221;text-responsive-inicio&#8221;]<\/p><p class=\"ante-titulo texto-azul-oscuro\" style=\"color: #004165; font-size: 14px;\"><strong>A t\u00faa factura online e as t\u00faas notificaci\u00f3ns de forma<br \/>segura, r\u00e1pida e sostible<\/strong><\/p><p>[\/vc_column_text][vc_column_text el_class=&#8221;text-responsive-inicio-subtitulo&#8221;]<span style=\"color: #004165; font-size: 28px;\">Factura online<\/span>[\/vc_column_text][vc_btn title=&#8221;Actualiza os teus datos e solicita a t\u00faa factura online&#8221; link=&#8221;url:https%3A%2F%2Finfo.gnredesglp.es%2Fmisdatos%2F%23%2Fauth-flow|title:Actualiza%20os%20teus%20datos%20e%20solicita%20a%20t%C3%BAa%20factura%20electr%C3%B3nica|target:_blank|&#8221; el_class=&#8221;btn-size&#8221; css=&#8221;.vc_custom_1714408864986{margin-top: 100px !important;padding-top: 0px !important;padding-bottom: 0px !important;padding-left: 20px !important;}&#8221;][\/vc_column][vc_column width=&#8221;1\/2&#8243; css=&#8221;.vc_custom_1567669365197{margin-top: 20px !important;margin-left: -15px !important;padding-top: 0px !important;padding-bottom: 7px !important;padding-left: 0px !important;}&#8221; el_class=&#8221;img-responsive-inicio&#8221;][vc_single_image image=&#8221;4200&#8243; img_size=&#8221;full&#8221; onclick=&#8221;custom_link&#8221; img_link_target=&#8221;_blank&#8221; link=&#8221;https:\/\/info.gnredesglp.es\/misdatos\/#\/auth-flow&#8221;][\/vc_column][\/vc_row][vc_row css=&#8221;.vc_custom_1711007449651{margin-top: 30px !important;}&#8221;][vc_column css=&#8221;.vc_custom_1567518514663{padding-top: 15px !important;}&#8221; el_class=&#8221;img-separador-responsive-inicio&#8221;][vc_single_image image=&#8221;1850&#8243; img_size=&#8221;999&#215;12&#8243; alignment=&#8221;center&#8221;][\/vc_column][\/vc_row][vc_row][vc_column][vc_empty_space height=&#8221;20px&#8221;][\/vc_column][\/vc_row][vc_row][vc_column width=&#8221;1\/2&#8243; css=&#8221;.vc_custom_1567519615751{margin-top: 20px !important;margin-right: 0px !important;margin-left: 0px !important;}&#8221;][vc_column_text el_class=&#8221;text-responsive-inicio&#8221;]<\/p><p class=\"ante-titulo texto-azul-oscuro\" style=\"color: #004165; font-size: 14px;\"><strong>Descubre o pracer de estar na mellor compa\u00f1\u00eda.<\/strong><\/p><p>[\/vc_column_text][vc_column_text el_class=&#8221;text-responsive-inicio-subtitulo&#8221;]<\/p><p><span style=\"color: #004165; font-size: 28px;\">Clientes<\/span><\/p><p>[\/vc_column_text][vc_btn title=&#8221;Servizos para clientes&#8221; link=&#8221;url:https%3A%2F%2Fwww.gnredesglp.es%2Fgl%2Fglp-inicio%2Fclientes%2F|title:clientes|&#8221; el_class=&#8221;btn-size btn-responsive-inicio-2&#8243; css=&#8221;.vc_custom_1583172887043{margin-top: 100px !important;padding-top: 0px !important;padding-bottom: 0px !important;}&#8221;][\/vc_column][vc_column width=&#8221;1\/2&#8243; css=&#8221;.vc_custom_1567669365197{margin-top: 20px !important;margin-left: -15px !important;padding-top: 0px !important;padding-bottom: 7px !important;padding-left: 0px !important;}&#8221; el_class=&#8221;img-responsive-inicio&#8221;][vc_single_image image=&#8221;1816&#8243; img_size=&#8221;full&#8221; alignment=&#8221;right&#8221; onclick=&#8221;custom_link&#8221; link=&#8221;https:\/\/www.gnredesglp.es\/gl\/glp-inicio\/clientes\/&#8221;][\/vc_column][\/vc_row][vc_row css=&#8221;.vc_custom_1711007481339{margin-top: 30px !important;}&#8221;][vc_column css=&#8221;.vc_custom_1567518514663{padding-top: 15px !important;}&#8221; el_class=&#8221;img-separador-responsive-inicio&#8221;][vc_single_image image=&#8221;1850&#8243; img_size=&#8221;999&#215;12&#8243; alignment=&#8221;center&#8221;][\/vc_column][\/vc_row][vc_row][vc_column][vc_empty_space height=&#8221;20px&#8221;][\/vc_column][\/vc_row][vc_row][vc_column width=&#8221;1\/2&#8243; css=&#8221;.vc_custom_1567667736743{margin-top: 20px !important;margin-right: 0px !important;margin-left: 0px !important;}&#8221; el_class=&#8221;text-responsive-inicio&#8221;][vc_column_text]<span style=\"color: #004165; font-size: 14px;\"><strong>Instala unha enerx\u00eda c\u00f3moda e sinxela, e n\u00f3s d\u00e1mosche o soporte necesario para que todo o proceso de alta de gas sexa sinxelo.<\/strong><\/span>[\/vc_column_text][vc_column_text el_class=&#8221;start-blue-title&#8221;]<span style=\"color: #004165; font-size: 28px;\">Colaboradores<\/span>[\/vc_column_text][vc_btn title=&#8221;Servizos para colaboradores&#8221; link=&#8221;url:https%3A%2F%2Fwww.gnredesglp.es%2Fgl%2Fglp-inicio%2Fglp-colaboradores%2F|title:glp-colaboradores|&#8221; el_class=&#8221;btn-size btn-responsive-inicio&#8221; css=&#8221;.vc_custom_1582801708952{margin-top: 100px !important;}&#8221;][\/vc_column][vc_column width=&#8221;1\/2&#8243; css=&#8221;.vc_custom_1567667747245{margin-top: 20px !important;margin-left: -15px !important;padding-top: 0px !important;padding-bottom: 7px !important;padding-left: 0px !important;}&#8221;][vc_single_image image=&#8221;1829&#8243; img_size=&#8221;full&#8221; alignment=&#8221;right&#8221; onclick=&#8221;custom_link&#8221; el_class=&#8221;img-responsive-inicio&#8221; link=&#8221;https:\/\/www.gnredesglp.es\/gl\/glp-inicio\/glp-colaboradores\/&#8221;][\/vc_column][\/vc_row][vc_row css=&#8221;.vc_custom_1711007481339{margin-top: 30px !important;}&#8221;][vc_column css=&#8221;.vc_custom_1567518514663{padding-top: 15px !important;}&#8221; el_class=&#8221;img-separador-responsive-inicio&#8221;][vc_single_image image=&#8221;1850&#8243; img_size=&#8221;999&#215;12&#8243; alignment=&#8221;center&#8221;][\/vc_column][\/vc_row][vc_row][vc_column][vc_empty_space height=&#8221;20px&#8221;][\/vc_column][\/vc_row][vc_row][vc_column width=&#8221;1\/2&#8243; css=&#8221;.vc_custom_1567667736743{margin-top: 20px !important;margin-right: 0px !important;margin-left: 0px !important;}&#8221; el_class=&#8221;text-responsive-inicio&#8221;][vc_column_text]<span style=\"color: #004165; font-size: 14px;\"><strong>O bosque Redes GLP \u00e9 unha iniciativa levada a cabo grazas aos clientes de Gas Natural Redes GLP que apostan pola factura en li\u00f1a.<\/strong><\/span>[\/vc_column_text][vc_column_text el_class=&#8221;start-blue-title&#8221;]<span style=\"color: #004165; font-size: 28px;\">Bosque Redes GLP<\/span>[\/vc_column_text][vc_btn title=&#8221;Co\u00f1ece os detalles da iniciativa&#8221; link=&#8221;url:https%3A%2F%2Fwww.gnredesglp.es%2Fgl%2Ffactura-electronica%2Fbosque-redes-glp%2F&#8221; el_class=&#8221;btn-size btn-responsive-inicio&#8221; css=&#8221;.vc_custom_1739280405799{margin-top: 90px !important;}&#8221;][\/vc_column][vc_column width=&#8221;1\/2&#8243; css=&#8221;.vc_custom_1567667747245{margin-top: 20px !important;margin-left: -15px !important;padding-top: 0px !important;padding-bottom: 7px !important;padding-left: 0px !important;}&#8221;][vc_single_image image=&#8221;4343&#8243; img_size=&#8221;full&#8221; alignment=&#8221;right&#8221; onclick=&#8221;custom_link&#8221; el_class=&#8221;img-responsive-inicio&#8221; link=&#8221;https:\/\/www.gnredesglp.es\/gl\/factura-electronica\/bosque-redes-glp\/&#8221;][\/vc_column][\/vc_row][vc_row css=&#8221;.vc_custom_1711007495776{margin-top: 30px !important;}&#8221;][vc_column css=&#8221;.vc_custom_1567518519012{padding-top: 15px !important;}&#8221; el_class=&#8221;img-separador-responsive-inicio&#8221;][vc_single_image image=&#8221;1850&#8243; img_size=&#8221;999&#215;12&#8243; alignment=&#8221;center&#8221;][\/vc_column][\/vc_row][vc_row][vc_column][vc_empty_space][\/vc_column][\/vc_row][vc_row][vc_column][vc_row_inner][vc_column_inner width=&#8221;1\/2&#8243;][vc_single_image image=&#8221;1842&#8243; img_size=&#8221;225&#215;160&#8243; alignment=&#8221;center&#8221; onclick=&#8221;custom_link&#8221; el_class=&#8221;img-arbol-responsive-inicio&#8221; link=&#8221;https:\/\/www.gnredesglp.es\/gl\/glp-inicio\/ahorro-y-eficiencia\/&#8221;][vc_column_text css=&#8221;.vc_custom_1567522160071{margin-bottom: 20px !important;}&#8221; el_class=&#8221;texto-responsive-inicio-2&#8243;]<\/p><p style=\"text-align: left;\"><span style=\"color: #004165; font-size: 14px;\">\u00danete ao noso compromiso de respecto polo noso <strong>medio ambiente<\/strong><\/span><\/p><p>[\/vc_column_text][vc_btn title=&#8221;Aforro e eficiencia&#8221; align=&#8221;center&#8221; link=&#8221;url:https%3A%2F%2Fwww.gnredesglp.es%2Fgl%2Fglp-inicio%2Fahorro-y-eficiencia%2F|title:Aforro%20e%20eficiencia|&#8221; el_class=&#8221;btn-size btn-responsive-inicio-3&#8243;][\/vc_column_inner][vc_column_inner width=&#8221;1\/2&#8243;][vc_single_image image=&#8221;1846&#8243; img_size=&#8221;225&#215;160&#8243; alignment=&#8221;center&#8221; onclick=&#8221;custom_link&#8221; el_class=&#8221;img-arbol-responsive-inicio&#8221; link=&#8221;\/glp-inicio\/consellos-de-uso\/&#8221;][vc_column_text css=&#8221;.vc_custom_1567522172691{margin-bottom: 20px !important;}&#8221; el_class=&#8221;texto-responsive-inicio-2&#8243;]<\/p><p style=\"text-align: left;\"><span style=\"color: #004165; font-size: 14px;\">O noso obxectivo \u00e9 que a t\u00faa <strong>instalaci\u00f3n <\/strong>estea sempre <strong>en bo estado<\/strong><\/span><\/p><p>[\/vc_column_text][vc_btn title=&#8221;Consellos de uso&#8221; align=&#8221;center&#8221; link=&#8221;url:%2Fgl%2Fglp-inicio%2Fseguridad%2Fconsejos-de-uso%2F|title:consellos%20de%20uso&#8221; el_class=&#8221;btn-size btn-responsive-inicio-3&#8243;][\/vc_column_inner][\/vc_row_inner][\/vc_column][\/vc_row]<\/p><\/div>","protected":false},"excerpt":{"rendered":"<p>[vc_row][vc_column width=&#8221;1\/4&#8243; css=&#8221;.vc_custom_1568620507768{padding-top: 0px !important;}&#8221;][vc_single_image image=&#8221;2479&#8243; img_size=&#8221;full&#8221; onclick=&#8221;custom_link&#8221; link=&#8221;\/&#8221; css=&#8221;.vc_custom_1568634738670{padding-right: 0px !important;padding-left: 0px !important;}&#8221; el_id=&#8221;logo&#8221;][\/vc_column][vc_column width=&#8221;3\/4&#8243; css=&#8221;.vc_custom_1568620502661{padding-top: 0px !important;}&#8221;][vc_wp_custommenu nav_menu=&#8221;21&#8243; el_class=&#8221;header-menu-glp&#8221; el_id=&#8221;menu-icon&#8221;][\/vc_column][\/vc_row][vc_row][vc_column][vc_empty_space height=&#8221;20px&#8221;][\/vc_column][\/vc_row][vc_row disable_element=&#8221;yes&#8221;][vc_column css=&#8221;.vc_custom_1679582992663{padding-top: 0px !important;}&#8221;][vc_row_inner css=&#8221;.vc_custom_1679518203335{margin-top: 20px !important;margin-right: 0px !important;margin-left: 0px !important;background-color: #ebf0f3 !important;}&#8221;][vc_column_inner width=&#8221;1\/2&#8243; css=&#8221;.vc_custom_1679582671750{padding-top: 35px !important;padding-right: 40px !important;padding-bottom: 35px !important;padding-left: 40px !important;}&#8221;][vc_custom_heading text=&#8221;Cambia \u00e1 factura online&#8221; font_container=&#8221;tag:h1|font_size:40px|text_align:left|color:%23004065|line_height:48px&#8221; use_theme_fonts=&#8221;yes&#8221; css=&#8221;.vc_custom_1714408820293{margin-top: 0px !important;margin-bottom: [&hellip;]<\/p>\n","protected":false},"author":10,"featured_media":0,"parent":0,"menu_order":0,"comment_status":"closed","ping_status":"closed","template":"","meta":{"footnotes":""},"class_list":["post-2730","page","type-page","status-publish","hentry"],"_links":{"self":[{"href":"https:\/\/www.gnredesglp.es\/gl\/wp-json\/wp\/v2\/pages\/2730","targetHints":{"allow":["GET"]}}],"collection":[{"href":"https:\/\/www.gnredesglp.es\/gl\/wp-json\/wp\/v2\/pages"}],"about":[{"href":"https:\/\/www.gnredesglp.es\/gl\/wp-json\/wp\/v2\/types\/page"}],"author":[{"embeddable":true,"href":"https:\/\/www.gnredesglp.es\/gl\/wp-json\/wp\/v2\/users\/10"}],"replies":[{"embeddable":true,"href":"https:\/\/www.gnredesglp.es\/gl\/wp-json\/wp\/v2\/comments?post=2730"}],"version-history":[{"count":19,"href":"https:\/\/www.gnredesglp.es\/gl\/wp-json\/wp\/v2\/pages\/2730\/revisions"}],"predecessor-version":[{"id":4665,"href":"https:\/\/www.gnredesglp.es\/gl\/wp-json\/wp\/v2\/pages\/2730\/revisions\/4665"}],"wp:attachment":[{"href":"https:\/\/www.gnredesglp.es\/gl\/wp-json\/wp\/v2\/media?parent=2730"}],"curies":[{"name":"wp","href":"https:\/\/api.w.org\/{rel}","templated":true}]}}