{"id":4612,"date":"2025-04-21T11:42:54","date_gmt":"2025-04-21T09:42:54","guid":{"rendered":"https:\/\/www.gnredesglp.es\/glp-inicio\/clientes\/inspeccion-periodica\/documentacio\/"},"modified":"2025-04-21T11:44:52","modified_gmt":"2025-04-21T09:44:52","slug":"documentacio","status":"publish","type":"page","link":"https:\/\/www.gnredesglp.es\/ca\/glp-inicio\/clientes\/inspeccion-periodica\/documentacio\/","title":{"rendered":"Documentaci\u00f3"},"content":{"rendered":"<div class=\"wpb-content-wrapper\"><p>[vc_row][vc_column width=&#8221;1\/4&#8243; css=&#8221;.vc_custom_1568711670435{padding-top: 0px !important;}&#8221;][vc_single_image image=&#8221;2479&#8243; img_size=&#8221;full&#8221; onclick=&#8221;custom_link&#8221; link=&#8221;\/&#8221; el_id=&#8221;logo&#8221; css=&#8221;.vc_custom_1568711664095{padding-right: 0px !important;padding-left: 0px !important;}&#8221;][\/vc_column][vc_column width=&#8221;3\/4&#8243; css=&#8221;.vc_custom_1568711688470{padding-top: 0px !important;}&#8221;][vc_wp_custommenu nav_menu=&#8221;20&#8243; el_class=&#8221;header-menu-glp&#8221;][\/vc_column][\/vc_row][vc_row][vc_column css=&#8221;.vc_custom_1567503699271{padding-top: 20px !important;padding-left: 0px !important;}&#8221;][vc_column_text]<nav aria-label=\"breadcrumbs\">\n            <div class=\"breadcrumb-container theme1\">\n                <ol>\n                    <li><a title=\"Est\u00e1s en\" href=\"#\"><span>Est\u00e1s en<\/span><\/a><span class=\"separator\">\u00bb<\/span><\/li>\n                    <\/ol>\n            <\/div>\n        <\/nav>    <script type=\"application\/ld+json\">\n        {\n            \"@context\": \"http:\/\/schema.org\",\n            \"@type\": \"BreadcrumbList\",\n            \"itemListElement\": [\n                 {\n                            \"@type\": \"ListItem\",\n                            \"position\": 1,\n                            \"item\": {\n                                \"@id\": \"#\",\n                                \"name\": \"Est\u00e1s en\"\n                            }\n                        }\n                                                    ]\n        }\n    <\/script>\n   \n    <script>\n            <\/script>\n[\/vc_column_text][\/vc_column][\/vc_row][vc_row][vc_column][vc_column_text css=&#8221;.vc_custom_1744020757294{margin-bottom: 16.8px !important;padding-top: 10px !important;}&#8221;]<\/p><h1><span style=\"color: #004165; font-size: 24px;\"><strong>Documentaci\u00f3 relacionada amb la inspecci\u00f3 peri\u00f2dica<\/strong><\/span><\/h1><p>[\/vc_column_text][\/vc_column][\/vc_row][vc_row][vc_column][vc_empty_space height=&#8221;23px&#8221;][\/vc_column][\/vc_row][vc_row css=&#8221;.vc_custom_1744026321800{margin-bottom: 95px !important;}&#8221;][vc_column css=&#8221;.vc_custom_1679582992663{padding-top: 0px !important;}&#8221;][vc_custom_heading text=&#8221;<strong>Et mostrem tots els tipus d\u2019avisos i cartells de Gas Natural Redes GLP que et pots trobar a casa:<\/strong>&#8221; font_container=&#8221;tag:h2|font_size:24px|text_align:left|color:%23004065|line_height:120%25&#8243; use_theme_fonts=&#8221;yes&#8221;][vc_row_inner css=&#8221;.vc_custom_1744025945290{margin-top: 30px !important;margin-right: 0px !important;margin-left: 0px !important;padding-top: 20px !important;background-color: #ebf0f3 !important;}&#8221;][vc_column_inner width=&#8221;1\/3&#8243; css=&#8221;.vc_custom_1679582671750{padding-top: 35px !important;padding-right: 40px !important;padding-bottom: 35px !important;padding-left: 40px !important;}&#8221;][vc_single_image image=&#8221;4500&#8243; img_size=&#8221;full&#8221;][vc_column_text css=&#8221;.vc_custom_1744042146172{margin-top: 28px !important;}&#8221; el_class=&#8221;titulo_aviso&#8221;]<strong>Primer av\u00eds (3 mesos abans)<\/strong>[\/vc_column_text][vc_column_text css=&#8221;.vc_custom_1744024205304{margin-top: 18px !important;}&#8221;]Et notifiquem amb antelaci\u00f3 la data aproximada de la propera inspecci\u00f3 de la instal\u00b7laci\u00f3 de gas i et donem l\u2019opci\u00f3 de fer-la amb nosaltres o amb una empresa instal\u00b7ladora autoritzada.<\/p><p style=\"margin-top: 30px;\">Si tries una empresa externa, ens haur\u00e0 d\u2019enviar el certificat abans de la data indicada.<\/p><p>[\/vc_column_text][vc_btn title=&#8221;Mostra el document&#8221; align=&#8221;left&#8221; link=&#8221;url:https%3A%2F%2Fwww.gnredesglp.es%2Fwp-content%2Fuploads%2F2025%2F04%2FPrimer-aviso-Redes-GLP.pdf|target:_blank|&#8221; el_class=&#8221;boton_descarga&#8221; css=&#8221;.vc_custom_1744025089281{margin-top: 25px !important;padding-top: 0px !important;padding-bottom: 0px !important;}&#8221;][\/vc_column_inner][vc_column_inner width=&#8221;1\/3&#8243; css=&#8221;.vc_custom_1679582702140{padding-top: 35px !important;padding-right: 40px !important;padding-bottom: 35px !important;padding-left: 40px !important;}&#8221;][vc_single_image image=&#8221;4503&#8243; img_size=&#8221;full&#8221; css=&#8221;.vc_custom_1744062344601{padding-top: 1px !important;padding-bottom: 2px !important;}&#8221;][vc_column_text css=&#8221;.vc_custom_1744042211155{margin-top: 28px !important;}&#8221; el_class=&#8221;titulo_aviso&#8221;]<strong>Segon av\u00eds (15 dies abans)<\/strong>[\/vc_column_text][vc_column_text css=&#8221;.vc_custom_1744022264340{margin-top: 18px !important;}&#8221;]Si no hem rebut el certificat d\u2019inspecci\u00f3 d\u2019una altra empresa, t\u2019enviarem un nou av\u00eds amb la data i la franja hor\u00e0ria de la visita.[\/vc_column_text][vc_btn title=&#8221;Mostra el document&#8221; align=&#8221;left&#8221; link=&#8221;url:https%3A%2F%2Fwww.gnredesglp.es%2Fwp-content%2Fuploads%2F2025%2F04%2FSegundo-aviso-Redes-GLP.pdf|target:_blank|&#8221; el_class=&#8221;boton_descarga&#8221; css=&#8221;.vc_custom_1744025138210{margin-top: 25px !important;padding-top: 0px !important;padding-bottom: 0px !important;}&#8221;][\/vc_column_inner][vc_column_inner width=&#8221;1\/3&#8243; css=&#8221;.vc_custom_1706734151206{padding-top: 35px !important;padding-right: 40px !important;padding-bottom: 35px !important;padding-left: 40px !important;}&#8221;][vc_single_image image=&#8221;4506&#8243; img_size=&#8221;full&#8221; css=&#8221;.vc_custom_1744062354114{padding-top: 1px !important;padding-bottom: 2px !important;}&#8221;][vc_column_text css=&#8221;.vc_custom_1744042221451{margin-top: 28px !important;}&#8221; el_class=&#8221;titulo_aviso&#8221;]<strong>Cartell informatiu a la finca<\/strong>[\/vc_column_text][vc_column_text css=&#8221;.vc_custom_1744022274268{margin-top: 18px !important;}&#8221;]Els dies previs a la inspecci\u00f3, col\u00b7locarem un cartell a la finca amb la data i l\u2019horari de la revisi\u00f3 dels habitatges en qu\u00e8 es dur\u00e0 a terme la inspecci\u00f3 i et recordarem que has de permetre l\u2019acc\u00e9s a l\u2019habitatge.[\/vc_column_text][vc_btn title=&#8221;Mostra el document&#8221; align=&#8221;left&#8221; link=&#8221;url:https%3A%2F%2Fwww.gnredesglp.es%2Fwp-content%2Fuploads%2F2025%2F04%2FCartel-informativo-finca-Redes-GLP.pdf|target:_blank|&#8221; el_class=&#8221;boton_descarga&#8221; css=&#8221;.vc_custom_1744025573983{margin-top: 25px !important;padding-top: 0px !important;padding-bottom: 0px !important;}&#8221;][\/vc_column_inner][\/vc_row_inner][vc_row_inner css=&#8221;.vc_custom_1744025960309{margin-right: 0px !important;margin-left: 0px !important;padding-bottom: 20px !important;background-color: #ebf0f3 !important;}&#8221;][vc_column_inner width=&#8221;1\/3&#8243; css=&#8221;.vc_custom_1679582671750{padding-top: 35px !important;padding-right: 40px !important;padding-bottom: 35px !important;padding-left: 40px !important;}&#8221;][vc_single_image image=&#8221;4529&#8243; img_size=&#8221;full&#8221;][vc_column_text css=&#8221;.vc_custom_1744042240598{margin-top: 28px !important;}&#8221; el_class=&#8221;titulo_aviso&#8221;]<strong>Targeta d\u2019abs\u00e8ncia en la inspecci\u00f3 peri\u00f2dica<\/strong>[\/vc_column_text][vc_column_text css=&#8221;.vc_custom_1744026013226{margin-top: 18px !important;}&#8221;]Full que emplena el personal qualificat de Gas Natural Redes GLP en cas que el consumidor no sigui a casa.[\/vc_column_text][vc_btn title=&#8221;Mostra el document&#8221; align=&#8221;left&#8221; link=&#8221;url:https%3A%2F%2Fwww.gnredesglp.es%2Fwp-content%2Fuploads%2F2025%2F04%2FMOD-296CAST_Cartel-aviso_IP_IRI_GNRedesGLP.pdf|target:_blank|&#8221; el_class=&#8221;boton_descarga&#8221; css=&#8221;.vc_custom_1744026144345{margin-top: 25px !important;padding-top: 0px !important;padding-bottom: 0px !important;}&#8221;][\/vc_column_inner][vc_column_inner width=&#8221;1\/3&#8243; css=&#8221;.vc_custom_1679582702140{padding-top: 35px !important;padding-right: 40px !important;padding-bottom: 35px !important;padding-left: 40px !important;}&#8221;][vc_single_image image=&#8221;4532&#8243; img_size=&#8221;full&#8221;][vc_column_text css=&#8221;.vc_custom_1744042249800{margin-top: 28px !important;}&#8221; el_class=&#8221;titulo_aviso&#8221;]<strong>Justificant correcci\u00f3 d\u2019anomalies<\/strong>[\/vc_column_text][vc_column_text css=&#8221;.vc_custom_1744026053231{margin-top: 18px !important;}&#8221;]Document que emplena l\u2019instal\u00b7lador, el t\u00e8cnic de l\u2019empresa autoritzada o el t\u00e8cnic d\u2019assist\u00e8ncia t\u00e8cnica, per informar que s\u2019han corregit les anomalies detectades durant la inspecci\u00f3 i que s\u2019ha d\u2019enviar a Gas Natural Redes GLP.[\/vc_column_text][vc_btn title=&#8221;Mostra el document&#8221; align=&#8221;left&#8221; link=&#8221;url:https%3A%2F%2Fwww.gnredesglp.es%2Fwp-content%2Fuploads%2F2025%2F04%2FJCA-Redes-GLP.pdf|target:_blank|&#8221; el_class=&#8221;boton_descarga&#8221; css=&#8221;.vc_custom_1744026158160{margin-top: 25px !important;padding-top: 0px !important;padding-bottom: 0px !important;}&#8221;][\/vc_column_inner][vc_column_inner width=&#8221;1\/3&#8243; css=&#8221;.vc_custom_1706734151206{padding-top: 35px !important;padding-right: 40px !important;padding-bottom: 35px !important;padding-left: 40px !important;}&#8221;][vc_single_image image=&#8221;4535&#8243; img_size=&#8221;full&#8221;][vc_column_text css=&#8221;.vc_custom_1744042259441{margin-top: 28px !important;}&#8221; el_class=&#8221;titulo_aviso&#8221;]<strong>Guia pr\u00e0ctica d\u2019inspecci\u00f3 peri\u00f2dica<\/strong>[\/vc_column_text][vc_column_text css=&#8221;.vc_custom_1744026091106{margin-top: 18px !important;}&#8221;]En aquesta guia pr\u00e0ctica es resumeixen, de manera senzilla, totes les comprovacions que es faran durant el proc\u00e9s d&#8217;inspecci\u00f3 peri\u00f2dica de la seva instal\u00b7laci\u00f3 de gas.[\/vc_column_text][vc_btn title=&#8221;Mostra el document&#8221; align=&#8221;left&#8221; link=&#8221;url:https%3A%2F%2Fwww.gnredesglp.es%2Fwp-content%2Fuploads%2F2025%2F04%2FGuia-practica-IP.pdf|target:_blank|&#8221; el_class=&#8221;boton_descarga&#8221; css=&#8221;.vc_custom_1744026172926{margin-top: 25px !important;padding-top: 0px !important;padding-bottom: 0px !important;}&#8221;][\/vc_column_inner][\/vc_row_inner][\/vc_column][\/vc_row]<\/p><\/div>","protected":false},"excerpt":{"rendered":"<p>[vc_row][vc_column width=&#8221;1\/4&#8243; css=&#8221;.vc_custom_1568711670435{padding-top: 0px !important;}&#8221;][vc_single_image image=&#8221;2479&#8243; img_size=&#8221;full&#8221; onclick=&#8221;custom_link&#8221; link=&#8221;\/&#8221; el_id=&#8221;logo&#8221; css=&#8221;.vc_custom_1568711664095{padding-right: 0px !important;padding-left: 0px !important;}&#8221;][\/vc_column][vc_column width=&#8221;3\/4&#8243; css=&#8221;.vc_custom_1568711688470{padding-top: 0px !important;}&#8221;][vc_wp_custommenu nav_menu=&#8221;20&#8243; el_class=&#8221;header-menu-glp&#8221;][\/vc_column][\/vc_row][vc_row][vc_column css=&#8221;.vc_custom_1567503699271{padding-top: 20px !important;padding-left: 0px !important;}&#8221;][vc_column_text][\/vc_column_text][\/vc_column][\/vc_row][vc_row][vc_column][vc_column_text css=&#8221;.vc_custom_1744020757294{margin-bottom: 16.8px !important;padding-top: 10px !important;}&#8221;]Documentaci\u00f3 relacionada amb la inspecci\u00f3 peri\u00f2dica[\/vc_column_text][\/vc_column][\/vc_row][vc_row][vc_column][vc_empty_space height=&#8221;23px&#8221;][\/vc_column][\/vc_row][vc_row css=&#8221;.vc_custom_1744026321800{margin-bottom: 95px !important;}&#8221;][vc_column css=&#8221;.vc_custom_1679582992663{padding-top: 0px !important;}&#8221;][vc_custom_heading text=&#8221;Et mostrem tots els tipus d\u2019avisos i cartells de Gas Natural Redes [&hellip;]<\/p>\n","protected":false},"author":10,"featured_media":0,"parent":2583,"menu_order":0,"comment_status":"closed","ping_status":"closed","template":"","meta":{"footnotes":""},"class_list":["post-4612","page","type-page","status-publish","hentry"],"_links":{"self":[{"href":"https:\/\/www.gnredesglp.es\/ca\/wp-json\/wp\/v2\/pages\/4612","targetHints":{"allow":["GET"]}}],"collection":[{"href":"https:\/\/www.gnredesglp.es\/ca\/wp-json\/wp\/v2\/pages"}],"about":[{"href":"https:\/\/www.gnredesglp.es\/ca\/wp-json\/wp\/v2\/types\/page"}],"author":[{"embeddable":true,"href":"https:\/\/www.gnredesglp.es\/ca\/wp-json\/wp\/v2\/users\/10"}],"replies":[{"embeddable":true,"href":"https:\/\/www.gnredesglp.es\/ca\/wp-json\/wp\/v2\/comments?post=4612"}],"version-history":[{"count":3,"href":"https:\/\/www.gnredesglp.es\/ca\/wp-json\/wp\/v2\/pages\/4612\/revisions"}],"predecessor-version":[{"id":4618,"href":"https:\/\/www.gnredesglp.es\/ca\/wp-json\/wp\/v2\/pages\/4612\/revisions\/4618"}],"up":[{"embeddable":true,"href":"https:\/\/www.gnredesglp.es\/ca\/wp-json\/wp\/v2\/pages\/2583"}],"wp:attachment":[{"href":"https:\/\/www.gnredesglp.es\/ca\/wp-json\/wp\/v2\/media?parent=4612"}],"curies":[{"name":"wp","href":"https:\/\/api.w.org\/{rel}","templated":true}]}}