{"id":2677,"date":"2019-08-07T09:36:14","date_gmt":"2019-08-07T07:36:14","guid":{"rendered":"https:\/\/www.gnredesglp.es\/glp-inicio\/seguridad\/como-actuar-si-huele-a-gas\/"},"modified":"2019-09-18T13:28:11","modified_gmt":"2019-09-18T11:28:11","slug":"como-actuar-si-huele-a-gas","status":"publish","type":"page","link":"https:\/\/www.gnredesglp.es\/ca\/glp-inicio\/seguridad\/como-actuar-si-huele-a-gas\/","title":{"rendered":"Com actuar si fa olor de gas?"},"content":{"rendered":"<div class=\"wpb-content-wrapper\"><p>[vc_row][vc_column width=&#8221;1\/4&#8243; css=&#8221;.vc_custom_1568713203152{padding-top: 0px !important;}&#8221;][vc_single_image image=&#8221;2479&#8243; link=&#8221;\/&#8221; img_size=&#8221;full&#8221; el_id=&#8221;logo&#8221; css=&#8221;.vc_custom_1568713197809{padding-right: 0px !important;padding-left: 0px !important;}&#8221;][\/vc_column][vc_column width=&#8221;3\/4&#8243; css=&#8221;.vc_custom_1568713220040{padding-top: 0px !important;}&#8221;][vc_wp_custommenu nav_menu=&#8221;20&#8243; el_class=&#8221;header-menu-glp&#8221;][\/vc_column][\/vc_row][vc_row][vc_column css=&#8221;.vc_custom_1567504001743{padding-top: 20px !important;padding-left: 0px !important;}&#8221;][vc_column_text]<nav aria-label=\"breadcrumbs\">\n            <div class=\"breadcrumb-container theme1\">\n                <ol>\n                    <li><a title=\"Est\u00e1s en\" href=\"#\"><span>Est\u00e1s en<\/span><\/a><span class=\"separator\">\u00bb<\/span><\/li>\n                    <\/ol>\n            <\/div>\n        <\/nav>    <script type=\"application\/ld+json\">\n        {\n            \"@context\": \"http:\/\/schema.org\",\n            \"@type\": \"BreadcrumbList\",\n            \"itemListElement\": [\n                 {\n                            \"@type\": \"ListItem\",\n                            \"position\": 1,\n                            \"item\": {\n                                \"@id\": \"#\",\n                                \"name\": \"Est\u00e1s en\"\n                            }\n                        }\n                                                    ]\n        }\n    <\/script>\n   \n    <script>\n            <\/script>\n[\/vc_column_text][\/vc_column][\/vc_row][vc_row][vc_column][vc_column_text css=&#8221;.vc_custom_1568804017307{margin-bottom: 16.8px !important;}&#8221;]<\/p><h1><strong><span style=\"color: #004165; font-size: 24px;\">Com actuar si fa olor de gas?<\/span><\/strong><\/h1><p>[\/vc_column_text][vc_column_text el_class=&#8221;p-huele&#8221; css=&#8221;.vc_custom_1568804030869{margin-bottom: 28px !important;}&#8221;]<span style=\"color: #333333; font-size: 14px;\">Aqu\u00ed trobar\u00e0s tots consells de seguretat que has de seguir si a casa teva sents olor de gas.<\/span>[\/vc_column_text][\/vc_column][\/vc_row][vc_row el_class=&#8221;box box-gray box-seguridad-responsive&#8221; css=&#8221;.vc_custom_1567604354695{padding-top: 11px !important;padding-right: 9px !important;padding-bottom: 11px !important;padding-left: 9px !important;}&#8221;][vc_column width=&#8221;1\/4&#8243; css=&#8221;.vc_custom_1567499352385{padding-right: 0px !important;padding-left: 0px !important;}&#8221;][vc_single_image image=&#8221;2043&#8243; img_size=&#8221;full&#8221; alignment=&#8221;center&#8221; el_class=&#8221;img-consejos-responsive&#8221;][\/vc_column][vc_column width=&#8221;3\/4&#8243; css=&#8221;.vc_custom_1567499399295{padding-right: 0px !important;padding-left: 0px !important;}&#8221;][vc_column_text el_class=&#8221;text-consejos-responsive&#8221; css=&#8221;.vc_custom_1568804051586{padding-top: 11px !important;padding-bottom: 11px !important;}&#8221;]<span style=\"color: #333333; font-size: 14px;\"><strong>Obre portes i finestres<\/strong><\/span><\/p><p><span style=\"color: #333333; font-size: 14px;\">Obre les portes i finestres perqu\u00e8 el local quedi ben ventilat. Davant d&#8217;una possible asf\u00edxia, agafa aire fresc i, immediatament, sol\u00b7licita atenci\u00f3 m\u00e8dica. <\/span>[\/vc_column_text][\/vc_column][\/vc_row][vc_row][vc_column][vc_empty_space][\/vc_column][\/vc_row][vc_row el_class=&#8221;box box-gray box-seguridad-responsive&#8221; css=&#8221;.vc_custom_1567604361112{padding-top: 11px !important;padding-right: 9px !important;padding-bottom: 11px !important;padding-left: 9px !important;}&#8221;][vc_column width=&#8221;1\/4&#8243; css=&#8221;.vc_custom_1567499357268{padding-right: 0px !important;padding-left: 0px !important;}&#8221;][vc_single_image image=&#8221;2047&#8243; img_size=&#8221;full&#8221; alignment=&#8221;center&#8221; el_class=&#8221;img-consejos-responsive&#8221;][\/vc_column][vc_column width=&#8221;3\/4&#8243; css=&#8221;.vc_custom_1567499403815{padding-right: 0px !important;padding-left: 0px !important;}&#8221;][vc_column_text el_class=&#8221;text-consejos-responsive&#8221; css=&#8221;.vc_custom_1568804072734{padding-top: 11px !important;padding-bottom: 11px !important;}&#8221;]<span style=\"color: #333333; font-size: 14px;\"><strong>Tanca la clau general de pas<\/strong><\/span><\/p><p><span style=\"color: #333333; font-size: 14px;\">Tanca els comandaments dels aparells de gas i la clau general de pas. Si despr\u00e9s de tancar la clau de pas segueix fent olor de gas, ventila i surt de casa fins que arribi el personal d&#8217;urg\u00e8ncies. <\/span>[\/vc_column_text][\/vc_column][\/vc_row][vc_row][vc_column][vc_empty_space][\/vc_column][\/vc_row][vc_row el_class=&#8221;box box-gray box-seguridad-responsive&#8221; css=&#8221;.vc_custom_1567604379989{padding-top: 11px !important;padding-right: 9px !important;padding-bottom: 11px !important;padding-left: 9px !important;}&#8221;][vc_column width=&#8221;1\/4&#8243; css=&#8221;.vc_custom_1567499362466{padding-right: 0px !important;padding-left: 0px !important;}&#8221;][vc_single_image image=&#8221;2051&#8243; img_size=&#8221;full&#8221; alignment=&#8221;center&#8221; el_class=&#8221;img-consejos-responsive&#8221;][\/vc_column][vc_column width=&#8221;3\/4&#8243; css=&#8221;.vc_custom_1567499409661{padding-right: 0px !important;padding-left: 0px !important;}&#8221;][vc_column_text el_class=&#8221;text-consejos-responsive&#8221; css=&#8221;.vc_custom_1568804097286{padding-top: 11px !important;padding-bottom: 11px !important;}&#8221;]<span style=\"color: #333333; font-size: 14px;\"><strong>No manipulis aparells el\u00e8ctrics<\/strong><\/span><\/p><p><span style=\"color: #333333; font-size: 14px;\">No manipulis cap aparell el\u00e8ctric ni accions cap interruptor. <\/span>[\/vc_column_text][\/vc_column][\/vc_row][vc_row][vc_column][vc_empty_space][\/vc_column][\/vc_row][vc_row el_class=&#8221;box box-gray box-seguridad-responsive&#8221; css=&#8221;.vc_custom_1567604386267{padding-top: 11px !important;padding-right: 9px !important;padding-bottom: 11px !important;padding-left: 9px !important;}&#8221;][vc_column width=&#8221;1\/4&#8243; css=&#8221;.vc_custom_1567499367066{padding-right: 0px !important;padding-left: 0px !important;}&#8221;][vc_single_image image=&#8221;2055&#8243; img_size=&#8221;full&#8221; alignment=&#8221;center&#8221; el_class=&#8221;img-consejos-responsive&#8221;][\/vc_column][vc_column width=&#8221;3\/4&#8243; css=&#8221;.vc_custom_1567499413931{padding-right: 0px !important;padding-left: 0px !important;}&#8221;][vc_column_text el_class=&#8221;text-consejos-responsive&#8221; css=&#8221;.vc_custom_1568804120703{padding-top: 11px !important;padding-bottom: 11px !important;}&#8221;]<span style=\"color: #333333; font-size: 14px;\"><strong>Truca al tel\u00e8fon d&#8217;urg\u00e8ncies 900 555 000 \u00a0<\/strong><\/span><\/p><p><span style=\"color: #333333; font-size: 14px;\">Truca al nostre tel\u00e8fon d&#8217;urg\u00e8ncies 900 555 000, i vindrem r\u00e0pidament a inspeccionar la teva instal\u00b7laci\u00f3. Truca-hi nom\u00e9s en cas d&#8217;urg\u00e8ncia, per no saturar la l\u00ednia.<\/span>[\/vc_column_text][\/vc_column][\/vc_row][vc_row][vc_column][vc_empty_space][\/vc_column][\/vc_row][vc_row el_class=&#8221;box box-gray box-seguridad-responsive&#8221; css=&#8221;.vc_custom_1567604392367{padding-top: 11px !important;padding-right: 9px !important;padding-bottom: 11px !important;padding-left: 9px !important;}&#8221;][vc_column width=&#8221;1\/4&#8243; css=&#8221;.vc_custom_1567499374043{padding-right: 0px !important;padding-left: 0px !important;}&#8221;][vc_single_image image=&#8221;2059&#8243; img_size=&#8221;full&#8221; alignment=&#8221;center&#8221; el_class=&#8221;img-consejos-responsive&#8221;][\/vc_column][vc_column width=&#8221;3\/4&#8243; css=&#8221;.vc_custom_1567499419096{padding-right: 0px !important;padding-left: 0px !important;}&#8221;][vc_column_text el_class=&#8221;text-consejos-responsive&#8221; css=&#8221;.vc_custom_1568804141715{padding-top: 11px !important;padding-bottom: 11px !important;}&#8221;]<span style=\"color: #333333; font-size: 14px;\"><strong>No generis flames ni espurnes<\/strong><\/span><\/p><p><span style=\"color: #333333; font-size: 14px;\">No generis flames ni espurnes i, sobretot, no fumis. <\/span>[\/vc_column_text][\/vc_column][\/vc_row][vc_row][vc_column][vc_empty_space][\/vc_column][\/vc_row][vc_row el_class=&#8221;box box-gray box-seguridad-responsive&#8221; css=&#8221;.vc_custom_1567604398475{padding-top: 11px !important;padding-right: 9px !important;padding-bottom: 11px !important;padding-left: 9px !important;}&#8221;][vc_column width=&#8221;1\/4&#8243; css=&#8221;.vc_custom_1567499379184{padding-right: 0px !important;padding-left: 0px !important;}&#8221;][vc_single_image image=&#8221;2063&#8243; img_size=&#8221;full&#8221; alignment=&#8221;center&#8221; el_class=&#8221;img-consejos-responsive&#8221;][\/vc_column][vc_column width=&#8221;3\/4&#8243; css=&#8221;.vc_custom_1567499424468{padding-right: 0px !important;padding-left: 0px !important;}&#8221;][vc_column_text el_class=&#8221;text-consejos-responsive&#8221; css=&#8221;.vc_custom_1568804165538{padding-top: 11px !important;padding-bottom: 11px !important;}&#8221;]<span style=\"color: #333333; font-size: 14px;\"><strong>No obris la clau de pas fins que no s&#8217;hagi reparat la instal\u00b7laci\u00f3 o l&#8217;aparell avariat<\/strong><\/span><\/p><p><span style=\"color: #333333; font-size: 14px;\">No tornis a obrir la clau de pas fins que no s&#8217;hagi reparat la instal\u00b7laci\u00f3 o l&#8217;aparell avariat. <\/span>[\/vc_column_text][\/vc_column][\/vc_row]<\/p><\/div>","protected":false},"excerpt":{"rendered":"<p>[vc_row][vc_column width=&#8221;1\/4&#8243; css=&#8221;.vc_custom_1568713203152{padding-top: 0px !important;}&#8221;][vc_single_image image=&#8221;2479&#8243; link=&#8221;\/&#8221; img_size=&#8221;full&#8221; el_id=&#8221;logo&#8221; css=&#8221;.vc_custom_1568713197809{padding-right: 0px !important;padding-left: 0px !important;}&#8221;][\/vc_column][vc_column width=&#8221;3\/4&#8243; css=&#8221;.vc_custom_1568713220040{padding-top: 0px !important;}&#8221;][vc_wp_custommenu nav_menu=&#8221;20&#8243; el_class=&#8221;header-menu-glp&#8221;][\/vc_column][\/vc_row][vc_row][vc_column css=&#8221;.vc_custom_1567504001743{padding-top: 20px !important;padding-left: 0px !important;}&#8221;][vc_column_text][\/vc_column_text][\/vc_column][\/vc_row][vc_row][vc_column][vc_column_text css=&#8221;.vc_custom_1568804017307{margin-bottom: 16.8px !important;}&#8221;]Com actuar si fa olor de gas?[\/vc_column_text][vc_column_text el_class=&#8221;p-huele&#8221; css=&#8221;.vc_custom_1568804030869{margin-bottom: 28px !important;}&#8221;]Aqu\u00ed trobar\u00e0s tots consells de seguretat que has de seguir si a casa teva sents olor de gas.[\/vc_column_text][\/vc_column][\/vc_row][vc_row [&hellip;]<\/p>\n","protected":false},"author":10,"featured_media":0,"parent":2674,"menu_order":0,"comment_status":"closed","ping_status":"closed","template":"","meta":{"footnotes":""},"class_list":["post-2677","page","type-page","status-publish","hentry"],"_links":{"self":[{"href":"https:\/\/www.gnredesglp.es\/ca\/wp-json\/wp\/v2\/pages\/2677","targetHints":{"allow":["GET"]}}],"collection":[{"href":"https:\/\/www.gnredesglp.es\/ca\/wp-json\/wp\/v2\/pages"}],"about":[{"href":"https:\/\/www.gnredesglp.es\/ca\/wp-json\/wp\/v2\/types\/page"}],"author":[{"embeddable":true,"href":"https:\/\/www.gnredesglp.es\/ca\/wp-json\/wp\/v2\/users\/10"}],"replies":[{"embeddable":true,"href":"https:\/\/www.gnredesglp.es\/ca\/wp-json\/wp\/v2\/comments?post=2677"}],"version-history":[{"count":3,"href":"https:\/\/www.gnredesglp.es\/ca\/wp-json\/wp\/v2\/pages\/2677\/revisions"}],"predecessor-version":[{"id":2727,"href":"https:\/\/www.gnredesglp.es\/ca\/wp-json\/wp\/v2\/pages\/2677\/revisions\/2727"}],"up":[{"embeddable":true,"href":"https:\/\/www.gnredesglp.es\/ca\/wp-json\/wp\/v2\/pages\/2674"}],"wp:attachment":[{"href":"https:\/\/www.gnredesglp.es\/ca\/wp-json\/wp\/v2\/media?parent=2677"}],"curies":[{"name":"wp","href":"https:\/\/api.w.org\/{rel}","templated":true}]}}