{"id":2629,"date":"2019-08-01T16:53:42","date_gmt":"2019-08-01T14:53:42","guid":{"rendered":"https:\/\/www.gnredesglp.es\/glp-inicio\/clientes\/operaciones-domiciliarias\/"},"modified":"2022-02-24T14:53:50","modified_gmt":"2022-02-24T12:53:50","slug":"operaciones-domiciliarias","status":"publish","type":"page","link":"https:\/\/www.gnredesglp.es\/ca\/glp-inicio\/clientes\/operaciones-domiciliarias\/","title":{"rendered":"Operacions domicili\u00e0ries"},"content":{"rendered":"<div class=\"wpb-content-wrapper\"><p>[vc_row][vc_column width=&#8221;1\/4&#8243; css=&#8221;.vc_custom_1568712190761{padding-top: 0px !important;}&#8221;][vc_single_image image=&#8221;2479&#8243; img_size=&#8221;full&#8221; onclick=&#8221;custom_link&#8221; link=&#8221;\/&#8221; el_id=&#8221;logo&#8221; css=&#8221;.vc_custom_1568712187357{padding-right: 0px !important;padding-left: 0px !important;}&#8221;][\/vc_column][vc_column width=&#8221;3\/4&#8243; css=&#8221;.vc_custom_1568712211034{padding-top: 0px !important;}&#8221;][vc_wp_custommenu nav_menu=&#8221;20&#8243; el_class=&#8221;header-menu-glp&#8221;][\/vc_column][\/vc_row][vc_row][vc_column css=&#8221;.vc_custom_1567503360653{padding-top: 20px !important;}&#8221;][vc_column_text]<nav aria-label=\"breadcrumbs\">\n            <div class=\"breadcrumb-container theme1\">\n                <ol>\n                    <li><a title=\"Est\u00e1s en\" href=\"#\"><span>Est\u00e1s en<\/span><\/a><span class=\"separator\">\u00bb<\/span><\/li>\n                    <\/ol>\n            <\/div>\n        <\/nav>    <script type=\"application\/ld+json\">\n        {\n            \"@context\": \"http:\/\/schema.org\",\n            \"@type\": \"BreadcrumbList\",\n            \"itemListElement\": [\n                 {\n                            \"@type\": \"ListItem\",\n                            \"position\": 1,\n                            \"item\": {\n                                \"@id\": \"#\",\n                                \"name\": \"Est\u00e1s en\"\n                            }\n                        }\n                                                    ]\n        }\n    <\/script>\n   \n    <script>\n            <\/script>\n[\/vc_column_text][\/vc_column][\/vc_row][vc_row][vc_column][vc_column_text css=&#8221;.vc_custom_1568729143938{margin-bottom: 16.8px !important;}&#8221;]<\/p><h1><span style=\"color: #004165; font-size: 24px;\"><strong>Operacions domicili\u00e0ries<\/strong><\/span><\/h1><p>[\/vc_column_text][\/vc_column][\/vc_row][vc_row][vc_column][vc_column_text el_class=&#8221;p-operaciones&#8221; css=&#8221;.vc_custom_1568729157409{margin-bottom: 28px !important;}&#8221;]<span style=\"color: #333333; font-size: 14px;\">Aquestes s\u00f3n les principals operacions domicili\u00e0ries que la teva distribu\u00efdora dur\u00e0 a terme per certificar el correcte funcionament i seguretat de la teva instal\u00b7laci\u00f3 de gas:<\/span>[\/vc_column_text][\/vc_column][\/vc_row][vc_section css=&#8221;.vc_custom_1567417040491{margin-top: 0px !important;margin-bottom: 0px !important;padding-top: 9px !important;padding-right: 9px !important;padding-bottom: 4px !important;padding-left: 9px !important;background-color: #cfd8df !important;}&#8221; el_class=&#8221;section-op-domiciliarias&#8221;][vc_row][vc_column][vc_column_text el_class=&#8221;p-operaciones&#8221; css=&#8221;.vc_custom_1568729190013{padding-bottom: 4px !important;}&#8221;]<span style=\"color: #004165; font-size: 14px;\"><strong>Reobertura IRI: sense certificat, amb certificat,(1) per pagament de deute(2)<\/strong><\/span>[\/vc_column_text][\/vc_column][\/vc_row][vc_row][vc_column][vc_column_text el_class=&#8221;p-operaciones&#8221; css=&#8221;.vc_custom_1568729203518{padding-top: 9px !important;padding-bottom: 4px !important;}&#8221;]<span style=\"color: #004165; font-size: 14px;\">Operaci\u00f3 per posar en servei la teva instal\u00b7laci\u00f3 individual. Per a aix\u00f2, el t\u00e8cnic far\u00e0 una prova d\u2019estanquitat de la instal\u00b7laci\u00f3, tamb\u00e9 comprovar\u00e0 que la caldera o l\u2019escalfador realitza correctament la combusti\u00f3 i revisar\u00e0 que s\u2019hagi corregit qualsevol altra anomalia que hagi motivat el tancament de la instal\u00b7laci\u00f3. En cas de detectar un funcionament an\u00f2mal o desperfecte al comptador, aquest tamb\u00e9 podr\u00e0 ser substitu\u00eft. <\/span>[\/vc_column_text][\/vc_column][\/vc_row][vc_row][vc_column css=&#8221;.vc_custom_1567414420222{padding-bottom: 0px !important;}&#8221;][vc_column_text el_class=&#8221;p-operaciones&#8221; css=&#8221;.vc_custom_1568729218240{padding-top: 9px !important;padding-bottom: 4px !important;}&#8221;]<span style=\"color: #004165; font-size: 14px;\"><strong>Reobertura IRC sense certificat \u00a0<\/strong><\/span>[\/vc_column_text][\/vc_column][\/vc_row][vc_row][vc_column css=&#8221;.vc_custom_1567414430503{padding-bottom: 0px !important;}&#8221;][vc_column_text el_class=&#8221;p-operaciones&#8221; css=&#8221;.vc_custom_1568729233517{padding-top: 9px !important;padding-bottom: 4px !important;}&#8221;]<span style=\"color: #004165; font-size: 14px;\">Operaci\u00f3 per posar en servei tots els punts de subministrament en instal\u00b7lacions comunit\u00e0ries tancades totalment o parcialment. En aquesta operaci\u00f3, el t\u00e8cnic duu a terme una prova d\u2019estanquitat de la instal\u00b7laci\u00f3, tant comunit\u00e0ria com individual, i en aquells habitatges on el client no hi sigui hi deixar\u00e0 un av\u00eds amb tota la informaci\u00f3 necess\u00e0ria per reprendre el subministrament.<\/span>[\/vc_column_text][\/vc_column][\/vc_row][vc_row][vc_column css=&#8221;.vc_custom_1567416778761{padding-bottom: 0px !important;}&#8221;][vc_column_text el_class=&#8221;p-operaciones&#8221; css=&#8221;.vc_custom_1568729246351{padding-top: 9px !important;padding-bottom: 4px !important;}&#8221;]<span style=\"color: #004165; font-size: 14px;\"><strong>Cessament de subministrament\u00a0<\/strong><\/span>[\/vc_column_text][\/vc_column][\/vc_row][vc_row][vc_column css=&#8221;.vc_custom_1567414386939{padding-top: 9px !important;}&#8221;][vc_column_text el_class=&#8221;p-operaciones&#8221; css=&#8221;.vc_custom_1568729267925{padding-top: 9px !important;padding-bottom: 4px !important;}&#8221;]<span style=\"color: #004165; font-size: 14px;\">Suposa la rescissi\u00f3 del contracte i la posada en seguretat de la instal\u00b7laci\u00f3 individual. El t\u00e8cnic retirar\u00e0 el comptador i deixar\u00e0 la instal\u00b7laci\u00f3 en seguretat.<\/span>[\/vc_column_text][\/vc_column][\/vc_row][vc_row][vc_column][vc_column_text el_class=&#8221;p-operaciones&#8221; css=&#8221;.vc_custom_1568729282235{padding-top: 9px !important;padding-bottom: 4px !important;}&#8221;]<span style=\"color: #004165; font-size: 14px;\"><strong>Canvi de comptador \u00a0<\/strong><\/span>[\/vc_column_text][\/vc_column][\/vc_row][vc_row][vc_column][vc_column_text el_class=&#8221;p-operaciones&#8221; css=&#8221;.vc_custom_1568729296967{padding-top: 9px !important;padding-bottom: 4px !important;}&#8221;]<span style=\"color: #004165; font-size: 14px;\">En aquesta operaci\u00f3 el t\u00e8cnic substituir\u00e0 el comptador per un altre de les mateixes caracter\u00edstiques i dur\u00e0 a terme una prova d\u2019estanquitat de la instal\u00b7laci\u00f3.<\/span>[\/vc_column_text][\/vc_column][\/vc_row][vc_row][vc_column][vc_column_text el_class=&#8221;p-operaciones&#8221; css=&#8221;.vc_custom_1568729313010{padding-top: 9px !important;padding-bottom: 4px !important;}&#8221;]<span style=\"color: #004165; font-size: 14px;\"><strong>Comprovar si marca \u00a0<\/strong><\/span>[\/vc_column_text][\/vc_column][\/vc_row][vc_row][vc_column][vc_column_text el_class=&#8221;p-operaciones&#8221; css=&#8221;.vc_custom_1568729327970{padding-top: 9px !important;padding-bottom: 4px !important;}&#8221;]<span style=\"color: #004165; font-size: 14px;\">Operaci\u00f3 per determinar que el comptador registra el consum correctament. El t\u00e8cnic comprovar\u00e0 que el comptador marca el mateix que el que indica la placa dels aparells instal\u00b7lats. En cas que no marqui correctament, se substituir\u00e0 per un altre.<\/span>[\/vc_column_text][\/vc_column][\/vc_row][vc_row][vc_column][vc_column_text el_class=&#8221;p-operaciones&#8221; css=&#8221;.vc_custom_1568729342609{padding-top: 9px !important;padding-bottom: 4px !important;}&#8221;]<span style=\"color: #004165; font-size: 14px;\"><strong>Tancament a petici\u00f3 de la distribu\u00efdora \u00a0<\/strong><\/span>[\/vc_column_text][\/vc_column][\/vc_row][vc_row][vc_column][vc_column_text el_class=&#8221;p-operaciones&#8221; css=&#8221;.vc_custom_1568729360418{padding-top: 9px !important;padding-bottom: 4px !important;}&#8221;]<span style=\"color: #004165; font-size: 14px;\">Operaci\u00f3 de tall del subministrament de gas per deute pendent amb el distribu\u00efdor. Per a aix\u00f2, el t\u00e8cnic tancar\u00e0, bloquejar\u00e0 i precintar\u00e0 la instal\u00b7laci\u00f3 fins que el client normalitzi la seva situaci\u00f3.<\/span>[\/vc_column_text][\/vc_column][\/vc_row][vc_row][vc_column][vc_column_text el_class=&#8221;p-operaciones&#8221; css=&#8221;.vc_custom_1568729377520{padding-top: 9px !important;padding-bottom: 4px !important;}&#8221;]<span style=\"color: #004165; font-size: 14px;\"><strong>Verificar finca o dades IRC<\/strong><\/span>[\/vc_column_text][\/vc_column][\/vc_row][vc_row][vc_column][vc_column_text el_class=&#8221;p-operaciones&#8221; css=&#8221;.vc_custom_1568729397877{padding-top: 9px !important;padding-bottom: 4px !important;}&#8221;]<span style=\"color: #004165; font-size: 14px;\">Operaci\u00f3 que t\u00e9 com a objectiu confirmar diverses dades d\u2019una finca, estructura, carrer, n\u00famero i ordenaci\u00f3 de bateria de comptadors.<\/span>[\/vc_column_text][\/vc_column][\/vc_row][vc_row][vc_column][vc_column_text el_class=&#8221;p-operaciones&#8221; css=&#8221;.vc_custom_1567416859307{padding-top: 9px !important;padding-bottom: 4px !important;}&#8221;]<span style=\"color: #004165; font-size: 14px;\"><strong>Verificar lectura<\/strong><\/span>[\/vc_column_text][\/vc_column][\/vc_row][vc_row][vc_column][vc_column_text el_class=&#8221;p-operaciones&#8221; css=&#8221;.vc_custom_1568729416245{padding-top: 9px !important;padding-bottom: 4px !important;}&#8221;]<span style=\"color: #004165; font-size: 14px;\">Operaci\u00f3 per verificar la lectura i les dades del comptador, aix\u00ed com per identificar el punt de subministrament. <\/span>[\/vc_column_text][\/vc_column][\/vc_row][vc_row][vc_column][vc_column_text el_class=&#8221;p-operaciones&#8221; css=&#8221;.vc_custom_1568729430200{padding-top: 9px !important;padding-bottom: 4px !important;}&#8221;]<span style=\"color: #004165; font-size: 14px;\"><strong>Aixecar comptador per obres <\/strong><\/span>[\/vc_column_text][\/vc_column][\/vc_row][vc_row][vc_column][vc_column_text el_class=&#8221;p-operaciones&#8221; css=&#8221;.vc_custom_1568729444886{padding-top: 9px !important;}&#8221;]<span style=\"color: #004165; font-size: 14px;\">Operaci\u00f3 per desmuntar el comptador per obra o reforma. Durant aquesta operaci\u00f3, el t\u00e8cnic tancar\u00e0, bloquejar\u00e0 i precintar\u00e0 la instal\u00b7laci\u00f3, i deixar\u00e0 el comptador desmuntat a l\u2019habitatge del client.<\/span>[\/vc_column_text][\/vc_column][\/vc_row][\/vc_section][vc_row][vc_column][vc_empty_space][\/vc_column][\/vc_row][vc_row][vc_column][vc_column_text el_class=&#8221;p-operaciones&#8221; css=&#8221;.vc_custom_1568729475524{padding-bottom: 7px !important;}&#8221;]<\/p><h2><span style=\"color: #333333; font-size: 14px;\"><strong>Fitxers relacionats<\/strong><\/span><\/h2><p>[\/vc_column_text][\/vc_column][\/vc_row][vc_row][vc_column][vc_column_text el_class=&#8221;p-operaciones&#8221;]<span style=\"color: #004065; font-size: 14px;\"><a href=\"\/wp-content\/uploads\/2022\/02\/Redes-GLP-Tarifas-operaciones-t\u00e9cnicas-febrero-2022.pdf\" target=\"_blank\" rel=\"noopener noreferrer\">Baixa aqu\u00ed les tarifes desglossades per comunitats aut\u00f2nomes<\/a> (PDF 225 Kb) <\/span><img decoding=\"async\" style=\"color: #004065; font-size: 14px;\" src=\"https:\/\/www.gnredesglp.es\/wp-content\/uploads\/2020\/04\/ico_ventana_nueva.png\" \/>[\/vc_column_text][\/vc_column][\/vc_row][vc_row][vc_column][vc_tta_accordion style=&#8221;modern&#8221; gap=&#8221;30&#8243; c_icon=&#8221;chevron&#8221; active_section=&#8221;69&#8243; css_animation=&#8221;bottom-to-top&#8221; collapsible_all=&#8221;true&#8221;][vc_tta_section title=&#8221;*Glossari de termes&#8221; tab_id=&#8221;1585086113527-2be5dd4c-d4ec&#8221; el_class=&#8221;title-collapsed-content p-colaboradores&#8221;][vc_row_inner][vc_column_inner width=&#8221;1\/3&#8243;][vc_column_text]<span style=\"color: #004065; font-size: 12px;\"><strong>*Glossari de termes<\/strong><\/span>[\/vc_column_text][\/vc_column_inner][vc_column_inner width=&#8221;1\/3&#8243;][vc_column_text]<span class=\"ent-disclaimer-titulo\"><span style=\"color: #333333; font-size: 12px;\"><strong style=\"font-size: 12px;\">Instal\u00b7laci\u00f3 receptora comuna (IRC): <\/strong>Conjunt de conduccions i accessoris compresos entre la clau de connexi\u00f3 de servei (exclosa aquesta) i les claus de connexi\u00f3 d\u2019aparell (incloses aquestes), exclosos els trams de connexi\u00f3 dels aparells.<\/span><\/span><br \/><span style=\"color: #333333; font-size: 12px;\"><strong>Instal\u00b7laci\u00f3 receptora individual (IRI): <\/strong>Conjunt de conduccions i accessoris compresos, segons el cas, entre la clau d\u2019usuari, quan existeix instal\u00b7laci\u00f3 comunit\u00e0ria, o la clau de connexi\u00f3 de servei o d\u2019edifici, quan subministren un sol usuari.<\/span><br \/><span style=\"color: #333333; font-size: 12px;\"><strong>Certificat: <\/strong>Document expedit per una empresa instal\u00b7ladora autoritzada que garanteix per un per\u00edode determinat qualsevol defici\u00e8ncia a la instal\u00b7laci\u00f3 realitzada, atribu\u00efble a una mala execuci\u00f3 i contra tota conseq\u00fc\u00e8ncia que se\u2019n derivi.<\/span><br \/><span style=\"color: #333333; font-size: 12px;\"><strong>Prova d\u2019estanquitat: <\/strong>Comprovaci\u00f3 de l\u2019abs\u00e8ncia de fuites a la instal\u00b7laci\u00f3 individual o comunit\u00e0ria.<\/span><br \/><span style=\"color: #333333; font-size: 12px;\"><strong>Prova de combusti\u00f3: <\/strong>Comprovaci\u00f3 de la correcta higiene del proc\u00e9s de combusti\u00f3.<\/span>[\/vc_column_text][\/vc_column_inner][vc_column_inner width=&#8221;1\/3&#8243;][vc_column_text]<span style=\"color: #004065; font-size: 12px;\"><sup>(1)<\/sup> Quan s\u2019ha\/n substitu\u00eft aparell\/s per un\/s altre\/s de diferents caracter\u00edstiques o la instal\u00b7laci\u00f3 ha tingut modificacions superiors a 1 metre.<sup><br \/><\/sup><\/span><br \/><span style=\"color: #004065; font-size: 12px;\">(2) Quan el client ha satisfet un deute amb la seva comercialitzadora.<\/span>[\/vc_column_text][\/vc_column_inner][\/vc_row_inner][\/vc_tta_section][\/vc_tta_accordion][\/vc_column][\/vc_row]<\/p><\/div>","protected":false},"excerpt":{"rendered":"<p>[vc_row][vc_column width=&#8221;1\/4&#8243; css=&#8221;.vc_custom_1568712190761{padding-top: 0px !important;}&#8221;][vc_single_image image=&#8221;2479&#8243; img_size=&#8221;full&#8221; onclick=&#8221;custom_link&#8221; link=&#8221;\/&#8221; el_id=&#8221;logo&#8221; css=&#8221;.vc_custom_1568712187357{padding-right: 0px !important;padding-left: 0px !important;}&#8221;][\/vc_column][vc_column width=&#8221;3\/4&#8243; css=&#8221;.vc_custom_1568712211034{padding-top: 0px !important;}&#8221;][vc_wp_custommenu nav_menu=&#8221;20&#8243; el_class=&#8221;header-menu-glp&#8221;][\/vc_column][\/vc_row][vc_row][vc_column css=&#8221;.vc_custom_1567503360653{padding-top: 20px !important;}&#8221;][vc_column_text][\/vc_column_text][\/vc_column][\/vc_row][vc_row][vc_column][vc_column_text css=&#8221;.vc_custom_1568729143938{margin-bottom: 16.8px !important;}&#8221;]Operacions domicili\u00e0ries[\/vc_column_text][\/vc_column][\/vc_row][vc_row][vc_column][vc_column_text el_class=&#8221;p-operaciones&#8221; css=&#8221;.vc_custom_1568729157409{margin-bottom: 28px !important;}&#8221;]Aquestes s\u00f3n les principals operacions domicili\u00e0ries que la teva distribu\u00efdora dur\u00e0 a terme per certificar el correcte funcionament i seguretat de la teva instal\u00b7laci\u00f3 [&hellip;]<\/p>\n","protected":false},"author":10,"featured_media":0,"parent":2575,"menu_order":0,"comment_status":"closed","ping_status":"closed","template":"","meta":{"footnotes":""},"class_list":["post-2629","page","type-page","status-publish","hentry"],"_links":{"self":[{"href":"https:\/\/www.gnredesglp.es\/ca\/wp-json\/wp\/v2\/pages\/2629","targetHints":{"allow":["GET"]}}],"collection":[{"href":"https:\/\/www.gnredesglp.es\/ca\/wp-json\/wp\/v2\/pages"}],"about":[{"href":"https:\/\/www.gnredesglp.es\/ca\/wp-json\/wp\/v2\/types\/page"}],"author":[{"embeddable":true,"href":"https:\/\/www.gnredesglp.es\/ca\/wp-json\/wp\/v2\/users\/10"}],"replies":[{"embeddable":true,"href":"https:\/\/www.gnredesglp.es\/ca\/wp-json\/wp\/v2\/comments?post=2629"}],"version-history":[{"count":18,"href":"https:\/\/www.gnredesglp.es\/ca\/wp-json\/wp\/v2\/pages\/2629\/revisions"}],"predecessor-version":[{"id":3845,"href":"https:\/\/www.gnredesglp.es\/ca\/wp-json\/wp\/v2\/pages\/2629\/revisions\/3845"}],"up":[{"embeddable":true,"href":"https:\/\/www.gnredesglp.es\/ca\/wp-json\/wp\/v2\/pages\/2575"}],"wp:attachment":[{"href":"https:\/\/www.gnredesglp.es\/ca\/wp-json\/wp\/v2\/media?parent=2629"}],"curies":[{"name":"wp","href":"https:\/\/api.w.org\/{rel}","templated":true}]}}