{"id":2619,"date":"2019-08-02T10:13:13","date_gmt":"2019-08-02T08:13:13","guid":{"rendered":"https:\/\/www.gnredesglp.es\/glp-inicio\/clientes\/inspeccion-periodica\/tarifas\/"},"modified":"2025-04-21T10:24:26","modified_gmt":"2025-04-21T08:24:26","slug":"tarifas","status":"publish","type":"page","link":"https:\/\/www.gnredesglp.es\/ca\/glp-inicio\/clientes\/inspeccion-periodica\/tarifas\/","title":{"rendered":"Tarifes"},"content":{"rendered":"<div class=\"wpb-content-wrapper\"><p>[vc_row][vc_column width=&#8221;1\/4&#8243; css=&#8221;.vc_custom_1568711670435{padding-top: 0px !important;}&#8221;][vc_single_image image=&#8221;2479&#8243; img_size=&#8221;full&#8221; onclick=&#8221;custom_link&#8221; link=&#8221;\/&#8221; el_id=&#8221;logo&#8221; css=&#8221;.vc_custom_1568711664095{padding-right: 0px !important;padding-left: 0px !important;}&#8221;][\/vc_column][vc_column width=&#8221;3\/4&#8243; css=&#8221;.vc_custom_1568711688470{padding-top: 0px !important;}&#8221;][vc_wp_custommenu nav_menu=&#8221;20&#8243; el_class=&#8221;header-menu-glp&#8221;][\/vc_column][\/vc_row][vc_row][vc_column css=&#8221;.vc_custom_1567503699271{padding-top: 20px !important;padding-left: 0px !important;}&#8221;][vc_column_text]<nav aria-label=\"breadcrumbs\">\n            <div class=\"breadcrumb-container theme1\">\n                <ol>\n                    <li><a title=\"Est\u00e1s en\" href=\"#\"><span>Est\u00e1s en<\/span><\/a><span class=\"separator\">\u00bb<\/span><\/li>\n                    <\/ol>\n            <\/div>\n        <\/nav>    <script type=\"application\/ld+json\">\n        {\n            \"@context\": \"http:\/\/schema.org\",\n            \"@type\": \"BreadcrumbList\",\n            \"itemListElement\": [\n                 {\n                            \"@type\": \"ListItem\",\n                            \"position\": 1,\n                            \"item\": {\n                                \"@id\": \"#\",\n                                \"name\": \"Est\u00e1s en\"\n                            }\n                        }\n                                                    ]\n        }\n    <\/script>\n   \n    <script>\n            <\/script>\n[\/vc_column_text][\/vc_column][\/vc_row][vc_row][vc_column][vc_column_text css=&#8221;.vc_custom_1744008754156{margin-bottom: 16.8px !important;padding-top: 10px !important;}&#8221;]<\/p><h1><span style=\"color: #004165; font-size: 24px;\"><strong>Tarifes<\/strong><\/span><\/h1><p>[\/vc_column_text][\/vc_column][\/vc_row][vc_row][vc_column][vc_empty_space height=&#8221;18px&#8221;][\/vc_column][\/vc_row][vc_row][vc_column css=&#8221;.vc_custom_1567518514663{padding-top: 15px !important;}&#8221; el_class=&#8221;img-separador-responsive-inicio&#8221;][vc_single_image image=&#8221;1850&#8243; img_size=&#8221;999&#215;12&#8243; alignment=&#8221;center&#8221;][\/vc_column][\/vc_row][vc_row equal_height=&#8221;yes&#8221; content_placement=&#8221;middle&#8221;][vc_column width=&#8221;1\/2&#8243; css=&#8221;.vc_custom_1743751865005{margin-top: 20px !important;margin-right: 20px !important;margin-left: 0px !important;}&#8221; offset=&#8221;vc_col-lg-6 vc_col-md-6&#8243;][vc_custom_heading text=&#8221;<strong>Tarifes regulades<\/strong>&#8221; font_container=&#8221;tag:h2|font_size:28px|text_align:left|color:%23004065|line_height:120%25&#8243; use_theme_fonts=&#8221;yes&#8221;][vc_column_text el_class=&#8221;text-responsive-inicio&#8221; css=&#8221;.vc_custom_1744008907687{margin-top: 20px !important;padding-right: 10px !important;}&#8221;]<\/p><p class=\"informacion\">A continuaci\u00f3 trobar\u00e0s les <strong>tarifes regulades<\/strong> que s\u2019apliquen a les inspeccions peri\u00f2diques fetes per les companyies distribu\u00efdores <strong>segons la teva comunitat aut\u00f2noma<\/strong>.<\/p><p>[\/vc_column_text][vc_btn title=&#8221;Consultar tarifes&#8221; align=&#8221;center&#8221; link=&#8221;url:https%3A%2F%2Fwww.gnredesglp.es%2Fwp-content%2Fuploads%2F2022%2F02%2F04_tarifas_redes-glp_2022-1.pdf|target:_blank|&#8221; el_class=&#8221;btn-size factura_electronica&#8221; css=&#8221;.vc_custom_1744008939646{margin-top: 25px !important;padding-top: 0px !important;padding-bottom: 0px !important;}&#8221;][\/vc_column][vc_column width=&#8221;1\/2&#8243; css=&#8221;.vc_custom_1743751881833{margin-top: 20px !important;margin-left: -15px !important;padding-top: 0px !important;padding-bottom: 7px !important;padding-left: 0px !important;}&#8221; el_class=&#8221;img-responsive-inicio&#8221; offset=&#8221;vc_col-lg-offset-1 vc_col-lg-5 vc_col-md-offset-1 vc_col-md-5&#8243;][vc_single_image image=&#8221;4490&#8243; img_size=&#8221;full&#8221; alignment=&#8221;center&#8221;][\/vc_column][\/vc_row][vc_row][vc_column css=&#8221;.vc_custom_1706731396075{padding-top: 25px !important;}&#8221; el_class=&#8221;img-separador-responsive-inicio&#8221;][vc_single_image image=&#8221;1850&#8243; img_size=&#8221;999&#215;12&#8243; alignment=&#8221;center&#8221;][\/vc_column][\/vc_row][vc_row css=&#8221;.vc_custom_1743770700210{margin-top: 40px !important;}&#8221;][vc_column][vc_column_text el_class=&#8221;titulo-ausente&#8221; css=&#8221;.vc_custom_1743752313220{margin-bottom: 10px !important;}&#8221;]<\/p><h2><span style=\"color: #004165; font-size: 24px;\"><strong>Preguntes freq\u00fcents<\/strong><\/span><\/h2><p>[\/vc_column_text][\/vc_column][\/vc_row][vc_row css=&#8221;.vc_custom_1743770824753{margin-bottom: 75px !important;}&#8221;][vc_column][vc_tta_accordion style=&#8221;modern&#8221; gap=&#8221;30&#8243; c_icon=&#8221;chevron&#8221; active_section=&#8221;1&#8243; css_animation=&#8221;bottom-to-top&#8221; collapsible_all=&#8221;true&#8221; el_class=&#8221;preguntas_frecuentes&#8221; css=&#8221;.vc_custom_1743770788063{margin-top: 12px !important;}&#8221;][vc_tta_section title=&#8221;He de pagar la inspecci\u00f3 peri\u00f2dica?&#8221; tab_id=&#8221;1583159811368-39b22422-0da3&#8243; el_class=&#8221;title-collapsed-content p-colaboradores&#8221;][vc_row_inner][vc_column_inner][vc_column_text]<strong>No haur\u00e0s de fer cap pagament en el moment de la inspecci\u00f3<\/strong>, tant si la fas amb nosaltres com amb una empresa instal\u00b7ladora de gas.<\/p><p>Farem arribar el cost de la inspecci\u00f3 de l\u2019IRI i de la inspecci\u00f3 de la IRC a la teva comercialitzadora, perqu\u00e8 els afegeixi a la teva factura de gas.<\/p><p>Recorda que poden arribar per separat i, en els dos casos, es diferencia el cost de la visita del t\u00e8cnic del cost de gesti\u00f3.<\/p><p>El cost de la IRC s\u2019estableix segons un criteri de repartiment.[\/vc_column_text][\/vc_column_inner][\/vc_row_inner][\/vc_tta_section][\/vc_tta_accordion][vc_tta_accordion style=&#8221;modern&#8221; gap=&#8221;30&#8243; c_icon=&#8221;chevron&#8221; active_section=&#8221;1&#8243; css_animation=&#8221;bottom-to-top&#8221; collapsible_all=&#8221;true&#8221; css=&#8221;.vc_custom_1743770346069{margin-top: 25px !important;}&#8221; el_class=&#8221;preguntas_frecuentes&#8221;][vc_tta_section title=&#8221;\u00c9s possible que el cost de l\u2019IRI estigui cobert per altres serveis de manteniment de gas privat?&#8221; tab_id=&#8221;1743768080082-b1d21d0e-6f00&#8243; el_class=&#8221;title-collapsed-content p-colaboradores&#8221;][vc_row_inner][vc_column_inner][vc_column_text]<strong>S\u00ed<\/strong>, alguns serveis de manteniment cobreixen aquest cost, per\u00f2 aix\u00f2 ho has de consultar amb l\u2019empresa amb la qual tinguis contractat aquest servei.[\/vc_column_text][\/vc_column_inner][\/vc_row_inner][\/vc_tta_section][\/vc_tta_accordion][vc_tta_accordion style=&#8221;modern&#8221; gap=&#8221;30&#8243; c_icon=&#8221;chevron&#8221; active_section=&#8221;1&#8243; css_animation=&#8221;bottom-to-top&#8221; collapsible_all=&#8221;true&#8221; css=&#8221;.vc_custom_1743770346069{margin-top: 25px !important;}&#8221; el_class=&#8221;preguntas_frecuentes&#8221;][vc_tta_section title=&#8221;Identifica el nostre personal&#8221; tab_id=&#8221;1743770881186-f0bfda70-3e20&#8243; el_class=&#8221;title-collapsed-content p-colaboradores&#8221;][vc_row_inner][vc_column_inner][vc_column_text]Sol\u00b7licita sempre l&#8217;acreditaci\u00f3 professional i desconfia de visites no programades d&#8217;empreses sense autoritzaci\u00f3.<\/p><p>El personal de Gas Natural Redes GLP ha d\u2019anar sempre degudament identificat amb la targeta d\u2019acreditaci\u00f3 de Gas Natural Redes GLP.[\/vc_column_text][\/vc_column_inner][\/vc_row_inner][\/vc_tta_section][\/vc_tta_accordion][vc_tta_accordion style=&#8221;modern&#8221; gap=&#8221;30&#8243; c_icon=&#8221;chevron&#8221; active_section=&#8221;1&#8243; css_animation=&#8221;bottom-to-top&#8221; collapsible_all=&#8221;true&#8221; css=&#8221;.vc_custom_1743770346069{margin-top: 25px !important;}&#8221; el_class=&#8221;preguntas_frecuentes&#8221;][vc_tta_section title=&#8221;Comprovar que el seu uniforme t\u00e9 el logotip de Gas Natural Redes GLP o de l\u2019empresa acreditada&#8221; tab_id=&#8221;1744009351462-6aae4578-6b80&#8243; el_class=&#8221;title-collapsed-content p-colaboradores&#8221;][vc_row_inner][vc_column_inner][vc_column_text]El personal que t\u2019at\u00e9n ha d\u2019anar sempre amb la indument\u00e0ria apropiada que el relacioni amb Gas Natural Redes GLP o amb l\u2019empresa acreditada.[\/vc_column_text][\/vc_column_inner][\/vc_row_inner][\/vc_tta_section][\/vc_tta_accordion][\/vc_column][\/vc_row]<\/p><\/div>","protected":false},"excerpt":{"rendered":"<p>[vc_row][vc_column width=&#8221;1\/4&#8243; css=&#8221;.vc_custom_1568711670435{padding-top: 0px !important;}&#8221;][vc_single_image image=&#8221;2479&#8243; img_size=&#8221;full&#8221; onclick=&#8221;custom_link&#8221; link=&#8221;\/&#8221; el_id=&#8221;logo&#8221; css=&#8221;.vc_custom_1568711664095{padding-right: 0px !important;padding-left: 0px !important;}&#8221;][\/vc_column][vc_column width=&#8221;3\/4&#8243; css=&#8221;.vc_custom_1568711688470{padding-top: 0px !important;}&#8221;][vc_wp_custommenu nav_menu=&#8221;20&#8243; el_class=&#8221;header-menu-glp&#8221;][\/vc_column][\/vc_row][vc_row][vc_column css=&#8221;.vc_custom_1567503699271{padding-top: 20px !important;padding-left: 0px !important;}&#8221;][vc_column_text][\/vc_column_text][\/vc_column][\/vc_row][vc_row][vc_column][vc_column_text css=&#8221;.vc_custom_1744008754156{margin-bottom: 16.8px !important;padding-top: 10px !important;}&#8221;]Tarifes[\/vc_column_text][\/vc_column][\/vc_row][vc_row][vc_column][vc_empty_space height=&#8221;18px&#8221;][\/vc_column][\/vc_row][vc_row][vc_column css=&#8221;.vc_custom_1567518514663{padding-top: 15px !important;}&#8221; el_class=&#8221;img-separador-responsive-inicio&#8221;][vc_single_image image=&#8221;1850&#8243; img_size=&#8221;999&#215;12&#8243; alignment=&#8221;center&#8221;][\/vc_column][\/vc_row][vc_row equal_height=&#8221;yes&#8221; content_placement=&#8221;middle&#8221;][vc_column width=&#8221;1\/2&#8243; css=&#8221;.vc_custom_1743751865005{margin-top: 20px !important;margin-right: 20px !important;margin-left: 0px !important;}&#8221; offset=&#8221;vc_col-lg-6 vc_col-md-6&#8243;][vc_custom_heading text=&#8221;Tarifes regulades&#8221; font_container=&#8221;tag:h2|font_size:28px|text_align:left|color:%23004065|line_height:120%25&#8243; use_theme_fonts=&#8221;yes&#8221;][vc_column_text [&hellip;]<\/p>\n","protected":false},"author":10,"featured_media":0,"parent":2583,"menu_order":0,"comment_status":"closed","ping_status":"closed","template":"","meta":{"footnotes":""},"class_list":["post-2619","page","type-page","status-publish","hentry"],"_links":{"self":[{"href":"https:\/\/www.gnredesglp.es\/ca\/wp-json\/wp\/v2\/pages\/2619","targetHints":{"allow":["GET"]}}],"collection":[{"href":"https:\/\/www.gnredesglp.es\/ca\/wp-json\/wp\/v2\/pages"}],"about":[{"href":"https:\/\/www.gnredesglp.es\/ca\/wp-json\/wp\/v2\/types\/page"}],"author":[{"embeddable":true,"href":"https:\/\/www.gnredesglp.es\/ca\/wp-json\/wp\/v2\/users\/10"}],"replies":[{"embeddable":true,"href":"https:\/\/www.gnredesglp.es\/ca\/wp-json\/wp\/v2\/comments?post=2619"}],"version-history":[{"count":10,"href":"https:\/\/www.gnredesglp.es\/ca\/wp-json\/wp\/v2\/pages\/2619\/revisions"}],"predecessor-version":[{"id":4611,"href":"https:\/\/www.gnredesglp.es\/ca\/wp-json\/wp\/v2\/pages\/2619\/revisions\/4611"}],"up":[{"embeddable":true,"href":"https:\/\/www.gnredesglp.es\/ca\/wp-json\/wp\/v2\/pages\/2583"}],"wp:attachment":[{"href":"https:\/\/www.gnredesglp.es\/ca\/wp-json\/wp\/v2\/media?parent=2619"}],"curies":[{"name":"wp","href":"https:\/\/api.w.org\/{rel}","templated":true}]}}