{"id":2607,"date":"2019-08-02T11:11:28","date_gmt":"2019-08-02T09:11:28","guid":{"rendered":"https:\/\/www.gnredesglp.es\/glp-inicio\/clientes\/inspeccion-periodica\/ausente-el-dia-de-la-inspeccion\/"},"modified":"2025-04-21T11:49:24","modified_gmt":"2025-04-21T09:49:24","slug":"ausente-el-dia-de-la-inspeccion","status":"publish","type":"page","link":"https:\/\/www.gnredesglp.es\/ca\/glp-inicio\/clientes\/inspeccion-periodica\/ausente-el-dia-de-la-inspeccion\/","title":{"rendered":"Absent el dia de la inspecci\u00f3"},"content":{"rendered":"<div class=\"wpb-content-wrapper\"><p>[vc_row][vc_column width=&#8221;1\/4&#8243; css=&#8221;.vc_custom_1568711670435{padding-top: 0px !important;}&#8221;][vc_single_image image=&#8221;2479&#8243; img_size=&#8221;full&#8221; onclick=&#8221;custom_link&#8221; link=&#8221;\/&#8221; el_id=&#8221;logo&#8221; css=&#8221;.vc_custom_1568711664095{padding-right: 0px !important;padding-left: 0px !important;}&#8221;][\/vc_column][vc_column width=&#8221;3\/4&#8243; css=&#8221;.vc_custom_1568711688470{padding-top: 0px !important;}&#8221;][vc_wp_custommenu nav_menu=&#8221;20&#8243; el_class=&#8221;header-menu-glp&#8221;][\/vc_column][\/vc_row][vc_row][vc_column css=&#8221;.vc_custom_1567503699271{padding-top: 20px !important;padding-left: 0px !important;}&#8221;][vc_column_text]<nav aria-label=\"breadcrumbs\">\n            <div class=\"breadcrumb-container theme1\">\n                <ol>\n                    <li><a title=\"Est\u00e1s en\" href=\"#\"><span>Est\u00e1s en<\/span><\/a><span class=\"separator\">\u00bb<\/span><\/li>\n                    <\/ol>\n            <\/div>\n        <\/nav>    <script type=\"application\/ld+json\">\n        {\n            \"@context\": \"http:\/\/schema.org\",\n            \"@type\": \"BreadcrumbList\",\n            \"itemListElement\": [\n                 {\n                            \"@type\": \"ListItem\",\n                            \"position\": 1,\n                            \"item\": {\n                                \"@id\": \"#\",\n                                \"name\": \"Est\u00e1s en\"\n                            }\n                        }\n                                                    ]\n        }\n    <\/script>\n   \n    <script>\n            <\/script>\n[\/vc_column_text][\/vc_column][\/vc_row][vc_row][vc_column][vc_column_text css=&#8221;.vc_custom_1743750625511{margin-bottom: 16.8px !important;padding-top: 10px !important;}&#8221;]<\/p><h1><span style=\"color: #004165; font-size: 24px;\"><strong>Absent el dia de la inspecci\u00f3<\/strong><\/span><\/h1><p>[\/vc_column_text][\/vc_column][\/vc_row][vc_row][vc_column][vc_empty_space height=&#8221;18px&#8221;][\/vc_column][\/vc_row][vc_row][vc_column css=&#8221;.vc_custom_1567518514663{padding-top: 15px !important;}&#8221; el_class=&#8221;img-separador-responsive-inicio&#8221;][vc_single_image image=&#8221;1850&#8243; img_size=&#8221;999&#215;12&#8243; alignment=&#8221;center&#8221;][\/vc_column][\/vc_row][vc_row equal_height=&#8221;yes&#8221; content_placement=&#8221;middle&#8221;][vc_column width=&#8221;1\/2&#8243; css=&#8221;.vc_custom_1743751865005{margin-top: 20px !important;margin-right: 20px !important;margin-left: 0px !important;}&#8221; offset=&#8221;vc_col-lg-6 vc_col-md-6&#8243;][vc_custom_heading text=&#8221;<strong>Concertar nova visita<\/strong>&#8221; font_container=&#8221;tag:h2|font_size:28px|text_align:left|color:%23004065|line_height:120%25&#8243; use_theme_fonts=&#8221;yes&#8221;][vc_column_text el_class=&#8221;text-responsive-inicio&#8221; css=&#8221;.vc_custom_1743751575168{margin-top: 20px !important;padding-right: 10px !important;}&#8221;]<\/p><p class=\"informacion\">Si no eres present en el moment de la inspecci\u00f3, trobar\u00e0s a l\u2019habitatge una <strong>targeta d\u2019absent<\/strong>.<br \/>Contacta amb Atenci\u00f3 al Client per concertar una nova visita trucant al tel\u00e8fon 900 510 511.<br \/><span style=\"font-size: 14px;\">Disponible les 24 hores del dia.<\/span>[\/vc_column_text][vc_btn title=&#8221;900 510 511&#8243; align=&#8221;center&#8221; link=&#8221;url:tel%3A900510511|&#8221; el_class=&#8221;btn-size factura_electronica&#8221; css=&#8221;.vc_custom_1743771007581{margin-top: 25px !important;padding-top: 0px !important;padding-bottom: 0px !important;}&#8221;][\/vc_column][vc_column width=&#8221;1\/2&#8243; css=&#8221;.vc_custom_1743751881833{margin-top: 20px !important;margin-left: -15px !important;padding-top: 0px !important;padding-bottom: 7px !important;padding-left: 0px !important;}&#8221; el_class=&#8221;img-responsive-inicio&#8221; offset=&#8221;vc_col-lg-offset-1 vc_col-lg-5 vc_col-md-offset-1 vc_col-md-5&#8243;][vc_single_image image=&#8221;4482&#8243; img_size=&#8221;full&#8221; alignment=&#8221;center&#8221;][\/vc_column][\/vc_row][vc_row][vc_column css=&#8221;.vc_custom_1706731396075{padding-top: 25px !important;}&#8221; el_class=&#8221;img-separador-responsive-inicio&#8221;][vc_single_image image=&#8221;1850&#8243; img_size=&#8221;999&#215;12&#8243; alignment=&#8221;center&#8221;][\/vc_column][\/vc_row][vc_row css=&#8221;.vc_custom_1743770700210{margin-top: 40px !important;}&#8221;][vc_column][vc_column_text el_class=&#8221;titulo-ausente&#8221; css=&#8221;.vc_custom_1743752313220{margin-bottom: 10px !important;}&#8221;]<\/p><h2><span style=\"color: #004165; font-size: 24px;\"><strong>Preguntes freq\u00fcents<\/strong><\/span><\/h2><p>[\/vc_column_text][\/vc_column][\/vc_row][vc_row css=&#8221;.vc_custom_1743770824753{margin-bottom: 75px !important;}&#8221;][vc_column][vc_tta_accordion style=&#8221;modern&#8221; gap=&#8221;30&#8243; c_icon=&#8221;chevron&#8221; active_section=&#8221;1&#8243; css_animation=&#8221;bottom-to-top&#8221; collapsible_all=&#8221;true&#8221; el_class=&#8221;preguntas_frecuentes&#8221; css=&#8221;.vc_custom_1743770788063{margin-top: 12px !important;}&#8221;][vc_tta_section title=&#8221;I si no contacto per concertar una nova visita?&#8221; tab_id=&#8221;1583159811368-39b22422-0da3&#8243; el_class=&#8221;title-collapsed-content p-colaboradores&#8221;][vc_row_inner][vc_column_inner][vc_column_text]<\/p><p>La teva instal\u00b7laci\u00f3 de gas natural requereix certes cures per garantir-ne la utilitat. No oblidis passar la inspecci\u00f3. \u00c9s per la teva seguretat.<\/p><p>Si no es passa la inspecci\u00f3, es notificar\u00e0 a l&#8217;organisme competent de la teva comunitat aut\u00f2noma i es pot interrompre el subministrament de gas natural.<\/p><p>Posa\u2019t en contacte amb el nostre Servei d\u2019Atenci\u00f3 al Client trucant al tel\u00e8fon <a href=\"tel:900510511\">900 510 511<\/a>, disponible les 24 hores del dia, per concertar una cita nova.<\/p><p>[\/vc_column_text][\/vc_column_inner][\/vc_row_inner][\/vc_tta_section][\/vc_tta_accordion][vc_tta_accordion style=&#8221;modern&#8221; gap=&#8221;30&#8243; c_icon=&#8221;chevron&#8221; active_section=&#8221;1&#8243; css_animation=&#8221;bottom-to-top&#8221; collapsible_all=&#8221;true&#8221; css=&#8221;.vc_custom_1743770346069{margin-top: 25px !important;}&#8221; el_class=&#8221;preguntas_frecuentes&#8221;][vc_tta_section title=&#8221;No era a casa en la segona visita i no van poder fer la inspecci\u00f3. Qu\u00e8 puc fer?&#8221; tab_id=&#8221;1743768080082-b1d21d0e-6f00&#8243; el_class=&#8221;title-collapsed-content p-colaboradores&#8221;][vc_row_inner][vc_column_inner][vc_column_text]<\/p><p>Disposes de deu dies h\u00e0bils per contactar amb nosaltres al <a href=\"tel:900510511\">900 510 511<\/a>, disponible les 24 hores del dia, i que t\u2019indiquem la nova data per dur a terme la inspecci\u00f3 peri\u00f2dica.<\/p><p>En aquest cas, per normativa i un cop hagi transcorregut el termini esmentat de 10 dies h\u00e0bils, en fer la inspecci\u00f3 l\u2019import que haur\u00e0s d\u2019abonar ser\u00e0 el doble de la tarifa establerta per a la inspecci\u00f3.<\/p><p>[\/vc_column_text][\/vc_column_inner][\/vc_row_inner][\/vc_tta_section][\/vc_tta_accordion][vc_tta_accordion style=&#8221;modern&#8221; gap=&#8221;30&#8243; c_icon=&#8221;chevron&#8221; active_section=&#8221;1&#8243; css_animation=&#8221;bottom-to-top&#8221; collapsible_all=&#8221;true&#8221; css=&#8221;.vc_custom_1743770346069{margin-top: 25px !important;}&#8221; el_class=&#8221;preguntas_frecuentes&#8221;][vc_tta_section title=&#8221;Finalment, no vaig poder passar la inspecci\u00f3 perqu\u00e8 no hi era i m\u2019han tallat el subministrament. Com puc recuperar-lo?&#8221; tab_id=&#8221;1743770881186-f0bfda70-3e20&#8243; el_class=&#8221;title-collapsed-content p-colaboradores&#8221;][vc_row_inner][vc_column_inner][vc_column_text]<\/p><p>Truca al tel\u00e8fon <a href=\"tel:900510511\">900 510 511<\/a>, disponible les 24 hores del dia, i restablirem el subministrament al m\u00e9s aviat possible, en les 48 hores seg\u00fcents al teu av\u00eds que no tens subministrament.<\/p><p>Enviarem un t\u00e8cnic perqu\u00e8 et faci la inspecci\u00f3 corresponent, i si no hi ha anomalies principals, et restableixi el servei. Per\u00f2 si detecta anomalies, haur\u00e0s de posar-te en contacte amb un instal\u00b7lador autoritzat o el servei t\u00e8cnic del teu aparell perqu\u00e8 t\u2019arregli les anomalies, ens envi\u00ef el justificant de correcci\u00f3 i et restableixi el subministrament a l\u2019instant.[\/vc_column_text][\/vc_column_inner][\/vc_row_inner][\/vc_tta_section][\/vc_tta_accordion][\/vc_column][\/vc_row]<\/p><\/div>","protected":false},"excerpt":{"rendered":"<p>[vc_row][vc_column width=&#8221;1\/4&#8243; css=&#8221;.vc_custom_1568711670435{padding-top: 0px !important;}&#8221;][vc_single_image image=&#8221;2479&#8243; img_size=&#8221;full&#8221; onclick=&#8221;custom_link&#8221; link=&#8221;\/&#8221; el_id=&#8221;logo&#8221; css=&#8221;.vc_custom_1568711664095{padding-right: 0px !important;padding-left: 0px !important;}&#8221;][\/vc_column][vc_column width=&#8221;3\/4&#8243; css=&#8221;.vc_custom_1568711688470{padding-top: 0px !important;}&#8221;][vc_wp_custommenu nav_menu=&#8221;20&#8243; el_class=&#8221;header-menu-glp&#8221;][\/vc_column][\/vc_row][vc_row][vc_column css=&#8221;.vc_custom_1567503699271{padding-top: 20px !important;padding-left: 0px !important;}&#8221;][vc_column_text][\/vc_column_text][\/vc_column][\/vc_row][vc_row][vc_column][vc_column_text css=&#8221;.vc_custom_1743750625511{margin-bottom: 16.8px !important;padding-top: 10px !important;}&#8221;]Absent el dia de la inspecci\u00f3[\/vc_column_text][\/vc_column][\/vc_row][vc_row][vc_column][vc_empty_space height=&#8221;18px&#8221;][\/vc_column][\/vc_row][vc_row][vc_column css=&#8221;.vc_custom_1567518514663{padding-top: 15px !important;}&#8221; el_class=&#8221;img-separador-responsive-inicio&#8221;][vc_single_image image=&#8221;1850&#8243; img_size=&#8221;999&#215;12&#8243; alignment=&#8221;center&#8221;][\/vc_column][\/vc_row][vc_row equal_height=&#8221;yes&#8221; content_placement=&#8221;middle&#8221;][vc_column width=&#8221;1\/2&#8243; css=&#8221;.vc_custom_1743751865005{margin-top: 20px !important;margin-right: 20px !important;margin-left: 0px !important;}&#8221; offset=&#8221;vc_col-lg-6 [&hellip;]<\/p>\n","protected":false},"author":10,"featured_media":0,"parent":2583,"menu_order":0,"comment_status":"closed","ping_status":"closed","template":"","meta":{"footnotes":""},"class_list":["post-2607","page","type-page","status-publish","hentry"],"_links":{"self":[{"href":"https:\/\/www.gnredesglp.es\/ca\/wp-json\/wp\/v2\/pages\/2607","targetHints":{"allow":["GET"]}}],"collection":[{"href":"https:\/\/www.gnredesglp.es\/ca\/wp-json\/wp\/v2\/pages"}],"about":[{"href":"https:\/\/www.gnredesglp.es\/ca\/wp-json\/wp\/v2\/types\/page"}],"author":[{"embeddable":true,"href":"https:\/\/www.gnredesglp.es\/ca\/wp-json\/wp\/v2\/users\/10"}],"replies":[{"embeddable":true,"href":"https:\/\/www.gnredesglp.es\/ca\/wp-json\/wp\/v2\/comments?post=2607"}],"version-history":[{"count":6,"href":"https:\/\/www.gnredesglp.es\/ca\/wp-json\/wp\/v2\/pages\/2607\/revisions"}],"predecessor-version":[{"id":4624,"href":"https:\/\/www.gnredesglp.es\/ca\/wp-json\/wp\/v2\/pages\/2607\/revisions\/4624"}],"up":[{"embeddable":true,"href":"https:\/\/www.gnredesglp.es\/ca\/wp-json\/wp\/v2\/pages\/2583"}],"wp:attachment":[{"href":"https:\/\/www.gnredesglp.es\/ca\/wp-json\/wp\/v2\/media?parent=2607"}],"curies":[{"name":"wp","href":"https:\/\/api.w.org\/{rel}","templated":true}]}}