{"id":2575,"date":"2019-08-01T15:45:47","date_gmt":"2019-08-01T13:45:47","guid":{"rendered":"https:\/\/www.gnredesglp.es\/glp-inicio\/clientes\/"},"modified":"2025-10-24T11:24:36","modified_gmt":"2025-10-24T09:24:36","slug":"clientes","status":"publish","type":"page","link":"https:\/\/www.gnredesglp.es\/ca\/glp-inicio\/clientes\/","title":{"rendered":"Clients"},"content":{"rendered":"<div class=\"wpb-content-wrapper\"><p>[vc_row][vc_column width=&#8221;1\/4&#8243; css=&#8221;.vc_custom_1568711279696{padding-top: 0px !important;}&#8221;][vc_single_image image=&#8221;2479&#8243; img_size=&#8221;full&#8221; onclick=&#8221;custom_link&#8221; link=&#8221;\/&#8221; el_id=&#8221;logo&#8221; css=&#8221;.vc_custom_1568711274863{padding-right: 0px !important;padding-left: 0px !important;}&#8221;][\/vc_column][vc_column width=&#8221;3\/4&#8243; css=&#8221;.vc_custom_1568711298734{padding-top: 0px !important;}&#8221;][vc_wp_custommenu nav_menu=&#8221;20&#8243; el_class=&#8221;header-menu-glp&#8221;][\/vc_column][\/vc_row][vc_row][vc_column css=&#8221;.vc_custom_1567503474779{margin-left: 0px !important;padding-top: 20px !important;padding-left: 0px !important;}&#8221;][vc_column_text css=&#8221;.vc_custom_1567502525594{margin-left: 0px !important;padding-right: 0px !important;padding-left: 0px !important;}&#8221;]<nav aria-label=\"breadcrumbs\">\n            <div class=\"breadcrumb-container theme1\">\n                <ol>\n                    <li><a title=\"Est\u00e1s en\" href=\"#\"><span>Est\u00e1s en<\/span><\/a><span class=\"separator\">\u00bb<\/span><\/li>\n                    <\/ol>\n            <\/div>\n        <\/nav>    <script type=\"application\/ld+json\">\n        {\n            \"@context\": \"http:\/\/schema.org\",\n            \"@type\": \"BreadcrumbList\",\n            \"itemListElement\": [\n                 {\n                            \"@type\": \"ListItem\",\n                            \"position\": 1,\n                            \"item\": {\n                                \"@id\": \"#\",\n                                \"name\": \"Est\u00e1s en\"\n                            }\n                        }\n                                                    ]\n        }\n    <\/script>\n   \n    <script>\n            <\/script>\n[\/vc_column_text][\/vc_column][\/vc_row][vc_row][vc_column][vc_column_text css=&#8221;.vc_custom_1568718751699{padding-bottom: 20px !important;}&#8221;]<\/p><h1><strong><span style=\"color: #004165; font-size: 24px;\">Serveis per clients<\/span><\/strong><\/h1><p>[\/vc_column_text][\/vc_column][\/vc_row][vc_row][vc_column width=&#8221;1\/4&#8243;][vc_single_image image=&#8221;1887&#8243; img_size=&#8221;full&#8221; alignment=&#8221;center&#8221;][\/vc_column][vc_column width=&#8221;3\/4&#8243;][vc_row_inner css=&#8221;.vc_custom_1567589710334{padding-top: 15px !important;}&#8221;][vc_column_inner][vc_column_text css=&#8221;.vc_custom_1567589570806{padding-bottom: 10px !important;}&#8221;]<\/p><h2 class=\"titulo\"><strong><span style=\"color: #004165; font-size: 14px;\"><a style=\"color: #004165;\" href=\"https:\/\/www.gnredesglp.es\/ca\/glp-inicio\/clientes\/lectura\/\">Lectura<\/a><\/span><\/strong><\/h2><p>[\/vc_column_text][\/vc_column_inner][vc_column_inner][vc_column_text el_class=&#8221;p-clientes&#8221;]<\/p><p style=\"font-size: 14px;\"><span style=\"color: #333333;\">La lectura del comptador \u00e9s important perqu\u00e8 la factura reflecteixi els consums reals. Consulta com ens pots fer arribar la lectura..<\/span><\/p><p>[\/vc_column_text][\/vc_column_inner][\/vc_row_inner][\/vc_column][\/vc_row][vc_row][vc_column][vc_empty_space height=&#8221;20px&#8221;][\/vc_column][\/vc_row][vc_row][vc_column width=&#8221;1\/4&#8243;][vc_single_image image=&#8221;1896&#8243; img_size=&#8221;full&#8221; alignment=&#8221;center&#8221;][\/vc_column][vc_column width=&#8221;3\/4&#8243;][vc_row_inner css=&#8221;.vc_custom_1567589728062{padding-top: 15px !important;}&#8221;][vc_column_inner][vc_column_text css=&#8221;.vc_custom_1568718791751{padding-bottom: 10px !important;}&#8221;]<\/p><h2 class=\"titulo\"><strong><span style=\"color: #004165; font-size: 14px;\"><a style=\"color: #004165;\" href=\"https:\/\/www.gnredesglp.es\/ca\/glp-inicio\/clientes\/inspeccion-periodica\/\">La teva inspecci\u00f3 peri\u00f2dica<\/a><\/span><\/strong><\/h2><p>[\/vc_column_text][\/vc_column_inner][vc_column_inner][vc_column_text el_class=&#8221;p-clientes&#8221;]<\/p><p style=\"font-size: 14px;\"><span style=\"color: #333333;\">Has de fer la inspecci\u00f3 peri\u00f2dica de la instal\u00b7laci\u00f3 cada 5 anys. T\u2019expliquem<\/span>\u00a0<span style=\"color: #004165;\"><a style=\"color: #004165;\" href=\"https:\/\/www.gnredesglp.es\/es\/inicio\/clientes\/1297117100856\/inspeccion+periodica.html\">tots els detalls aqu\u00ed&lt;&#8230;<\/a><\/span><\/p><p>[\/vc_column_text][\/vc_column_inner][\/vc_row_inner][\/vc_column][\/vc_row][vc_row][vc_column][vc_empty_space height=&#8221;20px&#8221;][\/vc_column][\/vc_row][vc_row][vc_column width=&#8221;1\/4&#8243;][vc_single_image image=&#8221;1902&#8243; img_size=&#8221;full&#8221; alignment=&#8221;center&#8221;][\/vc_column][vc_column width=&#8221;3\/4&#8243;][vc_row_inner css=&#8221;.vc_custom_1567589734719{padding-top: 15px !important;}&#8221;][vc_column_inner][vc_column_text css=&#8221;.vc_custom_1568718904815{padding-bottom: 10px !important;}&#8221;]<\/p><h2 class=\"titulo\"><strong><span style=\"color: #004165; font-size: 14px;\"><a style=\"color: #004165;\" href=\"https:\/\/www.gnredesglp.es\/ca\/glp-inicio\/clientes\/operaciones-domiciliarias\/\">Operacions domicili\u00e0ries<\/a><\/span><\/strong><\/h2><p>[\/vc_column_text][\/vc_column_inner][vc_column_inner][vc_column_text el_class=&#8221;p-clientes&#8221;]<\/p><p style=\"font-size: 14px;\"><span style=\"color: #333333;\">Principals operacions per certificar el correcte funcionament i seguretat de la instal\u00b7laci\u00f3 de gas: <\/span><\/p><p>[\/vc_column_text][\/vc_column_inner][\/vc_row_inner][\/vc_column][\/vc_row][vc_row][vc_column][vc_empty_space height=&#8221;20px&#8221;][\/vc_column][\/vc_row][vc_row][vc_column width=&#8221;1\/4&#8243;][vc_single_image image=&#8221;1908&#8243; alignment=&#8221;center&#8221;][\/vc_column][vc_column width=&#8221;3\/4&#8243;][vc_row_inner css=&#8221;.vc_custom_1567589746565{padding-top: 15px !important;}&#8221;][vc_column_inner][vc_column_text css=&#8221;.vc_custom_1568718936592{padding-bottom: 10px !important;}&#8221;]<\/p><h2 class=\"titulo\"><strong><span style=\"color: #004165; font-size: 14px;\"><a style=\"color: #004165;\" href=\"https:\/\/www.gnredesglp.es\/ca\/glp-inicio\/clientes\/facturacion\/\">Facturaci\u00f3<\/a><\/span><\/strong><\/h2><p>[\/vc_column_text][\/vc_column_inner][vc_column_inner][vc_column_text el_class=&#8221;p-clientes&#8221;]<\/p><p style=\"font-size: 14px;\"><span style=\"color: #333333;\">Explicaci\u00f3 visual i senzilla de la teva factura de gas perqu\u00e8 entenguis tota la informaci\u00f3 que cont\u00e9.<\/span><\/p><ul class=\"clientes\"><li>Si vols activar la factura en l\u00ednia, omple <a href=\"https:\/\/www.gnredesglp.es\/ca\/glp-inicio\/glp-contacto\/formulario-de-contacto\/\" rel=\"noopener noreferrer\">aquest formulari<\/a> indicant-ho.<\/li><li><a href=\"https:\/\/areaprivada.redesglp.gasnatural.com\/#!\/login\" target=\"_blank\" rel=\"noopener noreferrer\">Paga en l\u00ednia la teva factura<\/a><\/li><\/ul><p>[\/vc_column_text][\/vc_column_inner][\/vc_row_inner][\/vc_column][\/vc_row][vc_row][vc_column][vc_empty_space height=&#8221;20px&#8221;][\/vc_column][\/vc_row][vc_row disable_element=&#8221;yes&#8221;][vc_column width=&#8221;1\/4&#8243;][vc_single_image image=&#8221;1912&#8243; img_size=&#8221;full&#8221; alignment=&#8221;center&#8221;][\/vc_column][vc_column width=&#8221;3\/4&#8243;][vc_row_inner css=&#8221;.vc_custom_1567589769577{padding-top: 15px !important;}&#8221;][vc_column_inner][vc_column_text css=&#8221;.vc_custom_1568718970927{padding-bottom: 10px !important;}&#8221;]<\/p><h2 class=\"titulo\"><strong><span style=\"color: #004165; font-size: 14px;\"><a style=\"color: #004165;\" href=\"https:\/\/www.gnredesglp.es\/ca\/?attachment_id=1975\">Manteniment<\/a><\/span><\/strong><\/h2><p>[\/vc_column_text][\/vc_column_inner][vc_column_inner][vc_column_text el_class=&#8221;p-clientes&#8221;]<\/p><p style=\"font-size: 14px;\"><span style=\"color: #333333;\">Servei de manteniment dom\u00e8stic, preventiu i correctiu de Gas Natural Redes GLP per als seus clients de gas prop\u00e0.<\/span><\/p><p>[\/vc_column_text][\/vc_column_inner][\/vc_row_inner][\/vc_column][\/vc_row][vc_row][vc_column][vc_empty_space height=&#8221;20px&#8221;][\/vc_column][\/vc_row]<\/p><\/div>","protected":false},"excerpt":{"rendered":"<p>[vc_row][vc_column width=&#8221;1\/4&#8243; css=&#8221;.vc_custom_1568711279696{padding-top: 0px !important;}&#8221;][vc_single_image image=&#8221;2479&#8243; img_size=&#8221;full&#8221; onclick=&#8221;custom_link&#8221; link=&#8221;\/&#8221; el_id=&#8221;logo&#8221; css=&#8221;.vc_custom_1568711274863{padding-right: 0px !important;padding-left: 0px !important;}&#8221;][\/vc_column][vc_column width=&#8221;3\/4&#8243; css=&#8221;.vc_custom_1568711298734{padding-top: 0px !important;}&#8221;][vc_wp_custommenu nav_menu=&#8221;20&#8243; el_class=&#8221;header-menu-glp&#8221;][\/vc_column][\/vc_row][vc_row][vc_column css=&#8221;.vc_custom_1567503474779{margin-left: 0px !important;padding-top: 20px !important;padding-left: 0px !important;}&#8221;][vc_column_text css=&#8221;.vc_custom_1567502525594{margin-left: 0px !important;padding-right: 0px !important;padding-left: 0px !important;}&#8221;][\/vc_column_text][\/vc_column][\/vc_row][vc_row][vc_column][vc_column_text css=&#8221;.vc_custom_1568718751699{padding-bottom: 20px !important;}&#8221;]Serveis per clients[\/vc_column_text][\/vc_column][\/vc_row][vc_row][vc_column width=&#8221;1\/4&#8243;][vc_single_image image=&#8221;1887&#8243; img_size=&#8221;full&#8221; alignment=&#8221;center&#8221;][\/vc_column][vc_column width=&#8221;3\/4&#8243;][vc_row_inner css=&#8221;.vc_custom_1567589710334{padding-top: 15px !important;}&#8221;][vc_column_inner][vc_column_text css=&#8221;.vc_custom_1567589570806{padding-bottom: 10px !important;}&#8221;]Lectura[\/vc_column_text][\/vc_column_inner][vc_column_inner][vc_column_text el_class=&#8221;p-clientes&#8221;]La lectura del comptador [&hellip;]<\/p>\n","protected":false},"author":10,"featured_media":0,"parent":2505,"menu_order":0,"comment_status":"closed","ping_status":"closed","template":"","meta":{"footnotes":""},"class_list":["post-2575","page","type-page","status-publish","hentry"],"_links":{"self":[{"href":"https:\/\/www.gnredesglp.es\/ca\/wp-json\/wp\/v2\/pages\/2575","targetHints":{"allow":["GET"]}}],"collection":[{"href":"https:\/\/www.gnredesglp.es\/ca\/wp-json\/wp\/v2\/pages"}],"about":[{"href":"https:\/\/www.gnredesglp.es\/ca\/wp-json\/wp\/v2\/types\/page"}],"author":[{"embeddable":true,"href":"https:\/\/www.gnredesglp.es\/ca\/wp-json\/wp\/v2\/users\/10"}],"replies":[{"embeddable":true,"href":"https:\/\/www.gnredesglp.es\/ca\/wp-json\/wp\/v2\/comments?post=2575"}],"version-history":[{"count":7,"href":"https:\/\/www.gnredesglp.es\/ca\/wp-json\/wp\/v2\/pages\/2575\/revisions"}],"predecessor-version":[{"id":4714,"href":"https:\/\/www.gnredesglp.es\/ca\/wp-json\/wp\/v2\/pages\/2575\/revisions\/4714"}],"up":[{"embeddable":true,"href":"https:\/\/www.gnredesglp.es\/ca\/wp-json\/wp\/v2\/pages\/2505"}],"wp:attachment":[{"href":"https:\/\/www.gnredesglp.es\/ca\/wp-json\/wp\/v2\/media?parent=2575"}],"curies":[{"name":"wp","href":"https:\/\/api.w.org\/{rel}","templated":true}]}}