{"id":2553,"date":"2019-08-02T11:30:46","date_gmt":"2019-08-02T09:30:46","guid":{"rendered":"https:\/\/www.gnredesglp.es\/glp-inicio\/ahorro-y-eficiencia\/"},"modified":"2019-09-18T13:26:08","modified_gmt":"2019-09-18T11:26:08","slug":"ahorro-y-eficiencia","status":"publish","type":"page","link":"https:\/\/www.gnredesglp.es\/ca\/glp-inicio\/ahorro-y-eficiencia\/","title":{"rendered":"Estalvi i efici\u00e8ncia"},"content":{"rendered":"<div class=\"wpb-content-wrapper\"><p>[vc_row][vc_column width=&#8221;1\/4&#8243; css=&#8221;.vc_custom_1568711164456{padding-top: 0px !important;}&#8221;][vc_single_image image=&#8221;2479&#8243; link=&#8221;\/&#8221; img_size=&#8221;full&#8221; el_id=&#8221;logo&#8221; css=&#8221;.vc_custom_1568711154805{padding-right: 0px !important;padding-left: 0px !important;}&#8221;][\/vc_column][vc_column width=&#8221;3\/4&#8243; css=&#8221;.vc_custom_1568711185842{padding-top: 0px !important;}&#8221;][vc_wp_custommenu nav_menu=&#8221;20&#8243; el_class=&#8221;header-menu-glp&#8221;][\/vc_column][\/vc_row][vc_row][vc_column css=&#8221;.vc_custom_1567504206160{padding-top: 20px !important;padding-left: 0px !important;}&#8221;][vc_column_text]<nav aria-label=\"breadcrumbs\">\n            <div class=\"breadcrumb-container theme1\">\n                <ol>\n                    <li><a title=\"Est\u00e1s en\" href=\"#\"><span>Est\u00e1s en<\/span><\/a><span class=\"separator\">\u00bb<\/span><\/li>\n                    <\/ol>\n            <\/div>\n        <\/nav>    <script type=\"application\/ld+json\">\n        {\n            \"@context\": \"http:\/\/schema.org\",\n            \"@type\": \"BreadcrumbList\",\n            \"itemListElement\": [\n                 {\n                            \"@type\": \"ListItem\",\n                            \"position\": 1,\n                            \"item\": {\n                                \"@id\": \"#\",\n                                \"name\": \"Est\u00e1s en\"\n                            }\n                        }\n                                                    ]\n        }\n    <\/script>\n   \n    <script>\n            <\/script>\n[\/vc_column_text][\/vc_column][\/vc_row][vc_row][vc_column][vc_column_text el_class=&#8221;titulo&#8221; css=&#8221;.vc_custom_1568717516907{margin-bottom: 16.8px !important;}&#8221;]<\/p><h1><strong><span style=\"color: #004165; font-size: 24px;\">Estalvi i efici\u00e8ncia<\/span><\/strong><\/h1><p>[\/vc_column_text][\/vc_column][\/vc_row][vc_row css=&#8221;.vc_custom_1567606879906{background-color: #f5f5f5 !important;}&#8221; el_class=&#8221;titulo-container consiste-box-responsive&#8221;][vc_column css=&#8221;.vc_custom_1567090532199{padding-top: 0px !important;padding-right: 0px !important;padding-bottom: 0px !important;padding-left: 0px !important;}&#8221;][vc_column_text css=&#8221;.vc_custom_1568717533331{padding-top: 9px !important;padding-right: 9px !important;padding-bottom: 9px !important;padding-left: 9px !important;}&#8221; el_class=&#8221;consiste-box-responsive&#8221;]<span class=\"ante-titulo texto-azul\" style=\"color: #265d7c; font-size: 14px;\">Cuidar el medi ambient i l\u2019entorn que ens envolta \u00e9s responsabilitat de tots. Com que els recursos de la naturalesa s\u00f3n limitats, hem de fer un consum responsable de l\u2019energia. Les cases s\u00f3n les responsables del 17% del consum energ\u00e8tic d\u2019Espanya, per la qual cosa tots els ciutadans podem col\u00b7laborar en la reducci\u00f3 d\u2019aquest consum. Amb aquests petits gestos per ser m\u00e9s eficients amb l\u2019energia a la llar, entre tots tamb\u00e9 contribuirem a una millor preservaci\u00f3 del medi ambient.<\/span>[\/vc_column_text][\/vc_column][\/vc_row][vc_row][vc_column width=&#8221;1\/4&#8243; css=&#8221;.vc_custom_1567090568411{padding-top: 0px !important;}&#8221;][vc_single_image image=&#8221;706&#8243; img_size=&#8221;250&#215;180&#8243; alignment=&#8221;center&#8221; css=&#8221;.vc_custom_1567606950329{padding-top: 7px !important;padding-right: 7px !important;padding-bottom: 7px !important;padding-left: 7px !important;}&#8221;][\/vc_column][vc_column width=&#8221;3\/4&#8243; css=&#8221;.vc_custom_1567424850672{margin-left: 0px !important;padding-top: 0px !important;}&#8221;][vc_column_text css=&#8221;.vc_custom_1568717549414{margin-top: 40px !important;padding-top: 0px !important;}&#8221;]<span class=\"ante-titulo texto-azul\" style=\"color: #265d7c; font-size: 14px;\">La calefacci\u00f3 suposa prop del 39% del consum energ\u00e8tic de les cases, de manera que \u00e9s molt important posar especial atenci\u00f3 a la climatitzaci\u00f3 de la nostra llar.<\/span>[\/vc_column_text][vc_column_text]<span class=\"titulo texto-naranja\" style=\"color: #e26e09; font-size: 28px;\">Climatitzaci\u00f3<\/span>[\/vc_column_text][\/vc_column][\/vc_row][vc_row css=&#8221;.vc_custom_1564739453830{margin-right: 0px !important;margin-bottom: -5px !important;margin-left: 0px !important;}&#8221;][vc_column css=&#8221;.vc_custom_1567424389496{padding-left: 0px !important;}&#8221;][vc_column_text css=&#8221;.vc_custom_1568717583904{padding-top: 9px !important;}&#8221;]<span style=\"color: #339966;\">\u221a<\/span><span style=\"color: #004165; font-size: 13px;\"> Realitzar el manteniment peri\u00f2dic de les calderes i els equips de calefacci\u00f3 per mantenir-les en \u00f2ptim funcionament.<\/span>[\/vc_column_text][vc_column_text]<span style=\"color: #339966;\">\u221a<\/span><span style=\"color: #004165; font-size: 13px;\"> Per estalviar en calefacci\u00f3, ajustar el term\u00f2stat entre 19 \u00baC i 21 \u00baC. Quan no hi hagi ning\u00fa a casa, mantenir-lo entre 15 \u00baC i 17 \u00baC. A l\u2019estiu, la temperatura \u00f2ptima\u00a0 \u00a0 \u00a0 \u00e9s d\u2019uns 25 \u00b0C<\/span>[\/vc_column_text][vc_column_text]<span style=\"color: #339966;\">\u221a<\/span> <span style=\"color: #004165; font-size: 13px;\">Les reixetes de ventilaci\u00f3 han d\u2019estar en perfectes condicions, sense obstruccions.<\/span>[\/vc_column_text][vc_column_text]<span style=\"color: #339966;\">\u221a<\/span>\u00a0<span style=\"color: #004165; font-size: 13px;\">Les modificacions a les instal\u00b7lacions o als aparells de gas les han de dur a terme empreses instal\u00b7ladores habilitades.<\/span>[\/vc_column_text][vc_column_text]<span style=\"color: #339966;\">\u221a<\/span><span style=\"color: #004165; font-size: 13px;\"> El millor lloc per col\u00b7locar els radiadors \u00e9s sota la finestra. Aix\u00ed, afavorirem la correcta difusi\u00f3 de l\u2019aire per l\u2019habitaci\u00f3.<\/span>[\/vc_column_text][vc_column_text]<span style=\"color: #339966;\">\u221a<\/span> <span style=\"color: #004165; font-size: 13px;\">Cal purgar els radiadors de l\u2019habitatge peri\u00f2dicament.<\/span>[\/vc_column_text][vc_column_text]<span style=\"color: #339966;\">\u221a<\/span> <span style=\"color: #004165; font-size: 13px;\">Tancar les claus dels radiadors de les estances que no s\u2019utilitzin habitualment i mantenir la porta tancada.<\/span>[\/vc_column_text][vc_column_text]<span style=\"color: #339966;\">\u221a<\/span> <span style=\"color: #004165; font-size: 13px;\">Les cortines eviten p\u00e8rdues de calor, encara que no han de tapar ni obstruir els radiadors<\/span>[\/vc_column_text][vc_column_text]<span style=\"color: #339966;\">\u221a<\/span> <span style=\"color: #004165; font-size: 13px;\">Tancar les finestres i les cortines a la nit per evitar p\u00e8rdues de calor.<\/span>[\/vc_column_text][vc_column_text css=&#8221;.vc_custom_1568717747909{padding-bottom: 9px !important;}&#8221;]<span style=\"color: #339966;\">\u221a<\/span><span style=\"color: #004165; font-size: 13px;\"> Amb nom\u00e9s 10 minuts a primera hora del mat\u00ed es poden ventilar les estances.<\/span>[\/vc_column_text][\/vc_column][\/vc_row][vc_row el_class=&#8221;img-ahorro&#8221;][vc_column width=&#8221;1\/4&#8243;][vc_single_image image=&#8221;702&#8243; img_size=&#8221;250&#215;134&#8243; alignment=&#8221;center&#8221; css=&#8221;.vc_custom_1567606957149{padding-top: 7px !important;padding-right: 7px !important;padding-bottom: 7px !important;padding-left: 7px !important;}&#8221;][\/vc_column][vc_column width=&#8221;3\/4&#8243; css=&#8221;.vc_custom_1567424915700{margin-left: 0px !important;}&#8221;][vc_column_text css=&#8221;.vc_custom_1568717767505{margin-top: 30px !important;margin-bottom: 0px !important;}&#8221;]<span class=\"ante-titulo texto-azul\" style=\"color: #265d7c; font-size: 14px;\">El 40% de les p\u00e8rdues de calor es produeixen per les finestres. Amb petites millores en l\u2019a\u00efllament podem aconseguir importants estalvis energ\u00e8tics i econ\u00f2mics.<\/span>[\/vc_column_text][vc_column_text]<span class=\"titulo texto-naranja\" style=\"color: #e26e09; font-size: 28px;\">A\u00efllament<\/span>[\/vc_column_text][\/vc_column][\/vc_row][vc_row][vc_column][vc_column_text css=&#8221;.vc_custom_1568717794535{padding-top: 9px !important;}&#8221;]<span style=\"color: #339966;\">\u221a<\/span> <span style=\"color: #004165; font-size: 13px;\">Instal\u00b7lar doble finestra o substituir el vidre i la fusteria de les finestres per altres de m\u00e9s eficients.<\/span>[\/vc_column_text][vc_column_text]<span style=\"color: #339966;\">\u221a<\/span> <span style=\"color: #004165; font-size: 13px;\">Una casa ben a\u00efllada redueix els costos de calefacci\u00f3 entre un 20% i un 40%<\/span>[\/vc_column_text][vc_column_text]<span style=\"color: #339966;\">\u221a<\/span> <span style=\"color: #004165; font-size: 13px;\">Vigilar que els caixetins de les persianes no tinguin escletxes i estiguin convenientment a\u00efllats.<\/span>[\/vc_column_text][vc_column_text css=&#8221;.vc_custom_1568717835305{padding-bottom: 9px !important;}&#8221;]<span style=\"color: #339966;\">\u221a<\/span><span style=\"color: #004165; font-size: 13px;\"> Fer servir silicona, massilla o el rivet per disminuir possibles p\u00e8rdues de calor.<\/span>[\/vc_column_text][\/vc_column][\/vc_row][vc_row el_class=&#8221;img-ahorro&#8221;][vc_column width=&#8221;1\/4&#8243;][vc_single_image image=&#8221;366&#8243; img_size=&#8221;250&#215;168&#8243; alignment=&#8221;center&#8221; css=&#8221;.vc_custom_1567606963217{padding-top: 7px !important;padding-right: 7px !important;padding-bottom: 7px !important;padding-left: 7px !important;}&#8221;][\/vc_column][vc_column width=&#8221;3\/4&#8243; css=&#8221;.vc_custom_1567424952399{margin-left: 0px !important;}&#8221;][vc_column_text css=&#8221;.vc_custom_1568717857706{margin-top: 30px !important;margin-bottom: 0px !important;}&#8221;]<span class=\"ante-titulo texto-azul\" style=\"color: #265d7c; font-size: 14px;\">L\u2019aigua calenta sanit\u00e0ria (ACS), amb un 12,6%, \u00e9s el segon focus de consum energ\u00e8tic a les cases espanyoles, per la qual cosa cal tenir en compte un seguit de mesures d\u2019estalvi i bones pr\u00e0ctiques.<\/span>[\/vc_column_text][vc_column_text]<span class=\"titulo texto-naranja\" style=\"color: #e26309; font-size: 28px;\">\u00das de l\u2019aigua<\/span>[\/vc_column_text][\/vc_column][\/vc_row][vc_row][vc_column][vc_column_text css=&#8221;.vc_custom_1568717907669{padding-top: 9px !important;}&#8221;]<span style=\"color: #339966;\">\u221a <\/span><span style=\"color: #004165; font-size: 13px;\">Millor una dutxa que un bany: una dutxa gasta uns 50 litres d\u2019aigua, mentre que la banyera plena en gasta uns 300 litres.s.<\/span>[\/vc_column_text][vc_column_text]<span style=\"color: #339966;\">\u221a<\/span><span style=\"color: #004165; font-size: 13px;\"> Tancar les aixetes mentre no utilitzem l\u2019aigua, ja que per una aixeta oberta surten 10 litres per minut.<\/span>[\/vc_column_text][vc_column_text]<span style=\"color: #339966;\">\u221a<\/span> <span style=\"color: #004165; font-size: 13px;\">Cal reparar les aixetes que perdin aigua; una aixeta que degota pot gastar fins a 30 litres al dia.<\/span>[\/vc_column_text][vc_column_text]<span style=\"color: #339966;\">\u221a<\/span> <span style=\"color: #004165; font-size: 13px;\">Instal\u00b7lar a les aixetes dispositius reductors del cabal; s\u2019hi enrosquen aixetes i redueixen el consum fins a la meitat.<\/span>[\/vc_column_text][vc_column_text]<span style=\"color: #339966;\">\u221a<\/span> <span style=\"color: #004165; font-size: 13px;\">Limitar les temperatures m\u00e0ximes d\u2019emmagatzematge i distribuci\u00f3 per reduir p\u00e8rdues t\u00e8rmiques.<\/span>[\/vc_column_text][vc_column_text css=&#8221;.vc_custom_1568718004291{padding-bottom: 9px !important;}&#8221;]<span style=\"color: #339966;\">\u221a<\/span><span style=\"color: #004165; font-size: 13px;\"> Les canonades per les quals transcorre han d\u2019estar perfectament a\u00efllades. Com m\u00e9s llarg sigui el recorregut, m\u00e9s p\u00e8rdues hi haur\u00e0..<\/span>[\/vc_column_text][\/vc_column][\/vc_row][vc_row el_class=&#8221;img-ahorro&#8221;][vc_column width=&#8221;1\/4&#8243;][vc_single_image image=&#8221;704&#8243; img_size=&#8221;250&#215;167&#8243; alignment=&#8221;center&#8221; css=&#8221;.vc_custom_1567606968802{padding-top: 7px !important;padding-right: 7px !important;padding-bottom: 7px !important;padding-left: 7px !important;}&#8221;][\/vc_column][vc_column width=&#8221;3\/4&#8243; css=&#8221;.vc_custom_1567428045973{margin-left: 0px !important;}&#8221;][vc_column_text css=&#8221;.vc_custom_1568718021285{margin-top: 30px !important;margin-bottom: 0px !important;}&#8221;]<span class=\"ante-titulo texto-azul\" style=\"color: #265d7c; font-size: 14px;\">El gas natural com a energia ofereix m\u00faltiples avantatges a l\u2019hora de cuinar. A m\u00e9s, en comparaci\u00f3 amb altres energies, el gas natural resulta tamb\u00e9 m\u00e9s econ\u00f2mic i \u00e9s una energia segura, neta i respectuosa amb el medi ambient.<\/span>[\/vc_column_text][vc_column_text]<span class=\"titulo texto-naranja\" style=\"color: #e26e09; font-size: 28px;\">Cuina<\/span>[\/vc_column_text][\/vc_column][\/vc_row][vc_row][vc_column css=&#8221;.vc_custom_1565250923930{margin-bottom: 0px !important;}&#8221;][vc_column_text css=&#8221;.vc_custom_1568718051595{padding-top: 9px !important;}&#8221;]<span style=\"color: #339966;\">\u221a<\/span> <span style=\"color: #004165; font-size: 13px;\">Utilitzar olles i paelles que tinguin un di\u00e0metre una mica superior a la superf\u00edcie de la placa fa que la cocci\u00f3 sigui m\u00e9s r\u00e0pida i que s\u2019estalvi\u00ef fins a un 20%.<\/span>[\/vc_column_text][vc_column_text]<span style=\"color: #339966;\">\u221a<\/span> <span style=\"color: #004165; font-size: 13px;\">Cuinar amb un recipient amb tapa ens ajudar\u00e0 a estalviar fins a un 25% d\u2019energia. I apagar el foc 5 o 10 minuts abans d\u2019acabar la cocci\u00f3 per aprofitar la calor\u00a0 \u00a0 \u00a0 \u00a0 \u00a0 \u00a0 \u00a0 \u00a0 residual.<\/span>[\/vc_column_text][vc_column_text css=&#8221;.vc_custom_1568718090218{padding-bottom: 9px !important;}&#8221;]<span style=\"color: #339966;\">\u221a<\/span> <span style=\"color: #004165; font-size: 13px;\">Quan cuines, \u00e9s millor utilitzar olles de pressi\u00f3 o r\u00e0pides, ja que redueixen fins a un 60% el consum energ\u00e8tic.<\/span>[\/vc_column_text][\/vc_column][\/vc_row]<\/p><\/div>","protected":false},"excerpt":{"rendered":"<p>[vc_row][vc_column width=&#8221;1\/4&#8243; css=&#8221;.vc_custom_1568711164456{padding-top: 0px !important;}&#8221;][vc_single_image image=&#8221;2479&#8243; link=&#8221;\/&#8221; img_size=&#8221;full&#8221; el_id=&#8221;logo&#8221; css=&#8221;.vc_custom_1568711154805{padding-right: 0px !important;padding-left: 0px !important;}&#8221;][\/vc_column][vc_column width=&#8221;3\/4&#8243; css=&#8221;.vc_custom_1568711185842{padding-top: 0px !important;}&#8221;][vc_wp_custommenu nav_menu=&#8221;20&#8243; el_class=&#8221;header-menu-glp&#8221;][\/vc_column][\/vc_row][vc_row][vc_column css=&#8221;.vc_custom_1567504206160{padding-top: 20px !important;padding-left: 0px !important;}&#8221;][vc_column_text][\/vc_column_text][\/vc_column][\/vc_row][vc_row][vc_column][vc_column_text el_class=&#8221;titulo&#8221; css=&#8221;.vc_custom_1568717516907{margin-bottom: 16.8px !important;}&#8221;]Estalvi i efici\u00e8ncia[\/vc_column_text][\/vc_column][\/vc_row][vc_row css=&#8221;.vc_custom_1567606879906{background-color: #f5f5f5 !important;}&#8221; el_class=&#8221;titulo-container consiste-box-responsive&#8221;][vc_column css=&#8221;.vc_custom_1567090532199{padding-top: 0px !important;padding-right: 0px !important;padding-bottom: 0px !important;padding-left: 0px !important;}&#8221;][vc_column_text css=&#8221;.vc_custom_1568717533331{padding-top: 9px !important;padding-right: 9px !important;padding-bottom: 9px !important;padding-left: 9px !important;}&#8221; el_class=&#8221;consiste-box-responsive&#8221;]Cuidar [&hellip;]<\/p>\n","protected":false},"author":10,"featured_media":0,"parent":2505,"menu_order":0,"comment_status":"closed","ping_status":"closed","template":"","meta":{"footnotes":""},"class_list":["post-2553","page","type-page","status-publish","hentry"],"_links":{"self":[{"href":"https:\/\/www.gnredesglp.es\/ca\/wp-json\/wp\/v2\/pages\/2553","targetHints":{"allow":["GET"]}}],"collection":[{"href":"https:\/\/www.gnredesglp.es\/ca\/wp-json\/wp\/v2\/pages"}],"about":[{"href":"https:\/\/www.gnredesglp.es\/ca\/wp-json\/wp\/v2\/types\/page"}],"author":[{"embeddable":true,"href":"https:\/\/www.gnredesglp.es\/ca\/wp-json\/wp\/v2\/users\/10"}],"replies":[{"embeddable":true,"href":"https:\/\/www.gnredesglp.es\/ca\/wp-json\/wp\/v2\/comments?post=2553"}],"version-history":[{"count":14,"href":"https:\/\/www.gnredesglp.es\/ca\/wp-json\/wp\/v2\/pages\/2553\/revisions"}],"predecessor-version":[{"id":2722,"href":"https:\/\/www.gnredesglp.es\/ca\/wp-json\/wp\/v2\/pages\/2553\/revisions\/2722"}],"up":[{"embeddable":true,"href":"https:\/\/www.gnredesglp.es\/ca\/wp-json\/wp\/v2\/pages\/2505"}],"wp:attachment":[{"href":"https:\/\/www.gnredesglp.es\/ca\/wp-json\/wp\/v2\/media?parent=2553"}],"curies":[{"name":"wp","href":"https:\/\/api.w.org\/{rel}","templated":true}]}}