{"id":2540,"date":"2019-08-27T09:59:43","date_gmt":"2019-08-27T07:59:43","guid":{"rendered":"https:\/\/www.gnredesglp.es\/index.php\/glp-inicio\/accesibilidad\/"},"modified":"2019-09-18T13:16:39","modified_gmt":"2019-09-18T11:16:39","slug":"accesibilidad","status":"publish","type":"page","link":"https:\/\/www.gnredesglp.es\/ca\/glp-inicio\/accesibilidad\/","title":{"rendered":"Accessibilitat"},"content":{"rendered":"<div class=\"wpb-content-wrapper\"><p>[vc_row][vc_column width=&#8221;1\/4&#8243; css=&#8221;.vc_custom_1568711055683{padding-top: 0px !important;}&#8221;][vc_single_image image=&#8221;2479&#8243; link=&#8221;\/&#8221; img_size=&#8221;full&#8221; el_id=&#8221;logo&#8221; css=&#8221;.vc_custom_1568711049264{padding-right: 0px !important;padding-left: 0px !important;}&#8221;][\/vc_column][vc_column width=&#8221;3\/4&#8243; css=&#8221;.vc_custom_1568711087659{padding-top: 0px !important;}&#8221;][vc_wp_custommenu nav_menu=&#8221;20&#8243; el_class=&#8221;header-menu-glp&#8221;][\/vc_column][\/vc_row][vc_row][vc_column css=&#8221;.vc_custom_1567504420940{padding-top: 20px !important;padding-left: 0px !important;}&#8221;][vc_column_text]<nav aria-label=\"breadcrumbs\">\n            <div class=\"breadcrumb-container theme1\">\n                <ol>\n                    <li><a title=\"Est\u00e1s en\" href=\"#\"><span>Est\u00e1s en<\/span><\/a><span class=\"separator\">\u00bb<\/span><\/li>\n                    <\/ol>\n            <\/div>\n        <\/nav>    <script type=\"application\/ld+json\">\n        {\n            \"@context\": \"http:\/\/schema.org\",\n            \"@type\": \"BreadcrumbList\",\n            \"itemListElement\": [\n                 {\n                            \"@type\": \"ListItem\",\n                            \"position\": 1,\n                            \"item\": {\n                                \"@id\": \"#\",\n                                \"name\": \"Est\u00e1s en\"\n                            }\n                        }\n                                                    ]\n        }\n    <\/script>\n   \n    <script>\n            <\/script>\n[\/vc_column_text][\/vc_column][\/vc_row][vc_row][vc_column][vc_column_text css=&#8221;.vc_custom_1568716003341{margin-bottom: 16.8px !important;padding-top: 20px !important;}&#8221;]<span style=\"color: #004165; font-size: 24px;\"><strong>Accessibilitat<\/strong><\/span>[\/vc_column_text][\/vc_column][\/vc_row][vc_row][vc_column el_class=&#8221;accesibilidad-texto&#8221;][vc_column_text css=&#8221;.vc_custom_1568716019419{padding-bottom: 9.8px !important;}&#8221;]<span style=\"color: #333333; font-size: 14px;\">Des de fa dos anys, la nostra companyia ha estat gestant un projecte de transformaci\u00f3 integral del seu web que ara veu la llum com el primer portal de Gas Natural Fenosa.<\/span>[\/vc_column_text][vc_column_text css=&#8221;.vc_custom_1568716035703{padding-bottom: 9.8px !important;}&#8221; el_class=&#8221;p-accesibilidad&#8221;]<span style=\"color: #333333; font-size: 14px;\">Un projecte de renovaci\u00f3 amb qu\u00e8 la nostra companyia ha posat com a prioritat l&#8217;acostament a l&#8217;usuari des de totes les perspectives. Per aconseguir-ho, s&#8217;han treballat les l\u00ednies seg\u00fcents<\/span>[\/vc_column_text][vc_column_text css=&#8221;.vc_custom_1568716470299{padding-bottom: 9.8px !important;}&#8221; el_class=&#8221;p-accesibilidad&#8221;]<span style=\"color: #333333; font-size: 14px;\">\u2022\u00a0 \u00a0 \u00a0 El proc\u00e9s de conceptualitzaci\u00f3 i disseny ha tingut en compte la metodologia anomenada disseny centrat en l&#8217;usuari, i ha estat validat amb usuaris finals a trav\u00e9s de proves d&#8217;assaig real.<\/span>[\/vc_column_text][vc_column_text css=&#8221;.vc_custom_1568716484865{margin-bottom: 0px !important;padding-bottom: 9.8px !important;}&#8221; el_class=&#8221;p-accesibilidad&#8221;]<span style=\"color: #333333; font-size: 14px;\">\u2022\u00a0 \u00a0 \u00a0S&#8217;ha procurat l&#8217;acc\u00e9s de totes les persones, independentment de les seves condicions tant d&#8217;entorn (soroll, navegadors antics, connexions lentes\u00bf), com f\u00edsiques (defici\u00e8ncies visuals, auditives, motrius, de llenguatge o relacionades amb l&#8217;envelliment)..<\/span>[\/vc_column_text][vc_column_text css=&#8221;.vc_custom_1568716498757{margin-bottom: 0px !important;padding-bottom: 9.8px !important;}&#8221; el_class=&#8221;p-accesibilidad&#8221;]<span style=\"color: #333333; font-size: 14px;\">\u2022\u00a0 \u00a0 \u00a0 Tecnol\u00f2gicament, s&#8217;ha desenvolupat garantint el compliment de les normes UNEIX i del W3C (World Wide Web Consortium), en el seu nivell intermedi (AA).<\/span>[\/vc_column_text][vc_column_text css=&#8221;.vc_custom_1568716423018{margin-bottom: 0px !important;padding-bottom: 9.8px !important;}&#8221; el_class=&#8221;p-accesibilidad&#8221;]<span style=\"color: #333333; font-size: 14px;\">\u2022\u00a0 \u00a0 \u00a0 La capa de presentaci\u00f3 s&#8217;ha basat en les recomanacions del W3C sobre els full d&#8217;estil en cascada, Nivell 2 (CSS2), i s&#8217;ha emprat l&#8217;est\u00e0ndard recomanat en l&#8217;\u00fas de codi HTML pel qu\u00e8, seguint les recomanacions, s&#8217;utilitza XHTML 1.0 Strict.<\/span>[\/vc_column_text][vc_column_text css=&#8221;.vc_custom_1568716173662{margin-bottom: 0px !important;padding-bottom: 9.8px !important;}&#8221; el_class=&#8221;p-accesibilidad&#8221;]<\/p><p style=\"padding-left: 80px;\"><span style=\"color: #333333; font-size: 14px;\">Amb tot aix\u00f2, s&#8217;han aconseguit alguns avantatges, com ara:<\/span><\/p><p>[\/vc_column_text][vc_column_text css=&#8221;.vc_custom_1568716434360{padding-bottom: 9.8px !important;}&#8221; el_class=&#8221;p-accesibilidad&#8221;]<span style=\"color: #333333; font-size: 14px;\">\u2022\u00a0 \u00a0 \u00a0 Codi HTML i fulls d&#8217;estil ajustats per garantir la correcta visualitzaci\u00f3 i que fan que el nostre web s&#8217;adapti als diferents dispositius per aconseguir un acc\u00e9s a la informaci\u00f3 gaireb\u00e9 universal.<\/span>[\/vc_column_text][vc_column_text css=&#8221;.vc_custom_1568716201810{padding-bottom: 9.8px !important;}&#8221; el_class=&#8221;p-accesibilidad&#8221;]<span style=\"color: #333333; font-size: 14px;\">\u2022\u00a0 \u00a0 \u00a0 A m\u00e9s, les mides de les fonts han estat definides amb unitats relatives perqu\u00e8 es puguin ampliar o disminuir des del navegador.<\/span>[\/vc_column_text][vc_column_text css=&#8221;.vc_custom_1568716221638{padding-bottom: 9.8px !important;}&#8221; el_class=&#8221;p-accesibilidad&#8221;]<span style=\"color: #333333; font-size: 14px;\">\u2022\u00a0 \u00a0 \u00a0 Navegaci\u00f3 amb o sense fulls d&#8217;estil activats. Aix\u00ed mateix, navegaci\u00f3 amb o sense JS activat.<\/span>[\/vc_column_text][vc_column_text css=&#8221;.vc_custom_1568716237242{padding-bottom: 9.8px !important;}&#8221; el_class=&#8221;p-accesibilidad&#8221;]<span style=\"color: #333333; font-size: 14px;\">Amb tota aquesta tasca, s&#8217;ha aconseguit que el nostre sistema estigui preparat per oferir el nostre contingut als usuaris de manera universal.<\/span>[\/vc_column_text][vc_column_text css=&#8221;.vc_custom_1568716251986{padding-bottom: 0px !important;}&#8221; el_class=&#8221;p-accesibilidad&#8221;]<span style=\"color: #333333; font-size: 14px;\">Respecte a les funcionalitats ofertes, cal diferenciar tres casu\u00edstiques:<\/span>[\/vc_column_text][vc_column_text css=&#8221;.vc_custom_1568716266488{padding-bottom: 9.8px !important;}&#8221; el_class=&#8221;p-accesibilidad&#8221;]<span style=\"color: #333333; font-size: 14px;\">\u2022\u00a0 \u00a0 \u00a0 Les funcionalitats sense integraci\u00f3 amb altres sistemes, que han estat desenvolupades en aquest projecte seguint les pautes indicades en les normes d&#8217;accessibilitat.<\/span>[\/vc_column_text][vc_column_text css=&#8221;.vc_custom_1568716281256{padding-bottom: 9.8px !important;}&#8221; el_class=&#8221;p-accesibilidad&#8221;]<span style=\"color: #333333; font-size: 14px;\">\u2022\u00a0 \u00a0 \u00a0 Les funcionalitats integrades amb altres sistemes: la complexitat t\u00e8cnica d&#8217;integraci\u00f3 amb aquests serveis n&#8217;ha impossibilitat el desenvolupament. En aquest sentit, Gas Natural Fenosa es compromet a seguir treballant per aconseguir que totes les seves aplicacions siguin totalment accessibles.<\/span>[\/vc_column_text][vc_column_text css=&#8221;.vc_custom_1568716295041{padding-bottom: 9.8px !important;}&#8221; el_class=&#8221;p-accesibilidad&#8221;]<span style=\"color: #333333; font-size: 14px;\">\u2022\u00a0 \u00a0 \u00a0Les funcionalitats de tercers: el nostre comprom\u00eds amb l&#8217;accessibilitat es fa extensible a totes les empreses col\u00b7laboradores amb qu\u00e8 treballem. Per tant, se&#8217;ls ha sol\u00b7licitat a totes el seu comprom\u00eds en la gesti\u00f3 per garantir l&#8217;accessibilitat de les seves aplicacions..<\/span>[\/vc_column_text][\/vc_column][\/vc_row]<\/p><\/div>","protected":false},"excerpt":{"rendered":"<p>[vc_row][vc_column width=&#8221;1\/4&#8243; css=&#8221;.vc_custom_1568711055683{padding-top: 0px !important;}&#8221;][vc_single_image image=&#8221;2479&#8243; link=&#8221;\/&#8221; img_size=&#8221;full&#8221; el_id=&#8221;logo&#8221; css=&#8221;.vc_custom_1568711049264{padding-right: 0px !important;padding-left: 0px !important;}&#8221;][\/vc_column][vc_column width=&#8221;3\/4&#8243; css=&#8221;.vc_custom_1568711087659{padding-top: 0px !important;}&#8221;][vc_wp_custommenu nav_menu=&#8221;20&#8243; el_class=&#8221;header-menu-glp&#8221;][\/vc_column][\/vc_row][vc_row][vc_column css=&#8221;.vc_custom_1567504420940{padding-top: 20px !important;padding-left: 0px !important;}&#8221;][vc_column_text][\/vc_column_text][\/vc_column][\/vc_row][vc_row][vc_column][vc_column_text css=&#8221;.vc_custom_1568716003341{margin-bottom: 16.8px !important;padding-top: 20px !important;}&#8221;]Accessibilitat[\/vc_column_text][\/vc_column][\/vc_row][vc_row][vc_column el_class=&#8221;accesibilidad-texto&#8221;][vc_column_text css=&#8221;.vc_custom_1568716019419{padding-bottom: 9.8px !important;}&#8221;]Des de fa dos anys, la nostra companyia ha estat gestant un projecte de transformaci\u00f3 integral del seu web que ara veu [&hellip;]<\/p>\n","protected":false},"author":10,"featured_media":0,"parent":2505,"menu_order":0,"comment_status":"closed","ping_status":"closed","template":"","meta":{"footnotes":""},"class_list":["post-2540","page","type-page","status-publish","hentry"],"_links":{"self":[{"href":"https:\/\/www.gnredesglp.es\/ca\/wp-json\/wp\/v2\/pages\/2540","targetHints":{"allow":["GET"]}}],"collection":[{"href":"https:\/\/www.gnredesglp.es\/ca\/wp-json\/wp\/v2\/pages"}],"about":[{"href":"https:\/\/www.gnredesglp.es\/ca\/wp-json\/wp\/v2\/types\/page"}],"author":[{"embeddable":true,"href":"https:\/\/www.gnredesglp.es\/ca\/wp-json\/wp\/v2\/users\/10"}],"replies":[{"embeddable":true,"href":"https:\/\/www.gnredesglp.es\/ca\/wp-json\/wp\/v2\/comments?post=2540"}],"version-history":[{"count":5,"href":"https:\/\/www.gnredesglp.es\/ca\/wp-json\/wp\/v2\/pages\/2540\/revisions"}],"predecessor-version":[{"id":2705,"href":"https:\/\/www.gnredesglp.es\/ca\/wp-json\/wp\/v2\/pages\/2540\/revisions\/2705"}],"up":[{"embeddable":true,"href":"https:\/\/www.gnredesglp.es\/ca\/wp-json\/wp\/v2\/pages\/2505"}],"wp:attachment":[{"href":"https:\/\/www.gnredesglp.es\/ca\/wp-json\/wp\/v2\/media?parent=2540"}],"curies":[{"name":"wp","href":"https:\/\/api.w.org\/{rel}","templated":true}]}}