{"id":2505,"date":"2019-08-01T15:42:28","date_gmt":"2019-08-01T13:42:28","guid":{"rendered":"https:\/\/www.gnredesglp.es\/index.php\/glp-inicio\/"},"modified":"2025-09-22T20:05:48","modified_gmt":"2025-09-22T18:05:48","slug":"glp-inicio","status":"publish","type":"page","link":"https:\/\/www.gnredesglp.es\/ca\/","title":{"rendered":"glp-inici"},"content":{"rendered":"<div class=\"wpb-content-wrapper\"><p>[vc_row][vc_column width=&#8221;1\/4&#8243; css=&#8221;.vc_custom_1568620507768{padding-top: 0px !important;}&#8221;][vc_single_image image=&#8221;2479&#8243; img_size=&#8221;full&#8221; onclick=&#8221;custom_link&#8221; link=&#8221;\/&#8221; css=&#8221;.vc_custom_1568634738670{padding-right: 0px !important;padding-left: 0px !important;}&#8221; el_id=&#8221;logo&#8221;][\/vc_column][vc_column width=&#8221;3\/4&#8243; css=&#8221;.vc_custom_1568620502661{padding-top: 0px !important;}&#8221;][vc_wp_custommenu nav_menu=&#8221;20&#8243; el_class=&#8221;header-menu-glp&#8221; el_id=&#8221;menu-icon&#8221;][\/vc_column][\/vc_row][vc_row][vc_column][vc_empty_space height=&#8221;20px&#8221;][\/vc_column][\/vc_row][vc_row disable_element=&#8221;yes&#8221;][vc_column css=&#8221;.vc_custom_1679582992663{padding-top: 0px !important;}&#8221;][vc_row_inner css=&#8221;.vc_custom_1679518203335{margin-top: 20px !important;margin-right: 0px !important;margin-left: 0px !important;background-color: #ebf0f3 !important;}&#8221;][vc_column_inner width=&#8221;1\/2&#8243; css=&#8221;.vc_custom_1679582671750{padding-top: 35px !important;padding-right: 40px !important;padding-bottom: 35px !important;padding-left: 40px !important;}&#8221;][vc_custom_heading text=&#8221;<strong>Canvia\u2019t a la factura online<\/strong>&#8221; font_container=&#8221;tag:h1|font_size:40px|text_align:left|color:%23004065|line_height:48px&#8221; use_theme_fonts=&#8221;yes&#8221; css=&#8221;.vc_custom_1714408811795{margin-top: 0px !important;margin-bottom: 17px !important;}&#8221;][vc_custom_heading text=&#8221;<strong>Encara reps la factura en paper?<\/strong>&#8221; font_container=&#8221;tag:h2|font_size:24px|text_align:left|color:%23004065&#8243; use_theme_fonts=&#8221;yes&#8221;][vc_column_text css=&#8221;.vc_custom_1736341093372{margin-top: 18px !important;}&#8221;]Rep l&#8217;av\u00eds quan s&#8217;emeti la nova factura per consultar-la a la teva \u00e0rea privada[\/vc_column_text][vc_btn title=&#8221;Activa el servei de factura en l\u00ednia&#8221; align=&#8221;left&#8221; css=&#8221;.vc_custom_1739953747670{margin-top: 25px !important;margin-bottom: 0px !important;}&#8221; el_class=&#8221;factura_electronica&#8221; link=&#8221;url:https%3A%2F%2Finfo.gnredesglp.es%2Fmisdatos%2F%23%2Fauth-flow|target:_blank&#8221;][\/vc_column_inner][vc_column_inner width=&#8221;1\/2&#8243; css=&#8221;.vc_custom_1706810783036{padding-top: 30px !important;padding-right: 30px !important;padding-bottom: 30px !important;padding-left: 30px !important;}&#8221;][vc_single_image image=&#8221;4147&#8243; img_size=&#8221;full&#8221;][\/vc_column_inner][\/vc_row_inner][\/vc_column][\/vc_row][vc_row][vc_column css=&#8221;.vc_custom_1679582992663{padding-top: 0px !important;}&#8221;][vc_row_inner css=&#8221;.vc_custom_1679518203335{margin-top: 20px !important;margin-right: 0px !important;margin-left: 0px !important;background-color: #ebf0f3 !important;}&#8221;][vc_column_inner width=&#8221;1\/2&#8243; css=&#8221;.vc_custom_1679582671750{padding-top: 35px !important;padding-right: 40px !important;padding-bottom: 35px !important;padding-left: 40px !important;}&#8221;][vc_custom_heading text=&#8221;<strong>Canvia\u2019t a la factura online<\/strong>&#8221; font_container=&#8221;tag:h1|font_size:40px|text_align:left|color:%23004065|line_height:48px&#8221; use_theme_fonts=&#8221;yes&#8221; css=&#8221;.vc_custom_1714408811795{margin-top: 0px !important;margin-bottom: 17px !important;}&#8221;][vc_custom_heading text=&#8221;<strong>Encara reps la factura en paper?<\/strong>&#8221; font_container=&#8221;tag:h2|font_size:24px|text_align:left|color:%23004065&#8243; use_theme_fonts=&#8221;yes&#8221;][vc_column_text css=&#8221;.vc_custom_1736341093372{margin-top: 18px !important;}&#8221;]Rep l&#8217;av\u00eds quan s&#8217;emeti la nova factura per consultar-la a la teva \u00e0rea privada[\/vc_column_text][\/vc_column_inner][vc_column_inner width=&#8221;1\/2&#8243; css=&#8221;.vc_custom_1706810783036{padding-top: 30px !important;padding-right: 30px !important;padding-bottom: 30px !important;padding-left: 30px !important;}&#8221;][vc_single_image image=&#8221;4147&#8243; img_size=&#8221;full&#8221;][\/vc_column_inner][\/vc_row_inner][\/vc_column][\/vc_row][vc_row disable_element=&#8221;yes&#8221; css=&#8221;.vc_custom_1706714040220{border-radius: 4px !important;}&#8221;][vc_column width=&#8221;2\/3&#8243;][vc_column_text]<span style=\"color: #004165; font-size: 28px;\">Avisos per a clients de GLP<\/span><\/p><p>A causa d\u2019una incid\u00e8ncia ja resolta, \u00e9s possible que si habitualment rebies la factura els primers dies del mes, aquesta vegada pot ser que es demori uns quants dies.<\/p><p>Sentim les mol\u00e8sties.[\/vc_column_text][\/vc_column][vc_column width=&#8221;1\/3&#8243;][vc_single_image image=&#8221;3738&#8243; img_size=&#8221;full&#8221; alignment=&#8221;center&#8221; style=&#8221;vc_box_shadow_circle_2&#8243;][\/vc_column][\/vc_row][vc_row disable_element=&#8221;yes&#8221; css=&#8221;.vc_custom_1682493069518{border-radius: 4px !important;}&#8221;][vc_column width=&#8221;2\/3&#8243;][vc_empty_space height=&#8221;22px&#8221;][vc_column_text]Us informem que, des de l\u20191 de setembre, el servei de <strong>PropanHogar <\/strong>ha passat a ser prestat per l\u2019empresa <strong>Homeserve<\/strong>.<\/p><p>El nou tel\u00e8fon de contacte \u00e9s el <strong>911 774 635<\/strong>.[\/vc_column_text][\/vc_column][vc_column width=&#8221;1\/3&#8243;][vc_single_image image=&#8221;3738&#8243; img_size=&#8221;full&#8221; alignment=&#8221;center&#8221; style=&#8221;vc_box_shadow_circle_2&#8243;][\/vc_column][\/vc_row][vc_row css=&#8221;.vc_custom_1706811560303{margin-top: 50px !important;}&#8221;][vc_column css=&#8221;.vc_custom_1567518514663{padding-top: 15px !important;}&#8221; el_class=&#8221;img-separador-responsive-inicio&#8221;][vc_single_image image=&#8221;1850&#8243; img_size=&#8221;999&#215;12&#8243; alignment=&#8221;center&#8221;][\/vc_column][\/vc_row][vc_row][vc_column][vc_empty_space height=&#8221;20px&#8221;][\/vc_column][\/vc_row][vc_row][vc_column width=&#8221;1\/2&#8243; css=&#8221;.vc_custom_1567519615751{margin-top: 20px !important;margin-right: 0px !important;margin-left: 0px !important;}&#8221;][vc_column_text el_class=&#8221;text-responsive-inicio&#8221;]<\/p><p class=\"ante-titulo texto-azul-oscuro\" style=\"color: #004165; font-size: 14px;\"><strong>Ara, des de l&#8217;\u00e0rea privada, ja pots pagar les teves factures amb targeta.<\/strong><\/p><p>[\/vc_column_text][vc_column_text el_class=&#8221;text-responsive-inicio-subtitulo&#8221;]<span style=\"color: #004165; font-size: 28px;\">Registra&#8217;t i paga les teves factures a trav\u00e9s del nostre nou servei de pagament en l\u00ednia<\/span>[\/vc_column_text][vc_btn title=&#8221;Accedeix a la nostra \u00e0rea privada&#8221; link=&#8221;url:https%3A%2F%2Fareaprivada.redesglp.gasnatural.com%2F%23!%2Flogin|title:Accedeix%20a%20la%20nostra%20%C3%A0rea%20privada|target:_blank&#8221; el_class=&#8221;btn-size btn-responsive-inicio-2&#8243; css=&#8221;.vc_custom_1739954340472{margin-top: 40px !important;padding-top: 0px !important;padding-bottom: 0px !important;}&#8221;][\/vc_column][vc_column width=&#8221;1\/2&#8243; css=&#8221;.vc_custom_1567669365197{margin-top: 20px !important;margin-left: -15px !important;padding-top: 0px !important;padding-bottom: 7px !important;padding-left: 0px !important;}&#8221; el_class=&#8221;img-responsive-inicio&#8221;][vc_single_image image=&#8221;4415&#8243; img_size=&#8221;full&#8221; alignment=&#8221;right&#8221; onclick=&#8221;custom_link&#8221; img_link_target=&#8221;_blank&#8221; link=&#8221;https:\/\/areaprivada.redesglp.gasnatural.com\/#!\/login&#8221;][\/vc_column][\/vc_row][vc_row disable_element=&#8221;yes&#8221;][vc_column width=&#8221;1\/2&#8243; css=&#8221;.vc_custom_1567519615751{margin-top: 20px !important;margin-right: 0px !important;margin-left: 0px !important;}&#8221;][vc_column_text el_class=&#8221;text-responsive-inicio&#8221;]<\/p><p class=\"ante-titulo texto-azul-oscuro\" style=\"color: #004165; font-size: 14px;\"><strong>La factura online i les notificacions, d\u2019una forma<br \/>segura, r\u00e0pida i sostenible<\/strong><\/p><p>[\/vc_column_text][vc_column_text el_class=&#8221;text-responsive-inicio-subtitulo&#8221;]<span style=\"color: #004165; font-size: 28px;\">Factura online<\/span>[\/vc_column_text][vc_btn title=&#8221;Actualitza les teves dades i sol\u00b7licita la factura online&#8221; link=&#8221;url:https%3A%2F%2Finfo.gnredesglp.es%2Fmisdatos%2F%23%2Fauth-flow|title:Actualitza%20les%20teves%20dades%20i%20sol%C2%B7licita%20la%20factura%20electr%C3%B2nica|target:_blank|&#8221; el_class=&#8221;btn-size&#8221; css=&#8221;.vc_custom_1714408890479{margin-top: 100px !important;padding-top: 0px !important;padding-bottom: 0px !important;padding-left: 20px !important;}&#8221;][\/vc_column][vc_column width=&#8221;1\/2&#8243; css=&#8221;.vc_custom_1567669365197{margin-top: 20px !important;margin-left: -15px !important;padding-top: 0px !important;padding-bottom: 7px !important;padding-left: 0px !important;}&#8221; el_class=&#8221;img-responsive-inicio&#8221;][vc_single_image image=&#8221;4200&#8243; img_size=&#8221;full&#8221; onclick=&#8221;custom_link&#8221; img_link_target=&#8221;_blank&#8221; link=&#8221;https:\/\/info.gnredesglp.es\/misdatos\/#\/auth-flow&#8221;][\/vc_column][\/vc_row][vc_row css=&#8221;.vc_custom_1711007449651{margin-top: 30px !important;}&#8221;][vc_column css=&#8221;.vc_custom_1567518514663{padding-top: 15px !important;}&#8221; el_class=&#8221;img-separador-responsive-inicio&#8221;][vc_single_image image=&#8221;1850&#8243; img_size=&#8221;999&#215;12&#8243; alignment=&#8221;center&#8221;][\/vc_column][\/vc_row][vc_row][vc_column][vc_empty_space height=&#8221;20px&#8221;][\/vc_column][\/vc_row][vc_row][vc_column width=&#8221;1\/2&#8243; css=&#8221;.vc_custom_1567519615751{margin-top: 20px !important;margin-right: 0px !important;margin-left: 0px !important;}&#8221;][vc_column_text el_class=&#8221;text-responsive-inicio&#8221;]<\/p><p class=\"ante-titulo texto-azul-oscuro\" style=\"color: #004165; font-size: 14px;\"><strong>Descobreix el plaer d\u2019estar en la millor companyia.<\/strong><\/p><p>[\/vc_column_text][vc_column_text el_class=&#8221;text-responsive-inicio-subtitulo&#8221;]<\/p><p><span style=\"color: #004165; font-size: 28px;\">Clients<\/span><\/p><p>[\/vc_column_text][vc_btn title=&#8221;Serveis per a clients&#8221; link=&#8221;url:https%3A%2F%2Fwww.gnredesglp.es%2Fca%2Fglp-inicio%2Fclientes%2F|title:clients|&#8221; el_class=&#8221;btn-size btn-responsive-inicio-2&#8243; css=&#8221;.vc_custom_1583172887043{margin-top: 100px !important;padding-top: 0px !important;padding-bottom: 0px !important;}&#8221;][\/vc_column][vc_column width=&#8221;1\/2&#8243; css=&#8221;.vc_custom_1567669365197{margin-top: 20px !important;margin-left: -15px !important;padding-top: 0px !important;padding-bottom: 7px !important;padding-left: 0px !important;}&#8221; el_class=&#8221;img-responsive-inicio&#8221;][vc_single_image image=&#8221;1816&#8243; img_size=&#8221;full&#8221; alignment=&#8221;right&#8221; onclick=&#8221;custom_link&#8221; link=&#8221;https:\/\/www.gnredesglp.es\/ca\/glp-inicio\/clientes\/&#8221;][\/vc_column][\/vc_row][vc_row css=&#8221;.vc_custom_1711007481339{margin-top: 30px !important;}&#8221;][vc_column css=&#8221;.vc_custom_1567518514663{padding-top: 15px !important;}&#8221; el_class=&#8221;img-separador-responsive-inicio&#8221;][vc_single_image image=&#8221;1850&#8243; img_size=&#8221;999&#215;12&#8243; alignment=&#8221;center&#8221;][\/vc_column][\/vc_row][vc_row][vc_column][vc_empty_space height=&#8221;20px&#8221;][\/vc_column][\/vc_row][vc_row][vc_column width=&#8221;1\/2&#8243; css=&#8221;.vc_custom_1567667736743{margin-top: 20px !important;margin-right: 0px !important;margin-left: 0px !important;}&#8221; el_class=&#8221;text-responsive-inicio&#8221;][vc_column_text]<span style=\"color: #004165; font-size: 14px;\"><strong>Instal\u00b7la una energia c\u00f2moda i senzilla, i nosaltres et donem el suport necessari perqu\u00e8 tot el proc\u00e9s d\u2019alta del gas sigui f\u00e0cil.<\/strong><\/span>[\/vc_column_text][vc_column_text el_class=&#8221;start-blue-title&#8221;]<span style=\"color: #004165; font-size: 28px;\">Col\u00b7laboradors<\/span>[\/vc_column_text][vc_btn title=&#8221;Serveis per a col\u00b7laboradors&#8221; link=&#8221;url:https%3A%2F%2Fwww.gnredesglp.es%2Fca%2Fglp-inicio%2Fglp-colaboradores%2F|title:glp-col%C2%B7laboradors|&#8221; el_class=&#8221;btn-size btn-responsive-inicio&#8221; css=&#8221;.vc_custom_1582801708952{margin-top: 100px !important;}&#8221;][\/vc_column][vc_column width=&#8221;1\/2&#8243; css=&#8221;.vc_custom_1567667747245{margin-top: 20px !important;margin-left: -15px !important;padding-top: 0px !important;padding-bottom: 7px !important;padding-left: 0px !important;}&#8221;][vc_single_image image=&#8221;1829&#8243; img_size=&#8221;full&#8221; alignment=&#8221;right&#8221; onclick=&#8221;custom_link&#8221; el_class=&#8221;img-responsive-inicio&#8221; link=&#8221;https:\/\/www.gnredesglp.es\/ca\/glp-inicio\/glp-colaboradores\/&#8221;][\/vc_column][\/vc_row][vc_row css=&#8221;.vc_custom_1711007481339{margin-top: 30px !important;}&#8221;][vc_column css=&#8221;.vc_custom_1567518514663{padding-top: 15px !important;}&#8221; el_class=&#8221;img-separador-responsive-inicio&#8221;][vc_single_image image=&#8221;1850&#8243; img_size=&#8221;999&#215;12&#8243; alignment=&#8221;center&#8221;][\/vc_column][\/vc_row][vc_row][vc_column][vc_empty_space height=&#8221;20px&#8221;][\/vc_column][\/vc_row][vc_row][vc_column width=&#8221;1\/2&#8243; css=&#8221;.vc_custom_1567667736743{margin-top: 20px !important;margin-right: 0px !important;margin-left: 0px !important;}&#8221; el_class=&#8221;text-responsive-inicio&#8221;][vc_column_text]<span style=\"color: #004165; font-size: 14px;\"><strong>El bosc Redes GLP \u00e9s una iniciativa portada a terme gr\u00e0cies als clients de Gas Natural Redes GLP que aposten per la factura en l\u00ednia.<\/strong><\/span>[\/vc_column_text][vc_column_text el_class=&#8221;start-blue-title&#8221;]<span style=\"color: #004165; font-size: 28px;\">Bosc Redes GLP<\/span>[\/vc_column_text][vc_btn title=&#8221;Coneix els detalls de la iniciativa&#8221; link=&#8221;url:https%3A%2F%2Fwww.gnredesglp.es%2Fca%2Ffactura-electronica%2Fbosc-redes-glp%2F&#8221; el_class=&#8221;btn-size btn-responsive-inicio&#8221; css=&#8221;.vc_custom_1739280328661{margin-top: 90px !important;}&#8221;][\/vc_column][vc_column width=&#8221;1\/2&#8243; css=&#8221;.vc_custom_1567667747245{margin-top: 20px !important;margin-left: -15px !important;padding-top: 0px !important;padding-bottom: 7px !important;padding-left: 0px !important;}&#8221;][vc_single_image image=&#8221;4343&#8243; img_size=&#8221;full&#8221; alignment=&#8221;right&#8221; onclick=&#8221;custom_link&#8221; el_class=&#8221;img-responsive-inicio&#8221; link=&#8221;https:\/\/www.gnredesglp.es\/ca\/factura-electronica\/bosc-redes-glp\/&#8221;][\/vc_column][\/vc_row][vc_row css=&#8221;.vc_custom_1711007495776{margin-top: 30px !important;}&#8221;][vc_column css=&#8221;.vc_custom_1567518519012{padding-top: 15px !important;}&#8221; el_class=&#8221;img-separador-responsive-inicio&#8221;][vc_single_image image=&#8221;1850&#8243; img_size=&#8221;999&#215;12&#8243; alignment=&#8221;center&#8221;][\/vc_column][\/vc_row][vc_row][vc_column][vc_empty_space][\/vc_column][\/vc_row][vc_row][vc_column][vc_row_inner][vc_column_inner width=&#8221;1\/2&#8243;][vc_single_image image=&#8221;1842&#8243; img_size=&#8221;225&#215;160&#8243; alignment=&#8221;center&#8221; onclick=&#8221;custom_link&#8221; el_class=&#8221;img-arbol-responsive-inicio&#8221; link=&#8221;https:\/\/www.gnredesglp.es\/ca\/glp-inicio\/ahorro-y-eficiencia\/&#8221;][vc_column_text css=&#8221;.vc_custom_1567522160071{margin-bottom: 20px !important;}&#8221; el_class=&#8221;texto-responsive-inicio-2&#8243;]<\/p><p style=\"text-align: left;\"><span style=\"color: #004165; font-size: 14px;\">Uneix-te al nostre comprom\u00eds de respecte pel <strong>medi ambient<\/strong><\/span><\/p><p>[\/vc_column_text][vc_btn title=&#8221;Estalvi i efici\u00e8ncia&#8221; align=&#8221;center&#8221; link=&#8221;url:https%3A%2F%2Fwww.gnredesglp.es%2Fca%2Fglp-inicio%2Fahorro-y-eficiencia%2F|title:Estalvi%20i%20efici%C3%A8ncia|&#8221; el_class=&#8221;btn-size btn-responsive-inicio-3&#8243;][\/vc_column_inner][vc_column_inner width=&#8221;1\/2&#8243;][vc_single_image image=&#8221;1846&#8243; img_size=&#8221;225&#215;160&#8243; alignment=&#8221;center&#8221; onclick=&#8221;custom_link&#8221; el_class=&#8221;img-arbol-responsive-inicio&#8221; link=&#8221;\/glp-inici\/consells-d-\u00fas\/&#8221;][vc_column_text css=&#8221;.vc_custom_1567522172691{margin-bottom: 20px !important;}&#8221; el_class=&#8221;texto-responsive-inicio-2&#8243;]<\/p><p style=\"text-align: left;\"><span style=\"color: #004165; font-size: 14px;\">El nostre objectiu \u00e9s que la teva <strong>instal\u00b7laci\u00f3 <\/strong>estigui sempre <strong>en bon estat<\/strong><\/span><\/p><p>[\/vc_column_text][vc_btn title=&#8221;Consells d&#8217;\u00fas&#8221; align=&#8221;center&#8221; link=&#8221;url:%2Fca%2Fglp-inicio%2Fseguridad%2Fconsejos-de-uso%2F|title:consells%20d&#8217;%C3%BAs&#8221; el_class=&#8221;btn-size btn-responsive-inicio-3&#8243;][\/vc_column_inner][\/vc_row_inner][\/vc_column][\/vc_row]<\/p><\/div>","protected":false},"excerpt":{"rendered":"<p>[vc_row][vc_column width=&#8221;1\/4&#8243; css=&#8221;.vc_custom_1568620507768{padding-top: 0px !important;}&#8221;][vc_single_image image=&#8221;2479&#8243; img_size=&#8221;full&#8221; onclick=&#8221;custom_link&#8221; link=&#8221;\/&#8221; css=&#8221;.vc_custom_1568634738670{padding-right: 0px !important;padding-left: 0px !important;}&#8221; el_id=&#8221;logo&#8221;][\/vc_column][vc_column width=&#8221;3\/4&#8243; css=&#8221;.vc_custom_1568620502661{padding-top: 0px !important;}&#8221;][vc_wp_custommenu nav_menu=&#8221;20&#8243; el_class=&#8221;header-menu-glp&#8221; el_id=&#8221;menu-icon&#8221;][\/vc_column][\/vc_row][vc_row][vc_column][vc_empty_space height=&#8221;20px&#8221;][\/vc_column][\/vc_row][vc_row disable_element=&#8221;yes&#8221;][vc_column css=&#8221;.vc_custom_1679582992663{padding-top: 0px !important;}&#8221;][vc_row_inner css=&#8221;.vc_custom_1679518203335{margin-top: 20px !important;margin-right: 0px !important;margin-left: 0px !important;background-color: #ebf0f3 !important;}&#8221;][vc_column_inner width=&#8221;1\/2&#8243; css=&#8221;.vc_custom_1679582671750{padding-top: 35px !important;padding-right: 40px !important;padding-bottom: 35px !important;padding-left: 40px !important;}&#8221;][vc_custom_heading text=&#8221;Canvia\u2019t a la factura online&#8221; font_container=&#8221;tag:h1|font_size:40px|text_align:left|color:%23004065|line_height:48px&#8221; use_theme_fonts=&#8221;yes&#8221; css=&#8221;.vc_custom_1714408811795{margin-top: 0px [&hellip;]<\/p>\n","protected":false},"author":10,"featured_media":0,"parent":0,"menu_order":0,"comment_status":"closed","ping_status":"closed","template":"","meta":{"footnotes":""},"class_list":["post-2505","page","type-page","status-publish","hentry"],"_links":{"self":[{"href":"https:\/\/www.gnredesglp.es\/ca\/wp-json\/wp\/v2\/pages\/2505","targetHints":{"allow":["GET"]}}],"collection":[{"href":"https:\/\/www.gnredesglp.es\/ca\/wp-json\/wp\/v2\/pages"}],"about":[{"href":"https:\/\/www.gnredesglp.es\/ca\/wp-json\/wp\/v2\/types\/page"}],"author":[{"embeddable":true,"href":"https:\/\/www.gnredesglp.es\/ca\/wp-json\/wp\/v2\/users\/10"}],"replies":[{"embeddable":true,"href":"https:\/\/www.gnredesglp.es\/ca\/wp-json\/wp\/v2\/comments?post=2505"}],"version-history":[{"count":23,"href":"https:\/\/www.gnredesglp.es\/ca\/wp-json\/wp\/v2\/pages\/2505\/revisions"}],"predecessor-version":[{"id":4664,"href":"https:\/\/www.gnredesglp.es\/ca\/wp-json\/wp\/v2\/pages\/2505\/revisions\/4664"}],"wp:attachment":[{"href":"https:\/\/www.gnredesglp.es\/ca\/wp-json\/wp\/v2\/media?parent=2505"}],"curies":[{"name":"wp","href":"https:\/\/api.w.org\/{rel}","templated":true}]}}